{"id":16358,"date":"2025-07-15T16:14:08","date_gmt":"2025-07-15T14:14:08","guid":{"rendered":"https:\/\/uj.adatbank.ro\/lexikon\/termek\/nagy-lajos-17\/"},"modified":"2025-07-15T16:14:08","modified_gmt":"2025-07-15T14:14:08","slug":"nagy-lajos-17","status":"publish","type":"product","link":"https:\/\/uj.adatbank.ro\/lexikon\/termek\/nagy-lajos-17\/","title":{"rendered":"NAGY Lajos"},"content":{"rendered":"<p>1936., \u2020 Mv., 1993. aug. 4.: m\u0171szaki szakember. \u2013 A Mv.-i R\u00e1di\u00f3 munkat\u00e1rsa. <br \/><strong>Irod.:<\/strong> [Nekrol\u00f3g](N\u00fa., 1993. aug. 6.)<\/br><\/p>\n","protected":false},"excerpt":{"rendered":"<p>1936., \u2020 Mv., 1993. aug. 4.: m\u0171szaki szakember. \u2013 A Mv.-i R\u00e1di\u00f3 munkat\u00e1rsa. Irod.: [Nekrol\u00f3g](N\u00fa., 1993. aug. 6.)<\/p>\n","protected":false},"featured_media":0,"comment_status":"open","ping_status":"closed","template":"","meta":[],"product_brand":[],"product_cat":[137],"product_tag":[],"class_list":{"0":"post-16358","1":"product","2":"type-product","3":"status-publish","5":"product_cat-maros-megyei-eletrajzi-lexikon","7":"first","8":"instock","9":"shipping-taxable","10":"product-type-simple"},"_links":{"self":[{"href":"https:\/\/uj.adatbank.ro\/lexikon\/wp-json\/wp\/v2\/product\/16358","targetHints":{"allow":["GET"]}}],"collection":[{"href":"https:\/\/uj.adatbank.ro\/lexikon\/wp-json\/wp\/v2\/product"}],"about":[{"href":"https:\/\/uj.adatbank.ro\/lexikon\/wp-json\/wp\/v2\/types\/product"}],"replies":[{"embeddable":true,"href":"https:\/\/uj.adatbank.ro\/lexikon\/wp-json\/wp\/v2\/comments?post=16358"}],"wp:attachment":[{"href":"https:\/\/uj.adatbank.ro\/lexikon\/wp-json\/wp\/v2\/media?parent=16358"}],"wp:term":[{"taxonomy":"product_brand","embeddable":true,"href":"https:\/\/uj.adatbank.ro\/lexikon\/wp-json\/wp\/v2\/product_brand?post=16358"},{"taxonomy":"product_cat","embeddable":true,"href":"https:\/\/uj.adatbank.ro\/lexikon\/wp-json\/wp\/v2\/product_cat?post=16358"},{"taxonomy":"product_tag","embeddable":true,"href":"https:\/\/uj.adatbank.ro\/lexikon\/wp-json\/wp\/v2\/product_tag?post=16358"}],"curies":[{"name":"wp","href":"https:\/\/api.w.org\/{rel}","templated":true}]}}