{"id":16366,"date":"2025-07-15T16:14:22","date_gmt":"2025-07-15T14:14:22","guid":{"rendered":"https:\/\/uj.adatbank.ro\/lexikon\/termek\/nagy-lakatos-janos\/"},"modified":"2025-07-15T16:14:22","modified_gmt":"2025-07-15T14:14:22","slug":"nagy-lakatos-janos","status":"publish","type":"product","link":"https:\/\/uj.adatbank.ro\/lexikon\/termek\/nagy-lakatos-janos\/","title":{"rendered":"NAGY LAKATOS J\u00e1nos"},"content":{"rendered":"<p>? \u2020 Mv., 2008. jan. 31.: volt politikai fogoly. \u2013 Feles\u00e9ge: M\u00e1t\u00e9 Ir\u00e9n, k\u00e9mia-fizika szakos tan\u00e1rn\u0151 (\u2020 Mv., 1990. nov. 3.).<br \/><strong>Irod.:<\/strong> [Megeml\u00e9kez\u00e9s M. I.] (N\u00fa., 1998. nov. 3); [Nekrol\u00f3g] (N\u00fa., 2008. febr. 1.)<\/br><\/p>\n","protected":false},"excerpt":{"rendered":"<p>? \u2020 Mv., 2008. jan. 31.: volt politikai fogoly. \u2013 Feles\u00e9ge: M\u00e1t\u00e9 Ir\u00e9n, k\u00e9mia-fizika szakos tan\u00e1rn\u0151 (\u2020 Mv., 1990. nov. 3.).Irod.: [Megeml\u00e9kez\u00e9s M. I.] (N\u00fa., 1998. nov. 3); [Nekrol\u00f3g] (N\u00fa., 2008. febr. 1.)<\/p>\n","protected":false},"featured_media":0,"comment_status":"open","ping_status":"closed","template":"","meta":[],"product_brand":[],"product_cat":[137],"product_tag":[],"class_list":{"0":"post-16366","1":"product","2":"type-product","3":"status-publish","5":"product_cat-maros-megyei-eletrajzi-lexikon","7":"first","8":"instock","9":"shipping-taxable","10":"product-type-simple"},"_links":{"self":[{"href":"https:\/\/uj.adatbank.ro\/lexikon\/wp-json\/wp\/v2\/product\/16366","targetHints":{"allow":["GET"]}}],"collection":[{"href":"https:\/\/uj.adatbank.ro\/lexikon\/wp-json\/wp\/v2\/product"}],"about":[{"href":"https:\/\/uj.adatbank.ro\/lexikon\/wp-json\/wp\/v2\/types\/product"}],"replies":[{"embeddable":true,"href":"https:\/\/uj.adatbank.ro\/lexikon\/wp-json\/wp\/v2\/comments?post=16366"}],"wp:attachment":[{"href":"https:\/\/uj.adatbank.ro\/lexikon\/wp-json\/wp\/v2\/media?parent=16366"}],"wp:term":[{"taxonomy":"product_brand","embeddable":true,"href":"https:\/\/uj.adatbank.ro\/lexikon\/wp-json\/wp\/v2\/product_brand?post=16366"},{"taxonomy":"product_cat","embeddable":true,"href":"https:\/\/uj.adatbank.ro\/lexikon\/wp-json\/wp\/v2\/product_cat?post=16366"},{"taxonomy":"product_tag","embeddable":true,"href":"https:\/\/uj.adatbank.ro\/lexikon\/wp-json\/wp\/v2\/product_tag?post=16366"}],"curies":[{"name":"wp","href":"https:\/\/api.w.org\/{rel}","templated":true}]}}