{"id":1637,"date":"2025-06-28T11:48:27","date_gmt":"2025-06-28T09:48:27","guid":{"rendered":"https:\/\/uj.adatbank.ro\/lexikon\/termek\/ady-laszlo-%c2%a7-ady-ladislau-alexandru-muresanu-alexandru-muresan\/"},"modified":"2025-06-28T11:48:27","modified_gmt":"2025-06-28T09:48:27","slug":"ady-laszlo-%c2%a7-ady-ladislau-alexandru-muresanu-alexandru-muresan","status":"publish","type":"product","link":"https:\/\/uj.adatbank.ro\/lexikon\/termek\/ady-laszlo-%c2%a7-ady-ladislau-alexandru-muresanu-alexandru-muresan\/","title":{"rendered":"ADY L\u00e1szl\u00f3, \u00a7 Ady Ladislau; Alexandru Mure\u015fanu, Alexandru Mure\u015fan"},"content":{"rendered":"<p>Mv., 1911. nov. 6., \u2020 Buk., 2000. m\u00e1rc. 29.: t\u00e1bornok, k\u00e9pvisel\u0151, bel\u00fcgyminiszter-helyettes. \u2013 Feles\u00e9ge: Tamara Mure\u015fan, az \u0151 nev\u00e9t haszn\u00e1lta (1950\u2013). \u2013 R\u00e9szt vett az illeg\u00e1lis kommunista mozgalomban, Ana Paukerrel \u00e9s m\u00e1s ismert szem\u00e9lyis\u00e9gekkel el\u00edt\u00e9lt\u00e9k \u00e9s beb\u00f6rt\u00f6n\u00f6zt\u00e9k (1937\u201344). Szabadul\u00e1s\u00e1t k\u00f6vet\u0151en a KISZ KB.-nak titk\u00e1ra lett (1944 elej\u00e9t\u0151l), az RMP KV K\u00fcl\u00fcgyi Oszt\u00e1ly vezet\u0151je (1948\u2013), majd Teohari Georgescu, ill. a BM tan\u00e1csosa, p\u00e9nz\u00fcgyi k\u00e9rd\u00e9sekkel foglalkozott (1951. nov. 20. \u2013). Bp.-re k\u00fcldt\u00e9k a Rajk-per tanulm\u00e1nyoz\u00e1s\u00e1ra (1951), hogy Rajk L\u00e1szl\u00f3 \u00e9s Luka L\u00e1szl\u00f3 \/ Vasile Luca k\u00f6z\u00f6tti kapcsolatokat titokban felt\u00e1rja, majd a Luka L\u00e1szl\u00f3 \u00e9s Jakab S\u00e1ndor elleni perben a v\u00e1dlott ellen tanuskodott. Alexandru Dr\u0103ghici mellett helyettes bel\u00fcgyminiszternek nevezt\u00e9k ki, a sikeres titkos rend\u0151ri szolg\u00e1lat honor\u00e1l\u00e1sak\u00e9nt (1952. j\u00fan. 23.\u2013), Gh. Gh. Dej kegyence volt. A titkos szolg\u00e1lati tisztek rangl\u00e9tr\u00e1j\u00e1n vez\u00e9r\u0151rnagyi rangig jutott (1953. szept. 1.\u2013). Ebben a beoszt\u00e1sban a B\u00f6rt\u00f6n\u00f6k Orsz\u00e1gos Igazgat\u00f3s\u00e1ga is a hat\u00e1sk\u00f6r\u00e9be tartozott, ir\u00e1ny\u00edtotta a rabok kiv\u00e1logat\u00e1s\u00e1t \u00e9s munkat\u00e1borokba val\u00f3 ir\u00e1ny\u00edt\u00e1s\u00e1t (1954). A MMAT k\u00e9pvisel\u0151je a NNGY-ben \u00e9s a b\u00f6rt\u00f6n\u00f6k parancsnoka (1952. nov. 30.\u201355). Annak a bizotts\u00e1gnak a tagja, amely d\u00f6nt\u00f6tt az un. t\u00falzs\u00fafolt k\u00f6zpontoknak min\u0151s\u00edtett v\u00e1rosokb\u00f3l kitelep\u00edtettekr\u0151l (1952\u201353), a munkat\u00e1borokat fel\u00fcgyel\u0151 igazgat\u00f3s\u00e1g vezet\u0151je volt (1955-ig). Funkci\u00f3ib\u00f3l felmentett\u00e9k (1955), majd letart\u00f3ztatt\u00e1k azzal a v\u00e1ddal, hogy az illegalit\u00e1s \u00e9veiben t\u00f6lt\u00f6tt b\u00f6rt\u00f6n\u00e9veiben a Sziguranc\u00e1val egy\u00fcttm\u0171k\u00f6d\u00f6tt, valamint a munk\u00e1soszt\u00e1ly ellen fejtette ki tev\u00e9kenys\u00e9g\u00e9t, el\u00edt\u00e9lt\u00e9k mint Sziguranca bes\u00fag\u00f3t (1959). Szamos\u00fajv\u00e1ron raboskodott (1962\u201364). Tov\u00e1bbi sors\u00e1r\u00f3l hi\u00e1nyoznak az inform\u00e1ci\u00f3k. <br \/><strong>Irod.:<\/strong> Cantaragiu Bogdan: Biografia nomenclaturii (Internet); Bottoni 2006; Bottoni 2008; Burcea Mihai; Id\u0151t\u00e1r 4.; Stan Marius: Informatorii comuni\u015fti ai Siguran\u0163ei. Studiu de caz Nicolae Pargaru (Internet); Cri\u015fan; Oprea, Marius: Banalitatea r\u0103ului: O istorie a Securit\u0103\u0163ii \u00een documente 1949\u20131989 (Ia\u015fi, 2002)<\/br><\/p>\n","protected":false},"excerpt":{"rendered":"<p>Mv., 1911. nov. 6., \u2020 Buk., 2000. m\u00e1rc. 29.: t\u00e1bornok, k\u00e9pvisel\u0151, bel\u00fcgyminiszter-helyettes. \u2013 Feles\u00e9ge: Tamara Mure\u015fan, az \u0151 nev\u00e9t haszn\u00e1lta (1950\u2013). \u2013 R\u00e9szt vett az illeg\u00e1lis kommunista mozgalomban, Ana Paukerrel \u00e9s m\u00e1s ismert szem\u00e9lyis\u00e9gekkel el\u00edt\u00e9lt\u00e9k \u00e9s beb\u00f6rt\u00f6n\u00f6zt\u00e9k (1937\u201344). Szabadul\u00e1s\u00e1t k\u00f6vet\u0151en a KISZ KB.-nak titk\u00e1ra lett (1944 elej\u00e9t\u0151l), az RMP KV K\u00fcl\u00fcgyi Oszt\u00e1ly vezet\u0151je (1948\u2013), majd [&hellip;]<\/p>\n","protected":false},"featured_media":0,"comment_status":"open","ping_status":"closed","template":"","meta":[],"product_brand":[],"product_cat":[137],"product_tag":[],"class_list":{"0":"post-1637","1":"product","2":"type-product","3":"status-publish","5":"product_cat-maros-megyei-eletrajzi-lexikon","7":"first","8":"instock","9":"shipping-taxable","10":"product-type-simple"},"_links":{"self":[{"href":"https:\/\/uj.adatbank.ro\/lexikon\/wp-json\/wp\/v2\/product\/1637","targetHints":{"allow":["GET"]}}],"collection":[{"href":"https:\/\/uj.adatbank.ro\/lexikon\/wp-json\/wp\/v2\/product"}],"about":[{"href":"https:\/\/uj.adatbank.ro\/lexikon\/wp-json\/wp\/v2\/types\/product"}],"replies":[{"embeddable":true,"href":"https:\/\/uj.adatbank.ro\/lexikon\/wp-json\/wp\/v2\/comments?post=1637"}],"wp:attachment":[{"href":"https:\/\/uj.adatbank.ro\/lexikon\/wp-json\/wp\/v2\/media?parent=1637"}],"wp:term":[{"taxonomy":"product_brand","embeddable":true,"href":"https:\/\/uj.adatbank.ro\/lexikon\/wp-json\/wp\/v2\/product_brand?post=1637"},{"taxonomy":"product_cat","embeddable":true,"href":"https:\/\/uj.adatbank.ro\/lexikon\/wp-json\/wp\/v2\/product_cat?post=1637"},{"taxonomy":"product_tag","embeddable":true,"href":"https:\/\/uj.adatbank.ro\/lexikon\/wp-json\/wp\/v2\/product_tag?post=1637"}],"curies":[{"name":"wp","href":"https:\/\/api.w.org\/{rel}","templated":true}]}}