{"id":16372,"date":"2025-07-15T16:14:34","date_gmt":"2025-07-15T14:14:34","guid":{"rendered":"https:\/\/uj.adatbank.ro\/lexikon\/termek\/nagy-laszlo-6\/"},"modified":"2025-07-15T16:14:34","modified_gmt":"2025-07-15T14:14:34","slug":"nagy-laszlo-6","status":"publish","type":"product","link":"https:\/\/uj.adatbank.ro\/lexikon\/termek\/nagy-laszlo-6\/","title":{"rendered":"NAGY L\u00e1szl\u00f3"},"content":{"rendered":"<p>1860., \u2020 ?: tan\u00edt\u00f3. \u2013 Nagyenyeden szerzett tan\u00edt\u00f3i oklevelet (1883). Marosszentgy\u00f6rgy\u00f6n oktatott a ref. egyh\u00e1zi iskol\u00e1ban (1883\u201394). Mv.-en ref. le\u00e1nyiskolai tan\u00edt\u00f3, a Kaszin\u00f3 k\u00f6nyvt\u00e1rosa (1904\u201306). <br \/><strong>Irod.:<\/strong> Bi\u00e1s Istv\u00e1n; S\u00e2ngeorgiu de Mure\u015f \u2013 \u015ecoala<\/br><\/p>\n","protected":false},"excerpt":{"rendered":"<p>1860., \u2020 ?: tan\u00edt\u00f3. \u2013 Nagyenyeden szerzett tan\u00edt\u00f3i oklevelet (1883). Marosszentgy\u00f6rgy\u00f6n oktatott a ref. egyh\u00e1zi iskol\u00e1ban (1883\u201394). Mv.-en ref. le\u00e1nyiskolai tan\u00edt\u00f3, a Kaszin\u00f3 k\u00f6nyvt\u00e1rosa (1904\u201306). Irod.: Bi\u00e1s Istv\u00e1n; S\u00e2ngeorgiu de Mure\u015f \u2013 \u015ecoala<\/p>\n","protected":false},"featured_media":0,"comment_status":"open","ping_status":"closed","template":"","meta":[],"product_brand":[],"product_cat":[137],"product_tag":[],"class_list":{"0":"post-16372","1":"product","2":"type-product","3":"status-publish","5":"product_cat-maros-megyei-eletrajzi-lexikon","7":"first","8":"instock","9":"shipping-taxable","10":"product-type-simple"},"_links":{"self":[{"href":"https:\/\/uj.adatbank.ro\/lexikon\/wp-json\/wp\/v2\/product\/16372","targetHints":{"allow":["GET"]}}],"collection":[{"href":"https:\/\/uj.adatbank.ro\/lexikon\/wp-json\/wp\/v2\/product"}],"about":[{"href":"https:\/\/uj.adatbank.ro\/lexikon\/wp-json\/wp\/v2\/types\/product"}],"replies":[{"embeddable":true,"href":"https:\/\/uj.adatbank.ro\/lexikon\/wp-json\/wp\/v2\/comments?post=16372"}],"wp:attachment":[{"href":"https:\/\/uj.adatbank.ro\/lexikon\/wp-json\/wp\/v2\/media?parent=16372"}],"wp:term":[{"taxonomy":"product_brand","embeddable":true,"href":"https:\/\/uj.adatbank.ro\/lexikon\/wp-json\/wp\/v2\/product_brand?post=16372"},{"taxonomy":"product_cat","embeddable":true,"href":"https:\/\/uj.adatbank.ro\/lexikon\/wp-json\/wp\/v2\/product_cat?post=16372"},{"taxonomy":"product_tag","embeddable":true,"href":"https:\/\/uj.adatbank.ro\/lexikon\/wp-json\/wp\/v2\/product_tag?post=16372"}],"curies":[{"name":"wp","href":"https:\/\/api.w.org\/{rel}","templated":true}]}}