{"id":16373,"date":"2025-07-15T16:14:37","date_gmt":"2025-07-15T14:14:37","guid":{"rendered":"https:\/\/uj.adatbank.ro\/lexikon\/termek\/nagy-laszlo-7\/"},"modified":"2025-07-15T16:14:37","modified_gmt":"2025-07-15T14:14:37","slug":"nagy-laszlo-7","status":"publish","type":"product","link":"https:\/\/uj.adatbank.ro\/lexikon\/termek\/nagy-laszlo-7\/","title":{"rendered":"NAGY L\u00e1szl\u00f3"},"content":{"rendered":"<p>Ny\u00e1r\u00e1dk\u00f6szv\u00e9nyes, 1883., \u2020 ?: gazd\u00e1lkod\u00f3. \u2013 A sz\u00fcl\u0151i h\u00e1zn\u00e1l tanult gazd\u00e1lkodni, majd 25 holdon \u00f6n\u00e1ll\u00f3 lett. V\u00e9gig k\u00fczd\u00f6tte az els\u0151 vh.-t mint tizedes szerelt le. A bronz vit. \u00e9 \u00e9s a K\u00e1roly Csapatkereszt kit\u00fcntet\u00e9sekkel.. <br \/><strong>Irod.:<\/strong> Sz\u00e9kelyf\u00f6ld \u00ed.k.<\/br><\/p>\n","protected":false},"excerpt":{"rendered":"<p>Ny\u00e1r\u00e1dk\u00f6szv\u00e9nyes, 1883., \u2020 ?: gazd\u00e1lkod\u00f3. \u2013 A sz\u00fcl\u0151i h\u00e1zn\u00e1l tanult gazd\u00e1lkodni, majd 25 holdon \u00f6n\u00e1ll\u00f3 lett. V\u00e9gig k\u00fczd\u00f6tte az els\u0151 vh.-t mint tizedes szerelt le. A bronz vit. \u00e9 \u00e9s a K\u00e1roly Csapatkereszt kit\u00fcntet\u00e9sekkel.. Irod.: Sz\u00e9kelyf\u00f6ld \u00ed.k.<\/p>\n","protected":false},"featured_media":0,"comment_status":"open","ping_status":"closed","template":"","meta":[],"product_brand":[],"product_cat":[137],"product_tag":[],"class_list":{"0":"post-16373","1":"product","2":"type-product","3":"status-publish","5":"product_cat-maros-megyei-eletrajzi-lexikon","7":"first","8":"instock","9":"shipping-taxable","10":"product-type-simple"},"_links":{"self":[{"href":"https:\/\/uj.adatbank.ro\/lexikon\/wp-json\/wp\/v2\/product\/16373","targetHints":{"allow":["GET"]}}],"collection":[{"href":"https:\/\/uj.adatbank.ro\/lexikon\/wp-json\/wp\/v2\/product"}],"about":[{"href":"https:\/\/uj.adatbank.ro\/lexikon\/wp-json\/wp\/v2\/types\/product"}],"replies":[{"embeddable":true,"href":"https:\/\/uj.adatbank.ro\/lexikon\/wp-json\/wp\/v2\/comments?post=16373"}],"wp:attachment":[{"href":"https:\/\/uj.adatbank.ro\/lexikon\/wp-json\/wp\/v2\/media?parent=16373"}],"wp:term":[{"taxonomy":"product_brand","embeddable":true,"href":"https:\/\/uj.adatbank.ro\/lexikon\/wp-json\/wp\/v2\/product_brand?post=16373"},{"taxonomy":"product_cat","embeddable":true,"href":"https:\/\/uj.adatbank.ro\/lexikon\/wp-json\/wp\/v2\/product_cat?post=16373"},{"taxonomy":"product_tag","embeddable":true,"href":"https:\/\/uj.adatbank.ro\/lexikon\/wp-json\/wp\/v2\/product_tag?post=16373"}],"curies":[{"name":"wp","href":"https:\/\/api.w.org\/{rel}","templated":true}]}}