{"id":16378,"date":"2025-07-15T16:14:46","date_gmt":"2025-07-15T14:14:46","guid":{"rendered":"https:\/\/uj.adatbank.ro\/lexikon\/termek\/nagy-laszlo-12\/"},"modified":"2025-07-15T16:14:46","modified_gmt":"2025-07-15T14:14:46","slug":"nagy-laszlo-12","status":"publish","type":"product","link":"https:\/\/uj.adatbank.ro\/lexikon\/termek\/nagy-laszlo-12\/","title":{"rendered":"NAGY L\u00e1szl\u00f3"},"content":{"rendered":"<p>1917., \u2020 Mv., 1999. jan. 2.: egyetemi el\u0151ad\u00f3tan\u00e1r. \u2013 Temet\u00e9se Jobb\u00e1gyfalv\u00e1n. <br \/><strong>Irod.:<\/strong> [Nekrol\u00f3g] (N\u00fa., 1999. jan. 4.)<\/br><\/p>\n","protected":false},"excerpt":{"rendered":"<p>1917., \u2020 Mv., 1999. jan. 2.: egyetemi el\u0151ad\u00f3tan\u00e1r. \u2013 Temet\u00e9se Jobb\u00e1gyfalv\u00e1n. Irod.: [Nekrol\u00f3g] (N\u00fa., 1999. jan. 4.)<\/p>\n","protected":false},"featured_media":0,"comment_status":"open","ping_status":"closed","template":"","meta":[],"product_brand":[],"product_cat":[137],"product_tag":[],"class_list":{"0":"post-16378","1":"product","2":"type-product","3":"status-publish","5":"product_cat-maros-megyei-eletrajzi-lexikon","7":"first","8":"instock","9":"shipping-taxable","10":"product-type-simple"},"_links":{"self":[{"href":"https:\/\/uj.adatbank.ro\/lexikon\/wp-json\/wp\/v2\/product\/16378","targetHints":{"allow":["GET"]}}],"collection":[{"href":"https:\/\/uj.adatbank.ro\/lexikon\/wp-json\/wp\/v2\/product"}],"about":[{"href":"https:\/\/uj.adatbank.ro\/lexikon\/wp-json\/wp\/v2\/types\/product"}],"replies":[{"embeddable":true,"href":"https:\/\/uj.adatbank.ro\/lexikon\/wp-json\/wp\/v2\/comments?post=16378"}],"wp:attachment":[{"href":"https:\/\/uj.adatbank.ro\/lexikon\/wp-json\/wp\/v2\/media?parent=16378"}],"wp:term":[{"taxonomy":"product_brand","embeddable":true,"href":"https:\/\/uj.adatbank.ro\/lexikon\/wp-json\/wp\/v2\/product_brand?post=16378"},{"taxonomy":"product_cat","embeddable":true,"href":"https:\/\/uj.adatbank.ro\/lexikon\/wp-json\/wp\/v2\/product_cat?post=16378"},{"taxonomy":"product_tag","embeddable":true,"href":"https:\/\/uj.adatbank.ro\/lexikon\/wp-json\/wp\/v2\/product_tag?post=16378"}],"curies":[{"name":"wp","href":"https:\/\/api.w.org\/{rel}","templated":true}]}}