{"id":16382,"date":"2025-07-15T16:14:54","date_gmt":"2025-07-15T14:14:54","guid":{"rendered":"https:\/\/uj.adatbank.ro\/lexikon\/termek\/nagy-laszlo-16\/"},"modified":"2025-07-15T16:14:54","modified_gmt":"2025-07-15T14:14:54","slug":"nagy-laszlo-16","status":"publish","type":"product","link":"https:\/\/uj.adatbank.ro\/lexikon\/termek\/nagy-laszlo-16\/","title":{"rendered":"NAGY L\u00e1szl\u00f3"},"content":{"rendered":"<p>Nagykend, 1951, \u2020 Radn\u00f3tf\u00e1ja, 1993. j\u00fal. 1.Nagykenden temett\u00e9k: ref. lelk\u00e9sz. \u2013 Lelk\u00e9sz volt Radn\u00f3tf\u00e1j\u00e1n. <br \/><strong>Irod.:<\/strong> [Nekrol\u00f3g] (N\u00fa., 1993. j\u00fal. 3.)<\/br><\/p>\n","protected":false},"excerpt":{"rendered":"<p>Nagykend, 1951, \u2020 Radn\u00f3tf\u00e1ja, 1993. j\u00fal. 1.Nagykenden temett\u00e9k: ref. lelk\u00e9sz. \u2013 Lelk\u00e9sz volt Radn\u00f3tf\u00e1j\u00e1n. Irod.: [Nekrol\u00f3g] (N\u00fa., 1993. j\u00fal. 3.)<\/p>\n","protected":false},"featured_media":0,"comment_status":"open","ping_status":"closed","template":"","meta":[],"product_brand":[],"product_cat":[137],"product_tag":[],"class_list":{"0":"post-16382","1":"product","2":"type-product","3":"status-publish","5":"product_cat-maros-megyei-eletrajzi-lexikon","7":"first","8":"instock","9":"shipping-taxable","10":"product-type-simple"},"_links":{"self":[{"href":"https:\/\/uj.adatbank.ro\/lexikon\/wp-json\/wp\/v2\/product\/16382","targetHints":{"allow":["GET"]}}],"collection":[{"href":"https:\/\/uj.adatbank.ro\/lexikon\/wp-json\/wp\/v2\/product"}],"about":[{"href":"https:\/\/uj.adatbank.ro\/lexikon\/wp-json\/wp\/v2\/types\/product"}],"replies":[{"embeddable":true,"href":"https:\/\/uj.adatbank.ro\/lexikon\/wp-json\/wp\/v2\/comments?post=16382"}],"wp:attachment":[{"href":"https:\/\/uj.adatbank.ro\/lexikon\/wp-json\/wp\/v2\/media?parent=16382"}],"wp:term":[{"taxonomy":"product_brand","embeddable":true,"href":"https:\/\/uj.adatbank.ro\/lexikon\/wp-json\/wp\/v2\/product_brand?post=16382"},{"taxonomy":"product_cat","embeddable":true,"href":"https:\/\/uj.adatbank.ro\/lexikon\/wp-json\/wp\/v2\/product_cat?post=16382"},{"taxonomy":"product_tag","embeddable":true,"href":"https:\/\/uj.adatbank.ro\/lexikon\/wp-json\/wp\/v2\/product_tag?post=16382"}],"curies":[{"name":"wp","href":"https:\/\/api.w.org\/{rel}","templated":true}]}}