{"id":16384,"date":"2025-07-15T16:14:58","date_gmt":"2025-07-15T14:14:58","guid":{"rendered":"https:\/\/uj.adatbank.ro\/lexikon\/termek\/nagy-laszlo-tokaji-tokaji-laszlo\/"},"modified":"2025-07-15T16:14:58","modified_gmt":"2025-07-15T14:14:58","slug":"nagy-laszlo-tokaji-tokaji-laszlo","status":"publish","type":"product","link":"https:\/\/uj.adatbank.ro\/lexikon\/termek\/nagy-laszlo-tokaji-tokaji-laszlo\/","title":{"rendered":"NAGY L\u00e1szl\u00f3, tokaji; Tokaji L\u00e1szl\u00f3"},"content":{"rendered":"<p>Marosbog\u00e1t, 1868. jan. 1., \u2020 Bp., 1944. j\u00fal. 3.: tisztvisel\u0151, h\u00edrlap\u00edr\u00f3. \u2013\u2013 Feles\u00e9ge: Varr\u00f3 Berta. \u2013 A k\u00f6z\u00e9piskol\u00e1tt Nagyenyeden v\u00e9gezte, majd a kv.-i gazdas\u00e1gi akad\u00e9mi\u00e1n szerzett oklevelet (1891), jogot is hallgatott, Bp.-en sz\u0151l\u00e9sz-, bor\u00e1sz szaktanfolyamot v\u00e9gzett. Az EGE titk\u00e1ra volt (1895\u20131920). Szerkesztette \u00e9s kiadta az Erd\u00e9lyi Gazda, az Erd\u00e9lyi Gazdas\u00e1gi Egylet \u00c9vk\u00f6nyveit \u00e9s az Erd\u00e9lyi Gazda T\u00e1rca-Napt\u00e1r\u00e1t. Aranyozott v\u00f6r\u00f6sr\u00e9z Kelyhet adom\u00e1nyoztak a feles\u00e9g\u00e9vel a marosbog\u00e1ti ref. egyh\u00e1znak (1906). Bp.-en telepedett le (1920), ahol nyugd\u00edj n\u00e9lk\u00fcl irodai munk\u00e1val tartotta fenn mag\u00e1t. \u2013 <strong>F. m.:<\/strong> A kolozsv\u00e1ri ki\u00e1ll\u00edt\u00e1sok programja katal\u00f3gusa \u00e9s egy\u00e9b tudnival\u00f3i (Kv., 1903); Sz\u00e9kely ki\u00e1ll\u00edt\u00e1s: egy 1904 \u00e9v \u0151sz\u00e9n, vagy 1905 tavasz\u00e1n rendezend\u0151 \u00e1ltal\u00e1nos sz\u00e9kely ki\u00e1ll\u00edt\u00e1s tervezete (Kv. 1904), Erd\u00e9lyr\u00e9szi mez\u0151gazdas\u00e1gi ki\u00e1ll\u00edt\u00e1s programja \u00e9s katal\u00f3gusa (Kv., 1905); Az Erd\u00e9lyr\u00e9szi Gazdas\u00e1gi Egylet egy \u00e9ve 1907\u201308 (Kv., 1909), Az Erd\u00e9lyr\u00e9szi Gazdas\u00e1gi Egylet 1910\u201313 (Kv., 1911\u201314), Elad\u00f3 orsz\u00e1g : Az erd\u00e9lyr\u00e9szi f\u00f6ldbirtokforgalom ut\u00f3bbi 10 \u00e9. Adatai. Az erd\u00e9lyr\u00e9szi foldbirtokpolitika feladatai. Az \u00e1llam \u00e9s a t\u00e1rsadalom teend\u0151i (Kv., 1913); Az EMKE munkaterv\u00e9hez: Tokaji L\u00e1szl\u00f3 el\u0151ad\u00f3i munk\u00e1lata (Kv., 1913); Az erd\u00e9lyr\u00e9szi f\u00f6ldbirtok politika feladat\u00e1r\u00f3l (Kv., 1913); F\u00f6ldbirtokpolitikai teend\u0151k (Kv., 1913); Kv. sz. kir. v\u00e1ros mez\u0151gazdas\u00e1gi birtokainak h\u00e1zikezel\u00e9s\u00e9r\u0151l (Kv., 1913); \u00daj honfoglal\u00e1s Erd\u00e9lyben (Kv., 1913); A megl\u00e9v\u0151 \u00e9s a kiseg\u00edt\u00f3 mez\u0151gazdas\u00e1gi munkaer\u0151k helyes be\u00e1ll\u00edt\u00e1sa a foly\u00f3 \u00e9.term\u00e9s biztos\u00edt\u00e1sa szempontj\u00e1b\u00f3l (Kv., 1916), Gr. Mik\u00f3 Imre \u00e9s a m. f\u00f6ld ( ??); Agr\u00e1rszociol\u00f3gia ( ??). <br \/><strong>Irod.:<\/strong> Guly\u00e1s; K\u00fck\u00fcll\u0151i Ref. Egyh\u00e1zm.3.; Szinnyei; Todea\u2013F\u00fcl\u00f6p\u2013Avram<\/br><\/p>\n","protected":false},"excerpt":{"rendered":"<p>Marosbog\u00e1t, 1868. jan. 1., \u2020 Bp., 1944. j\u00fal. 3.: tisztvisel\u0151, h\u00edrlap\u00edr\u00f3. \u2013\u2013 Feles\u00e9ge: Varr\u00f3 Berta. \u2013 A k\u00f6z\u00e9piskol\u00e1tt Nagyenyeden v\u00e9gezte, majd a kv.-i gazdas\u00e1gi akad\u00e9mi\u00e1n szerzett oklevelet (1891), jogot is hallgatott, Bp.-en sz\u0151l\u00e9sz-, bor\u00e1sz szaktanfolyamot v\u00e9gzett. Az EGE titk\u00e1ra volt (1895\u20131920). Szerkesztette \u00e9s kiadta az Erd\u00e9lyi Gazda, az Erd\u00e9lyi Gazdas\u00e1gi Egylet \u00c9vk\u00f6nyveit \u00e9s az Erd\u00e9lyi [&hellip;]<\/p>\n","protected":false},"featured_media":0,"comment_status":"open","ping_status":"closed","template":"","meta":[],"product_brand":[],"product_cat":[137],"product_tag":[],"class_list":{"0":"post-16384","1":"product","2":"type-product","3":"status-publish","5":"product_cat-maros-megyei-eletrajzi-lexikon","7":"first","8":"instock","9":"shipping-taxable","10":"product-type-simple"},"_links":{"self":[{"href":"https:\/\/uj.adatbank.ro\/lexikon\/wp-json\/wp\/v2\/product\/16384","targetHints":{"allow":["GET"]}}],"collection":[{"href":"https:\/\/uj.adatbank.ro\/lexikon\/wp-json\/wp\/v2\/product"}],"about":[{"href":"https:\/\/uj.adatbank.ro\/lexikon\/wp-json\/wp\/v2\/types\/product"}],"replies":[{"embeddable":true,"href":"https:\/\/uj.adatbank.ro\/lexikon\/wp-json\/wp\/v2\/comments?post=16384"}],"wp:attachment":[{"href":"https:\/\/uj.adatbank.ro\/lexikon\/wp-json\/wp\/v2\/media?parent=16384"}],"wp:term":[{"taxonomy":"product_brand","embeddable":true,"href":"https:\/\/uj.adatbank.ro\/lexikon\/wp-json\/wp\/v2\/product_brand?post=16384"},{"taxonomy":"product_cat","embeddable":true,"href":"https:\/\/uj.adatbank.ro\/lexikon\/wp-json\/wp\/v2\/product_cat?post=16384"},{"taxonomy":"product_tag","embeddable":true,"href":"https:\/\/uj.adatbank.ro\/lexikon\/wp-json\/wp\/v2\/product_tag?post=16384"}],"curies":[{"name":"wp","href":"https:\/\/api.w.org\/{rel}","templated":true}]}}