{"id":16386,"date":"2025-07-15T16:15:03","date_gmt":"2025-07-15T14:15:03","guid":{"rendered":"https:\/\/uj.adatbank.ro\/lexikon\/termek\/nagy-lazar\/"},"modified":"2025-07-15T16:15:03","modified_gmt":"2025-07-15T14:15:03","slug":"nagy-lazar","status":"publish","type":"product","link":"https:\/\/uj.adatbank.ro\/lexikon\/termek\/nagy-lazar\/","title":{"rendered":"NAGY L\u00e1zar"},"content":{"rendered":"<p>1889 \u2020 Mv., 1976. \u00e1pr. 6. \u2013 A marosi egyh\u00e1zk\u00f6r fel\u00fcgyel\u0151 gondnoka. Az Egyh\u00e1zi F\u0151tan\u00e1csnak tagja. <br \/><strong>Irod.:<\/strong> Kelemen<\/br><\/p>\n","protected":false},"excerpt":{"rendered":"<p>1889 \u2020 Mv., 1976. \u00e1pr. 6. \u2013 A marosi egyh\u00e1zk\u00f6r fel\u00fcgyel\u0151 gondnoka. Az Egyh\u00e1zi F\u0151tan\u00e1csnak tagja. Irod.: Kelemen<\/p>\n","protected":false},"featured_media":0,"comment_status":"open","ping_status":"closed","template":"","meta":[],"product_brand":[],"product_cat":[137],"product_tag":[],"class_list":{"0":"post-16386","1":"product","2":"type-product","3":"status-publish","5":"product_cat-maros-megyei-eletrajzi-lexikon","7":"first","8":"instock","9":"shipping-taxable","10":"product-type-simple"},"_links":{"self":[{"href":"https:\/\/uj.adatbank.ro\/lexikon\/wp-json\/wp\/v2\/product\/16386","targetHints":{"allow":["GET"]}}],"collection":[{"href":"https:\/\/uj.adatbank.ro\/lexikon\/wp-json\/wp\/v2\/product"}],"about":[{"href":"https:\/\/uj.adatbank.ro\/lexikon\/wp-json\/wp\/v2\/types\/product"}],"replies":[{"embeddable":true,"href":"https:\/\/uj.adatbank.ro\/lexikon\/wp-json\/wp\/v2\/comments?post=16386"}],"wp:attachment":[{"href":"https:\/\/uj.adatbank.ro\/lexikon\/wp-json\/wp\/v2\/media?parent=16386"}],"wp:term":[{"taxonomy":"product_brand","embeddable":true,"href":"https:\/\/uj.adatbank.ro\/lexikon\/wp-json\/wp\/v2\/product_brand?post=16386"},{"taxonomy":"product_cat","embeddable":true,"href":"https:\/\/uj.adatbank.ro\/lexikon\/wp-json\/wp\/v2\/product_cat?post=16386"},{"taxonomy":"product_tag","embeddable":true,"href":"https:\/\/uj.adatbank.ro\/lexikon\/wp-json\/wp\/v2\/product_tag?post=16386"}],"curies":[{"name":"wp","href":"https:\/\/api.w.org\/{rel}","templated":true}]}}