{"id":16387,"date":"2025-07-15T16:15:07","date_gmt":"2025-07-15T14:15:07","guid":{"rendered":"https:\/\/uj.adatbank.ro\/lexikon\/termek\/nagy-lenke\/"},"modified":"2025-07-15T16:15:07","modified_gmt":"2025-07-15T14:15:07","slug":"nagy-lenke","status":"publish","type":"product","link":"https:\/\/uj.adatbank.ro\/lexikon\/termek\/nagy-lenke\/","title":{"rendered":"NAGY Lenke"},"content":{"rendered":"<p>Sebes Fogaras, 1918. jan. 25., \u2020 Mv., 1993. m\u00e1rc. 6.: tan\u00e1r. \u2013 P\u00e1p\u00e1n \u00e9retts\u00e9gizett, majd Kecskem\u00e9ten tan\u00edt\u00f3k\u00e9pz\u0151t v\u00e9gzett, azut\u00e1n a kv.-i BTE F\u00f6ldrajz-Geol\u00f3gia szak\u00e1n szerzett tan\u00e1ri oklevelet (1954). Tan\u00e1r volt G\u00f6rg\u00e9ny\u00fcvegcs\u0171ron (1954\u201357), Mv.-en \u00e9s Marosszentgy\u00f6rgy\u00f6n (1957\u201373). <br \/><strong>Irod.:<\/strong> KKACs Nagy Leopold (ed.) \u2013 1098<\/br><\/p>\n","protected":false},"excerpt":{"rendered":"<p>Sebes Fogaras, 1918. jan. 25., \u2020 Mv., 1993. m\u00e1rc. 6.: tan\u00e1r. \u2013 P\u00e1p\u00e1n \u00e9retts\u00e9gizett, majd Kecskem\u00e9ten tan\u00edt\u00f3k\u00e9pz\u0151t v\u00e9gzett, azut\u00e1n a kv.-i BTE F\u00f6ldrajz-Geol\u00f3gia szak\u00e1n szerzett tan\u00e1ri oklevelet (1954). Tan\u00e1r volt G\u00f6rg\u00e9ny\u00fcvegcs\u0171ron (1954\u201357), Mv.-en \u00e9s Marosszentgy\u00f6rgy\u00f6n (1957\u201373). Irod.: KKACs Nagy Leopold (ed.) \u2013 1098<\/p>\n","protected":false},"featured_media":0,"comment_status":"open","ping_status":"closed","template":"","meta":[],"product_brand":[],"product_cat":[137],"product_tag":[],"class_list":{"0":"post-16387","1":"product","2":"type-product","3":"status-publish","5":"product_cat-maros-megyei-eletrajzi-lexikon","7":"first","8":"instock","9":"shipping-taxable","10":"product-type-simple"},"_links":{"self":[{"href":"https:\/\/uj.adatbank.ro\/lexikon\/wp-json\/wp\/v2\/product\/16387","targetHints":{"allow":["GET"]}}],"collection":[{"href":"https:\/\/uj.adatbank.ro\/lexikon\/wp-json\/wp\/v2\/product"}],"about":[{"href":"https:\/\/uj.adatbank.ro\/lexikon\/wp-json\/wp\/v2\/types\/product"}],"replies":[{"embeddable":true,"href":"https:\/\/uj.adatbank.ro\/lexikon\/wp-json\/wp\/v2\/comments?post=16387"}],"wp:attachment":[{"href":"https:\/\/uj.adatbank.ro\/lexikon\/wp-json\/wp\/v2\/media?parent=16387"}],"wp:term":[{"taxonomy":"product_brand","embeddable":true,"href":"https:\/\/uj.adatbank.ro\/lexikon\/wp-json\/wp\/v2\/product_brand?post=16387"},{"taxonomy":"product_cat","embeddable":true,"href":"https:\/\/uj.adatbank.ro\/lexikon\/wp-json\/wp\/v2\/product_cat?post=16387"},{"taxonomy":"product_tag","embeddable":true,"href":"https:\/\/uj.adatbank.ro\/lexikon\/wp-json\/wp\/v2\/product_tag?post=16387"}],"curies":[{"name":"wp","href":"https:\/\/api.w.org\/{rel}","templated":true}]}}