{"id":16389,"date":"2025-07-15T16:15:14","date_gmt":"2025-07-15T14:15:14","guid":{"rendered":"https:\/\/uj.adatbank.ro\/lexikon\/termek\/nagy-levente\/"},"modified":"2025-07-15T16:15:14","modified_gmt":"2025-07-15T14:15:14","slug":"nagy-levente","status":"publish","type":"product","link":"https:\/\/uj.adatbank.ro\/lexikon\/termek\/nagy-levente\/","title":{"rendered":"NAGY Levente"},"content":{"rendered":"<p>Mv., ? \u2020 ?: k\u00e9pz\u0151m\u0171v\u00e9sz. \u2013 Sv\u00e1jcban \u00e9l. <br \/><strong>Irod.:<\/strong> Banner<\/br><\/p>\n","protected":false},"excerpt":{"rendered":"<p>Mv., ? \u2020 ?: k\u00e9pz\u0151m\u0171v\u00e9sz. \u2013 Sv\u00e1jcban \u00e9l. Irod.: Banner<\/p>\n","protected":false},"featured_media":0,"comment_status":"open","ping_status":"closed","template":"","meta":[],"product_brand":[],"product_cat":[137],"product_tag":[],"class_list":{"0":"post-16389","1":"product","2":"type-product","3":"status-publish","5":"product_cat-maros-megyei-eletrajzi-lexikon","7":"first","8":"instock","9":"shipping-taxable","10":"product-type-simple"},"_links":{"self":[{"href":"https:\/\/uj.adatbank.ro\/lexikon\/wp-json\/wp\/v2\/product\/16389","targetHints":{"allow":["GET"]}}],"collection":[{"href":"https:\/\/uj.adatbank.ro\/lexikon\/wp-json\/wp\/v2\/product"}],"about":[{"href":"https:\/\/uj.adatbank.ro\/lexikon\/wp-json\/wp\/v2\/types\/product"}],"replies":[{"embeddable":true,"href":"https:\/\/uj.adatbank.ro\/lexikon\/wp-json\/wp\/v2\/comments?post=16389"}],"wp:attachment":[{"href":"https:\/\/uj.adatbank.ro\/lexikon\/wp-json\/wp\/v2\/media?parent=16389"}],"wp:term":[{"taxonomy":"product_brand","embeddable":true,"href":"https:\/\/uj.adatbank.ro\/lexikon\/wp-json\/wp\/v2\/product_brand?post=16389"},{"taxonomy":"product_cat","embeddable":true,"href":"https:\/\/uj.adatbank.ro\/lexikon\/wp-json\/wp\/v2\/product_cat?post=16389"},{"taxonomy":"product_tag","embeddable":true,"href":"https:\/\/uj.adatbank.ro\/lexikon\/wp-json\/wp\/v2\/product_tag?post=16389"}],"curies":[{"name":"wp","href":"https:\/\/api.w.org\/{rel}","templated":true}]}}