{"id":1639,"date":"2025-06-28T11:48:30","date_gmt":"2025-06-28T09:48:30","guid":{"rendered":"https:\/\/uj.adatbank.ro\/lexikon\/termek\/ady-mariska-diosadi-landt-lajosne\/"},"modified":"2025-06-28T11:48:30","modified_gmt":"2025-06-28T09:48:30","slug":"ady-mariska-diosadi-landt-lajosne","status":"publish","type":"product","link":"https:\/\/uj.adatbank.ro\/lexikon\/termek\/ady-mariska-diosadi-landt-lajosne\/","title":{"rendered":"ADY Mariska, di\u00f3sadi, Landt Lajosn\u00e9"},"content":{"rendered":"<p>Hadad, 1888. febr. 26, \u2020 Bp., 1977. febr. 4.: k\u00f6lt\u0151, pr\u00f3za\u00edr\u00f3. \u2013 Apja: Ady S\u00e1ndor k\u00f6rjegyz\u0151, A. Endre nagyb\u00e1tyja volt. F\u00e9rje: Landt Lajos, meghalt az els\u0151 vh.-ban (1916), 3 gyermek\u00e9t egyed\u00fcl nevelte. \u2013 Tan\u00edt\u00f3n\u0151i diplom\u00e1t Bp.-en szerzett (1908). Ir\u00f3i munk\u00e1ss\u00e1g\u00e1t novell\u00e1val, t\u00e1rc\u00e1val kezdte, a Zilahon megjelen\u0151 Szil\u00e1gys\u00e1gban. Sz\u00e9kelymosonban \u00e1llami (1916\u2013), majd ref. tan\u00edt\u00f3 volt (1919\u2013). Betegs\u00e9ge miatt kor\u00e1n elhallgatott. \u00cdr\u00e1sai az erd\u00e9lyi lapokban jelentek meg (1907\u2013): Cs\u00edki Lapok, Ellenz\u00e9k, Magyar N\u00e9p, P\u00e1sztort\u0171z, Sz\u00e9kely N\u00e9p, Sz\u00e9kely \u00dajs\u00e1g, Vas\u00e1rnapi \u00dajs\u00e1g, Zord Id\u0151. A KZST tagja volt. \u2013 <strong>F. m.:<\/strong> Sok bor\u00fa \u2013 kev\u00e9s der\u0171\u00a0(elb., karcolatok; Zilah, 1907); \u00c9n az \u0151szben j\u00e1rok\u00a0(versek; Sz\u00e9kelykereszt\u00far, 1924; Kv., 1925.); Csal\u00e1di eml\u00e9kek (eml\u00e9ke\u00adz\u00e9sek Ady Endr\u00e9r\u0151l; I. szerk. Kovaloszky Mikl\u00f3s; Bp., 1961); <strong>t\u00e1rssz.:<\/strong> Must\u00e1rmagok (versek; Bp.,\u00a01987); Magyar k\u00f6lt\u0151n\u0151k antol\u00f3gi\u00e1ja (Bp., 1997). <br \/><strong>Irod.:<\/strong> MIL; R\u00e9thy\u2013V\u00e1czy; RMIL; \u00daM\u00c9L; Vulturescu; \u00daM\u00c9L; Wikipedia; Z\u00e1honyi<\/br><\/p>\n","protected":false},"excerpt":{"rendered":"<p>Hadad, 1888. febr. 26, \u2020 Bp., 1977. febr. 4.: k\u00f6lt\u0151, pr\u00f3za\u00edr\u00f3. \u2013 Apja: Ady S\u00e1ndor k\u00f6rjegyz\u0151, A. Endre nagyb\u00e1tyja volt. F\u00e9rje: Landt Lajos, meghalt az els\u0151 vh.-ban (1916), 3 gyermek\u00e9t egyed\u00fcl nevelte. \u2013 Tan\u00edt\u00f3n\u0151i diplom\u00e1t Bp.-en szerzett (1908). Ir\u00f3i munk\u00e1ss\u00e1g\u00e1t novell\u00e1val, t\u00e1rc\u00e1val kezdte, a Zilahon megjelen\u0151 Szil\u00e1gys\u00e1gban. Sz\u00e9kelymosonban \u00e1llami (1916\u2013), majd ref. tan\u00edt\u00f3 volt (1919\u2013). [&hellip;]<\/p>\n","protected":false},"featured_media":0,"comment_status":"open","ping_status":"closed","template":"","meta":[],"product_brand":[],"product_cat":[137],"product_tag":[],"class_list":{"0":"post-1639","1":"product","2":"type-product","3":"status-publish","5":"product_cat-maros-megyei-eletrajzi-lexikon","7":"first","8":"instock","9":"shipping-taxable","10":"product-type-simple"},"_links":{"self":[{"href":"https:\/\/uj.adatbank.ro\/lexikon\/wp-json\/wp\/v2\/product\/1639","targetHints":{"allow":["GET"]}}],"collection":[{"href":"https:\/\/uj.adatbank.ro\/lexikon\/wp-json\/wp\/v2\/product"}],"about":[{"href":"https:\/\/uj.adatbank.ro\/lexikon\/wp-json\/wp\/v2\/types\/product"}],"replies":[{"embeddable":true,"href":"https:\/\/uj.adatbank.ro\/lexikon\/wp-json\/wp\/v2\/comments?post=1639"}],"wp:attachment":[{"href":"https:\/\/uj.adatbank.ro\/lexikon\/wp-json\/wp\/v2\/media?parent=1639"}],"wp:term":[{"taxonomy":"product_brand","embeddable":true,"href":"https:\/\/uj.adatbank.ro\/lexikon\/wp-json\/wp\/v2\/product_brand?post=1639"},{"taxonomy":"product_cat","embeddable":true,"href":"https:\/\/uj.adatbank.ro\/lexikon\/wp-json\/wp\/v2\/product_cat?post=1639"},{"taxonomy":"product_tag","embeddable":true,"href":"https:\/\/uj.adatbank.ro\/lexikon\/wp-json\/wp\/v2\/product_tag?post=1639"}],"curies":[{"name":"wp","href":"https:\/\/api.w.org\/{rel}","templated":true}]}}