{"id":16390,"date":"2025-07-15T16:15:16","date_gmt":"2025-07-15T14:15:16","guid":{"rendered":"https:\/\/uj.adatbank.ro\/lexikon\/termek\/nagy-levente-zoltan\/"},"modified":"2025-07-15T16:15:16","modified_gmt":"2025-07-15T14:15:16","slug":"nagy-levente-zoltan","status":"publish","type":"product","link":"https:\/\/uj.adatbank.ro\/lexikon\/termek\/nagy-levente-zoltan\/","title":{"rendered":"NAGY Levente Zolt\u00e1n"},"content":{"rendered":"<p>Kv., 1938. szept. 22., \u2020 Bp., 2003. m\u00e1rc. 25., Eger mellett a monosb\u00e9li temet\u0151ben nyugszik: orvos, sz\u00fcl\u00e9sz-n\u0151gy\u00f3gy\u00e1sz. \u2013 N. Jen\u0151 gy\u00f3gyszer\u00e9sz \u00e9s Margit tan\u00edt\u00f3n\u0151 fia. Feles\u00e9ge:Ir\u00e9n, orvos (1963), fiaik:L\u00e1szl\u00f3 Levente (1963) elektrom\u00e9rn\u00f6k; Zolt\u00e1n (1968) menedzser. \u2013 A Mv.-i OGYI v\u00e9gz\u0151se (1968), az orvostud.-ok doktora (1999). Belgy\u00f3gy\u00e1sz rezidens (1968\u201370), sz\u00fcl\u00e9sz-n\u0151gy\u00f3gy\u00e1sz gyakornok (1970), a Mv. OGYI tan\u00e1rseg\u00e9d, adjunktus \u00e9s sz\u00fcl\u00e9sz-n\u0151gy\u00f3gy\u00e1sz f\u0151orvos. Kutat\u00e1si ter\u00fclete intrauterin magzati \u00e1llapot-diagnosztika. A Mv.-i 2. sz. Sz\u00fcl\u00e9szeti Klinika sz\u00fcl\u00e9sz-n\u0151gy\u00f3gysz f\u0151orvosa volt. <br \/><strong>Irod.:<\/strong> EMKK 2000; [Nekrol\u00f3g] (N\u00fa., 2003. m\u00e1rc. 28.); P\u00e9ter 2006<\/br><\/p>\n","protected":false},"excerpt":{"rendered":"<p>Kv., 1938. szept. 22., \u2020 Bp., 2003. m\u00e1rc. 25., Eger mellett a monosb\u00e9li temet\u0151ben nyugszik: orvos, sz\u00fcl\u00e9sz-n\u0151gy\u00f3gy\u00e1sz. \u2013 N. Jen\u0151 gy\u00f3gyszer\u00e9sz \u00e9s Margit tan\u00edt\u00f3n\u0151 fia. Feles\u00e9ge:Ir\u00e9n, orvos (1963), fiaik:L\u00e1szl\u00f3 Levente (1963) elektrom\u00e9rn\u00f6k; Zolt\u00e1n (1968) menedzser. \u2013 A Mv.-i OGYI v\u00e9gz\u0151se (1968), az orvostud.-ok doktora (1999). Belgy\u00f3gy\u00e1sz rezidens (1968\u201370), sz\u00fcl\u00e9sz-n\u0151gy\u00f3gy\u00e1sz gyakornok (1970), a Mv. OGYI tan\u00e1rseg\u00e9d, [&hellip;]<\/p>\n","protected":false},"featured_media":0,"comment_status":"open","ping_status":"closed","template":"","meta":[],"product_brand":[],"product_cat":[137],"product_tag":[],"class_list":{"0":"post-16390","1":"product","2":"type-product","3":"status-publish","5":"product_cat-maros-megyei-eletrajzi-lexikon","7":"first","8":"instock","9":"shipping-taxable","10":"product-type-simple"},"_links":{"self":[{"href":"https:\/\/uj.adatbank.ro\/lexikon\/wp-json\/wp\/v2\/product\/16390","targetHints":{"allow":["GET"]}}],"collection":[{"href":"https:\/\/uj.adatbank.ro\/lexikon\/wp-json\/wp\/v2\/product"}],"about":[{"href":"https:\/\/uj.adatbank.ro\/lexikon\/wp-json\/wp\/v2\/types\/product"}],"replies":[{"embeddable":true,"href":"https:\/\/uj.adatbank.ro\/lexikon\/wp-json\/wp\/v2\/comments?post=16390"}],"wp:attachment":[{"href":"https:\/\/uj.adatbank.ro\/lexikon\/wp-json\/wp\/v2\/media?parent=16390"}],"wp:term":[{"taxonomy":"product_brand","embeddable":true,"href":"https:\/\/uj.adatbank.ro\/lexikon\/wp-json\/wp\/v2\/product_brand?post=16390"},{"taxonomy":"product_cat","embeddable":true,"href":"https:\/\/uj.adatbank.ro\/lexikon\/wp-json\/wp\/v2\/product_cat?post=16390"},{"taxonomy":"product_tag","embeddable":true,"href":"https:\/\/uj.adatbank.ro\/lexikon\/wp-json\/wp\/v2\/product_tag?post=16390"}],"curies":[{"name":"wp","href":"https:\/\/api.w.org\/{rel}","templated":true}]}}