{"id":16391,"date":"2025-07-15T16:15:18","date_gmt":"2025-07-15T14:15:18","guid":{"rendered":"https:\/\/uj.adatbank.ro\/lexikon\/termek\/nagy-lorinc\/"},"modified":"2025-07-15T16:15:18","modified_gmt":"2025-07-15T14:15:18","slug":"nagy-lorinc","status":"publish","type":"product","link":"https:\/\/uj.adatbank.ro\/lexikon\/termek\/nagy-lorinc\/","title":{"rendered":"NAGY L\u0151rinc"},"content":{"rendered":"<p>Mez\u0151panit, 1900., \u2020 ?: gazd\u00e1lkod\u00f3. \u2013 Apj\u00e1t\u00f3l tanult gazd\u00e1lkodni , majd saj\u00e1t f\u00f6ldj\u00e9n \u00f6n\u00e1ll\u00f3 lett (1930\u2013). A MP \u00e9s az EGE tagja, a Gazdak\u00f6r p\u00e9nzt\u00e1rosa, a Hangya \u00e9s a Sz\u00e9kely K\u00f6zbirtokoss\u00e1g ig. tagja. <br \/><strong>Irod.:<\/strong> Sz\u00e9kelyf\u00f6ld \u00ed.k.<\/br><\/p>\n","protected":false},"excerpt":{"rendered":"<p>Mez\u0151panit, 1900., \u2020 ?: gazd\u00e1lkod\u00f3. \u2013 Apj\u00e1t\u00f3l tanult gazd\u00e1lkodni , majd saj\u00e1t f\u00f6ldj\u00e9n \u00f6n\u00e1ll\u00f3 lett (1930\u2013). A MP \u00e9s az EGE tagja, a Gazdak\u00f6r p\u00e9nzt\u00e1rosa, a Hangya \u00e9s a Sz\u00e9kely K\u00f6zbirtokoss\u00e1g ig. tagja. Irod.: Sz\u00e9kelyf\u00f6ld \u00ed.k.<\/p>\n","protected":false},"featured_media":0,"comment_status":"open","ping_status":"closed","template":"","meta":[],"product_brand":[],"product_cat":[137],"product_tag":[],"class_list":{"0":"post-16391","1":"product","2":"type-product","3":"status-publish","5":"product_cat-maros-megyei-eletrajzi-lexikon","7":"first","8":"instock","9":"shipping-taxable","10":"product-type-simple"},"_links":{"self":[{"href":"https:\/\/uj.adatbank.ro\/lexikon\/wp-json\/wp\/v2\/product\/16391","targetHints":{"allow":["GET"]}}],"collection":[{"href":"https:\/\/uj.adatbank.ro\/lexikon\/wp-json\/wp\/v2\/product"}],"about":[{"href":"https:\/\/uj.adatbank.ro\/lexikon\/wp-json\/wp\/v2\/types\/product"}],"replies":[{"embeddable":true,"href":"https:\/\/uj.adatbank.ro\/lexikon\/wp-json\/wp\/v2\/comments?post=16391"}],"wp:attachment":[{"href":"https:\/\/uj.adatbank.ro\/lexikon\/wp-json\/wp\/v2\/media?parent=16391"}],"wp:term":[{"taxonomy":"product_brand","embeddable":true,"href":"https:\/\/uj.adatbank.ro\/lexikon\/wp-json\/wp\/v2\/product_brand?post=16391"},{"taxonomy":"product_cat","embeddable":true,"href":"https:\/\/uj.adatbank.ro\/lexikon\/wp-json\/wp\/v2\/product_cat?post=16391"},{"taxonomy":"product_tag","embeddable":true,"href":"https:\/\/uj.adatbank.ro\/lexikon\/wp-json\/wp\/v2\/product_tag?post=16391"}],"curies":[{"name":"wp","href":"https:\/\/api.w.org\/{rel}","templated":true}]}}