{"id":16393,"date":"2025-07-15T16:15:22","date_gmt":"2025-07-15T14:15:22","guid":{"rendered":"https:\/\/uj.adatbank.ro\/lexikon\/termek\/nagy-magda-sz-weinhert-magda\/"},"modified":"2025-07-15T16:15:22","modified_gmt":"2025-07-15T14:15:22","slug":"nagy-magda-sz-weinhert-magda","status":"publish","type":"product","link":"https:\/\/uj.adatbank.ro\/lexikon\/termek\/nagy-magda-sz-weinhert-magda\/","title":{"rendered":"NAGY Magda, sz. Weinhert Magda"},"content":{"rendered":"<p>? \u2020 Sz\u00e1szr\u00e9gen, 2007. nov. 15., gy\u00f3gyszer\u00e9sz. <br \/><strong>Irod.:<\/strong> [Nekrol\u00f3g] (N\u00fa., 2007. nov. 18.)<\/br><\/p>\n","protected":false},"excerpt":{"rendered":"<p>? \u2020 Sz\u00e1szr\u00e9gen, 2007. nov. 15., gy\u00f3gyszer\u00e9sz. Irod.: [Nekrol\u00f3g] (N\u00fa., 2007. nov. 18.)<\/p>\n","protected":false},"featured_media":0,"comment_status":"open","ping_status":"closed","template":"","meta":[],"product_brand":[],"product_cat":[137],"product_tag":[],"class_list":{"0":"post-16393","1":"product","2":"type-product","3":"status-publish","5":"product_cat-maros-megyei-eletrajzi-lexikon","7":"first","8":"instock","9":"shipping-taxable","10":"product-type-simple"},"_links":{"self":[{"href":"https:\/\/uj.adatbank.ro\/lexikon\/wp-json\/wp\/v2\/product\/16393","targetHints":{"allow":["GET"]}}],"collection":[{"href":"https:\/\/uj.adatbank.ro\/lexikon\/wp-json\/wp\/v2\/product"}],"about":[{"href":"https:\/\/uj.adatbank.ro\/lexikon\/wp-json\/wp\/v2\/types\/product"}],"replies":[{"embeddable":true,"href":"https:\/\/uj.adatbank.ro\/lexikon\/wp-json\/wp\/v2\/comments?post=16393"}],"wp:attachment":[{"href":"https:\/\/uj.adatbank.ro\/lexikon\/wp-json\/wp\/v2\/media?parent=16393"}],"wp:term":[{"taxonomy":"product_brand","embeddable":true,"href":"https:\/\/uj.adatbank.ro\/lexikon\/wp-json\/wp\/v2\/product_brand?post=16393"},{"taxonomy":"product_cat","embeddable":true,"href":"https:\/\/uj.adatbank.ro\/lexikon\/wp-json\/wp\/v2\/product_cat?post=16393"},{"taxonomy":"product_tag","embeddable":true,"href":"https:\/\/uj.adatbank.ro\/lexikon\/wp-json\/wp\/v2\/product_tag?post=16393"}],"curies":[{"name":"wp","href":"https:\/\/api.w.org\/{rel}","templated":true}]}}