{"id":16394,"date":"2025-07-15T16:15:23","date_gmt":"2025-07-15T14:15:23","guid":{"rendered":"https:\/\/uj.adatbank.ro\/lexikon\/termek\/nagy-margit\/"},"modified":"2025-07-15T16:15:23","modified_gmt":"2025-07-15T14:15:23","slug":"nagy-margit","status":"publish","type":"product","link":"https:\/\/uj.adatbank.ro\/lexikon\/termek\/nagy-margit\/","title":{"rendered":"NAGY Margit"},"content":{"rendered":"<p>K\u00f6pec, 1913. szept. 29., \u2020 ?: tan\u00e1r, n\u00e9pm\u0171vel\u0151. \u2013 Az egyetemet Kv.-on a BBTE m.-t\u00f6rt\u00e9nelem szak\u00e1n v\u00e9gezte (1961). K\u00e1ntortan\u00edt\u00f3 volt Radn\u00f3tf\u00e1j\u00e1n (1935\u201336), V\u00e1lasz\u00faton (1945\u201346), Kolozspat\u00e1n (1946\u201350), Magyarvist\u00e1n, M\u00e9r\u00e1ban, M\u00e1k\u00f3falv\u00e1n; Mez\u0151cs\u00e1v\u00e1son tan\u00e1r (1950\u201365); Mv.-en \u00e9lt. <br \/><strong>Irod.:<\/strong> RMKK<\/br><\/p>\n","protected":false},"excerpt":{"rendered":"<p>K\u00f6pec, 1913. szept. 29., \u2020 ?: tan\u00e1r, n\u00e9pm\u0171vel\u0151. \u2013 Az egyetemet Kv.-on a BBTE m.-t\u00f6rt\u00e9nelem szak\u00e1n v\u00e9gezte (1961). K\u00e1ntortan\u00edt\u00f3 volt Radn\u00f3tf\u00e1j\u00e1n (1935\u201336), V\u00e1lasz\u00faton (1945\u201346), Kolozspat\u00e1n (1946\u201350), Magyarvist\u00e1n, M\u00e9r\u00e1ban, M\u00e1k\u00f3falv\u00e1n; Mez\u0151cs\u00e1v\u00e1son tan\u00e1r (1950\u201365); Mv.-en \u00e9lt. Irod.: RMKK<\/p>\n","protected":false},"featured_media":0,"comment_status":"open","ping_status":"closed","template":"","meta":[],"product_brand":[],"product_cat":[137],"product_tag":[],"class_list":{"0":"post-16394","1":"product","2":"type-product","3":"status-publish","5":"product_cat-maros-megyei-eletrajzi-lexikon","7":"first","8":"instock","9":"shipping-taxable","10":"product-type-simple"},"_links":{"self":[{"href":"https:\/\/uj.adatbank.ro\/lexikon\/wp-json\/wp\/v2\/product\/16394","targetHints":{"allow":["GET"]}}],"collection":[{"href":"https:\/\/uj.adatbank.ro\/lexikon\/wp-json\/wp\/v2\/product"}],"about":[{"href":"https:\/\/uj.adatbank.ro\/lexikon\/wp-json\/wp\/v2\/types\/product"}],"replies":[{"embeddable":true,"href":"https:\/\/uj.adatbank.ro\/lexikon\/wp-json\/wp\/v2\/comments?post=16394"}],"wp:attachment":[{"href":"https:\/\/uj.adatbank.ro\/lexikon\/wp-json\/wp\/v2\/media?parent=16394"}],"wp:term":[{"taxonomy":"product_brand","embeddable":true,"href":"https:\/\/uj.adatbank.ro\/lexikon\/wp-json\/wp\/v2\/product_brand?post=16394"},{"taxonomy":"product_cat","embeddable":true,"href":"https:\/\/uj.adatbank.ro\/lexikon\/wp-json\/wp\/v2\/product_cat?post=16394"},{"taxonomy":"product_tag","embeddable":true,"href":"https:\/\/uj.adatbank.ro\/lexikon\/wp-json\/wp\/v2\/product_tag?post=16394"}],"curies":[{"name":"wp","href":"https:\/\/api.w.org\/{rel}","templated":true}]}}