{"id":16398,"date":"2025-07-15T16:15:30","date_gmt":"2025-07-15T14:15:30","guid":{"rendered":"https:\/\/uj.adatbank.ro\/lexikon\/termek\/nagy-marton-2\/"},"modified":"2025-07-15T16:15:30","modified_gmt":"2025-07-15T14:15:30","slug":"nagy-marton-2","status":"publish","type":"product","link":"https:\/\/uj.adatbank.ro\/lexikon\/termek\/nagy-marton-2\/","title":{"rendered":"NAGY M\u00e1rton"},"content":{"rendered":"<p>? \u2020 ? : f\u00f6ldbirtos. \u2013 Mez\u0151s\u00e1msondi birtokos, marossz\u00e9ki sz\u00e9kely csal\u00e1db\u00f3l sz\u00e1rmazott; a s\u00e1msondi j\u00f3sz\u00e1gra az adom\u00e1nylevelet B\u00e1thori G\u00e1bor fejedelemt\u0151l kapta. Udvarh\u00e1zuk ma m\u00e1r nem \u00e1ll. <br \/><strong>Irod.:<\/strong> Mez\u0151s\u00e1msond<\/br><\/p>\n","protected":false},"excerpt":{"rendered":"<p>? \u2020 ? : f\u00f6ldbirtos. \u2013 Mez\u0151s\u00e1msondi birtokos, marossz\u00e9ki sz\u00e9kely csal\u00e1db\u00f3l sz\u00e1rmazott; a s\u00e1msondi j\u00f3sz\u00e1gra az adom\u00e1nylevelet B\u00e1thori G\u00e1bor fejedelemt\u0151l kapta. Udvarh\u00e1zuk ma m\u00e1r nem \u00e1ll. Irod.: Mez\u0151s\u00e1msond<\/p>\n","protected":false},"featured_media":0,"comment_status":"open","ping_status":"closed","template":"","meta":[],"product_brand":[],"product_cat":[137],"product_tag":[],"class_list":{"0":"post-16398","1":"product","2":"type-product","3":"status-publish","5":"product_cat-maros-megyei-eletrajzi-lexikon","7":"first","8":"instock","9":"shipping-taxable","10":"product-type-simple"},"_links":{"self":[{"href":"https:\/\/uj.adatbank.ro\/lexikon\/wp-json\/wp\/v2\/product\/16398","targetHints":{"allow":["GET"]}}],"collection":[{"href":"https:\/\/uj.adatbank.ro\/lexikon\/wp-json\/wp\/v2\/product"}],"about":[{"href":"https:\/\/uj.adatbank.ro\/lexikon\/wp-json\/wp\/v2\/types\/product"}],"replies":[{"embeddable":true,"href":"https:\/\/uj.adatbank.ro\/lexikon\/wp-json\/wp\/v2\/comments?post=16398"}],"wp:attachment":[{"href":"https:\/\/uj.adatbank.ro\/lexikon\/wp-json\/wp\/v2\/media?parent=16398"}],"wp:term":[{"taxonomy":"product_brand","embeddable":true,"href":"https:\/\/uj.adatbank.ro\/lexikon\/wp-json\/wp\/v2\/product_brand?post=16398"},{"taxonomy":"product_cat","embeddable":true,"href":"https:\/\/uj.adatbank.ro\/lexikon\/wp-json\/wp\/v2\/product_cat?post=16398"},{"taxonomy":"product_tag","embeddable":true,"href":"https:\/\/uj.adatbank.ro\/lexikon\/wp-json\/wp\/v2\/product_tag?post=16398"}],"curies":[{"name":"wp","href":"https:\/\/api.w.org\/{rel}","templated":true}]}}