{"id":1640,"date":"2025-06-28T11:48:31","date_gmt":"2025-06-28T09:48:31","guid":{"rendered":"https:\/\/uj.adatbank.ro\/lexikon\/termek\/ady-samu-%c2%a7-szilagyfokereszturi\/"},"modified":"2025-06-28T11:48:31","modified_gmt":"2025-06-28T09:48:31","slug":"ady-samu-%c2%a7-szilagyfokereszturi","status":"publish","type":"product","link":"https:\/\/uj.adatbank.ro\/lexikon\/termek\/ady-samu-%c2%a7-szilagyfokereszturi\/","title":{"rendered":"ADY Samu, \u00a7 szil\u00e1gyf\u0151kereszt\u00fari"},"content":{"rendered":"<p>Sz\u00e9kelyab\u00f3d, 1898., \u2020 Mv., 1977.: hivatalnok, nemzet\u0151r. \u2013 Ady S\u00e1muel ref. lelk\u00e9sz fia. Le\u00e1nya: M\u00e1ria \/ Mariska. \u2013 \u00c9retts\u00e9gi ut\u00e1n (1916), mint \u00f6nk\u00e9ntes vett r\u00e9szt az I. vh.-ban, a piavei csat\u00e1ban megsebes\u00fclt, kit\u00fcntett\u00e9k a Vit\u00e9zs\u00e9gi Kisez\u00fcst \u00c9remmel. Kereskedelmi akad. v\u00e9gzett. K\u00f6nyvel\u00e9si ellen\u0151rk\u00e9nt dolgozott a Hangya Sz\u00f6vetkezetben. H\u00e1zass\u00e1ga \u00e9s a szentmih\u00e1lyi birtok elad\u00e1sa ut\u00e1n Tord\u00e1ra k\u00f6lt\u00f6ztek.Torda nemzet\u0151rparancsnoka (1940\u201344), az orosz bej\u00f6vetel ut\u00e1n elfogt\u00e1k. Foks\u00e1nyban, majd Szaratovban \u00e9s Atkaszban volt fogoly (13 h\u00f3napig). Hazat\u00e9r\u00e9se ut\u00e1n haza\u00e1rul\u00e1s v\u00e1dj\u00e1val hadb\u00edr\u00f3s\u00e1g el\u00e9 \u00e1ll\u00edtott\u00e1k, majd felmentett\u00e9k. \u00dajra letart\u00f3ztatt\u00e1k, a pitesti-i b\u00f6rt\u00f6nbe z\u00e1rt\u00e1k hat h\u00f3napra. <br \/><strong>Irod.:<\/strong> Akik im\u00e1dkoztak 2.<\/br><\/p>\n","protected":false},"excerpt":{"rendered":"<p>Sz\u00e9kelyab\u00f3d, 1898., \u2020 Mv., 1977.: hivatalnok, nemzet\u0151r. \u2013 Ady S\u00e1muel ref. lelk\u00e9sz fia. Le\u00e1nya: M\u00e1ria \/ Mariska. \u2013 \u00c9retts\u00e9gi ut\u00e1n (1916), mint \u00f6nk\u00e9ntes vett r\u00e9szt az I. vh.-ban, a piavei csat\u00e1ban megsebes\u00fclt, kit\u00fcntett\u00e9k a Vit\u00e9zs\u00e9gi Kisez\u00fcst \u00c9remmel. Kereskedelmi akad. v\u00e9gzett. K\u00f6nyvel\u00e9si ellen\u0151rk\u00e9nt dolgozott a Hangya Sz\u00f6vetkezetben. H\u00e1zass\u00e1ga \u00e9s a szentmih\u00e1lyi birtok elad\u00e1sa ut\u00e1n Tord\u00e1ra k\u00f6lt\u00f6ztek.Torda [&hellip;]<\/p>\n","protected":false},"featured_media":0,"comment_status":"open","ping_status":"closed","template":"","meta":[],"product_brand":[],"product_cat":[137],"product_tag":[],"class_list":{"0":"post-1640","1":"product","2":"type-product","3":"status-publish","5":"product_cat-maros-megyei-eletrajzi-lexikon","7":"first","8":"instock","9":"shipping-taxable","10":"product-type-simple"},"_links":{"self":[{"href":"https:\/\/uj.adatbank.ro\/lexikon\/wp-json\/wp\/v2\/product\/1640","targetHints":{"allow":["GET"]}}],"collection":[{"href":"https:\/\/uj.adatbank.ro\/lexikon\/wp-json\/wp\/v2\/product"}],"about":[{"href":"https:\/\/uj.adatbank.ro\/lexikon\/wp-json\/wp\/v2\/types\/product"}],"replies":[{"embeddable":true,"href":"https:\/\/uj.adatbank.ro\/lexikon\/wp-json\/wp\/v2\/comments?post=1640"}],"wp:attachment":[{"href":"https:\/\/uj.adatbank.ro\/lexikon\/wp-json\/wp\/v2\/media?parent=1640"}],"wp:term":[{"taxonomy":"product_brand","embeddable":true,"href":"https:\/\/uj.adatbank.ro\/lexikon\/wp-json\/wp\/v2\/product_brand?post=1640"},{"taxonomy":"product_cat","embeddable":true,"href":"https:\/\/uj.adatbank.ro\/lexikon\/wp-json\/wp\/v2\/product_cat?post=1640"},{"taxonomy":"product_tag","embeddable":true,"href":"https:\/\/uj.adatbank.ro\/lexikon\/wp-json\/wp\/v2\/product_tag?post=1640"}],"curies":[{"name":"wp","href":"https:\/\/api.w.org\/{rel}","templated":true}]}}