{"id":16401,"date":"2025-07-15T16:15:37","date_gmt":"2025-07-15T14:15:37","guid":{"rendered":"https:\/\/uj.adatbank.ro\/lexikon\/termek\/nagy-marton-5\/"},"modified":"2025-07-15T16:15:37","modified_gmt":"2025-07-15T14:15:37","slug":"nagy-marton-5","status":"publish","type":"product","link":"https:\/\/uj.adatbank.ro\/lexikon\/termek\/nagy-marton-5\/","title":{"rendered":"NAGY M\u00e1rton"},"content":{"rendered":"<p>1827.? \u2020 Mv., 1902. okt. 11.: husz\u00e1r. \u2013 Feles\u00e9ge: Ferdink\u00f3 Paulina (1845 \u2013 1901. nov. 29.). Gyermekei: N. Berta P\u00e9terfi J\u00f3zsefn\u00e9, N. R\u00f3z\u00e1lia F\u00e1bi\u00e1n Ferencn\u00e9; N. Ilona Nagy G\u00e1born\u00e9. \u2013 1848\u201349-iki honv\u00e9d-husz\u00e1r tizedes. <br \/><strong>Irod.:<\/strong> Gy\u00e1szjelent\u0151<\/br><\/p>\n","protected":false},"excerpt":{"rendered":"<p>1827.? \u2020 Mv., 1902. okt. 11.: husz\u00e1r. \u2013 Feles\u00e9ge: Ferdink\u00f3 Paulina (1845 \u2013 1901. nov. 29.). Gyermekei: N. Berta P\u00e9terfi J\u00f3zsefn\u00e9, N. R\u00f3z\u00e1lia F\u00e1bi\u00e1n Ferencn\u00e9; N. Ilona Nagy G\u00e1born\u00e9. \u2013 1848\u201349-iki honv\u00e9d-husz\u00e1r tizedes. Irod.: Gy\u00e1szjelent\u0151<\/p>\n","protected":false},"featured_media":0,"comment_status":"open","ping_status":"closed","template":"","meta":[],"product_brand":[],"product_cat":[137],"product_tag":[],"class_list":{"0":"post-16401","1":"product","2":"type-product","3":"status-publish","5":"product_cat-maros-megyei-eletrajzi-lexikon","7":"first","8":"instock","9":"shipping-taxable","10":"product-type-simple"},"_links":{"self":[{"href":"https:\/\/uj.adatbank.ro\/lexikon\/wp-json\/wp\/v2\/product\/16401","targetHints":{"allow":["GET"]}}],"collection":[{"href":"https:\/\/uj.adatbank.ro\/lexikon\/wp-json\/wp\/v2\/product"}],"about":[{"href":"https:\/\/uj.adatbank.ro\/lexikon\/wp-json\/wp\/v2\/types\/product"}],"replies":[{"embeddable":true,"href":"https:\/\/uj.adatbank.ro\/lexikon\/wp-json\/wp\/v2\/comments?post=16401"}],"wp:attachment":[{"href":"https:\/\/uj.adatbank.ro\/lexikon\/wp-json\/wp\/v2\/media?parent=16401"}],"wp:term":[{"taxonomy":"product_brand","embeddable":true,"href":"https:\/\/uj.adatbank.ro\/lexikon\/wp-json\/wp\/v2\/product_brand?post=16401"},{"taxonomy":"product_cat","embeddable":true,"href":"https:\/\/uj.adatbank.ro\/lexikon\/wp-json\/wp\/v2\/product_cat?post=16401"},{"taxonomy":"product_tag","embeddable":true,"href":"https:\/\/uj.adatbank.ro\/lexikon\/wp-json\/wp\/v2\/product_tag?post=16401"}],"curies":[{"name":"wp","href":"https:\/\/api.w.org\/{rel}","templated":true}]}}