{"id":16402,"date":"2025-07-15T16:15:39","date_gmt":"2025-07-15T14:15:39","guid":{"rendered":"https:\/\/uj.adatbank.ro\/lexikon\/termek\/nagy-marton-backamadarasi\/"},"modified":"2025-07-15T16:15:39","modified_gmt":"2025-07-15T14:15:39","slug":"nagy-marton-backamadarasi","status":"publish","type":"product","link":"https:\/\/uj.adatbank.ro\/lexikon\/termek\/nagy-marton-backamadarasi\/","title":{"rendered":"NAGY M\u00e1rton, backamadarasi"},"content":{"rendered":"<p>17. sz. \u2020 ?: nemes. \u2013 R\u00e1k\u00f3czi Zsigmondt\u00f3l kapott nemesi oklevelet (1607), primipil\u00e1rist nyert (1607. m\u00e1rc. 29.), majd lustr\u00e1lt (1614). Backamadarason \u00e9lt. \u00c1ttelepedett Ny\u00e1r\u00e1dszentbenedekre. <br \/><strong>Irod.:<\/strong> Keresztes; Keresztes Gyula: A backamadarasi udvarh\u00e1z \u00e9s kast\u00e9ly (N\u00fa., 1994. febr. 25.); Ny\u00e1r\u00e1dszentbenedek; Nagy M\u00e1rton (red.).<\/br><\/p>\n","protected":false},"excerpt":{"rendered":"<p>17. sz. \u2020 ?: nemes. \u2013 R\u00e1k\u00f3czi Zsigmondt\u00f3l kapott nemesi oklevelet (1607), primipil\u00e1rist nyert (1607. m\u00e1rc. 29.), majd lustr\u00e1lt (1614). Backamadarason \u00e9lt. \u00c1ttelepedett Ny\u00e1r\u00e1dszentbenedekre. Irod.: Keresztes; Keresztes Gyula: A backamadarasi udvarh\u00e1z \u00e9s kast\u00e9ly (N\u00fa., 1994. febr. 25.); Ny\u00e1r\u00e1dszentbenedek; Nagy M\u00e1rton (red.).<\/p>\n","protected":false},"featured_media":0,"comment_status":"open","ping_status":"closed","template":"","meta":[],"product_brand":[],"product_cat":[137],"product_tag":[],"class_list":{"0":"post-16402","1":"product","2":"type-product","3":"status-publish","5":"product_cat-maros-megyei-eletrajzi-lexikon","7":"first","8":"instock","9":"shipping-taxable","10":"product-type-simple"},"_links":{"self":[{"href":"https:\/\/uj.adatbank.ro\/lexikon\/wp-json\/wp\/v2\/product\/16402","targetHints":{"allow":["GET"]}}],"collection":[{"href":"https:\/\/uj.adatbank.ro\/lexikon\/wp-json\/wp\/v2\/product"}],"about":[{"href":"https:\/\/uj.adatbank.ro\/lexikon\/wp-json\/wp\/v2\/types\/product"}],"replies":[{"embeddable":true,"href":"https:\/\/uj.adatbank.ro\/lexikon\/wp-json\/wp\/v2\/comments?post=16402"}],"wp:attachment":[{"href":"https:\/\/uj.adatbank.ro\/lexikon\/wp-json\/wp\/v2\/media?parent=16402"}],"wp:term":[{"taxonomy":"product_brand","embeddable":true,"href":"https:\/\/uj.adatbank.ro\/lexikon\/wp-json\/wp\/v2\/product_brand?post=16402"},{"taxonomy":"product_cat","embeddable":true,"href":"https:\/\/uj.adatbank.ro\/lexikon\/wp-json\/wp\/v2\/product_cat?post=16402"},{"taxonomy":"product_tag","embeddable":true,"href":"https:\/\/uj.adatbank.ro\/lexikon\/wp-json\/wp\/v2\/product_tag?post=16402"}],"curies":[{"name":"wp","href":"https:\/\/api.w.org\/{rel}","templated":true}]}}