{"id":16405,"date":"2025-07-15T16:15:46","date_gmt":"2025-07-15T14:15:46","guid":{"rendered":"https:\/\/uj.adatbank.ro\/lexikon\/termek\/nagy-matild\/"},"modified":"2025-07-15T16:15:46","modified_gmt":"2025-07-15T14:15:46","slug":"nagy-matild","status":"publish","type":"product","link":"https:\/\/uj.adatbank.ro\/lexikon\/termek\/nagy-matild\/","title":{"rendered":"NAGY Matild"},"content":{"rendered":"<p>Bp., 1900. dec. 3.., \u2020: gy\u00f3gyszer\u00e9sz. \u2013 Szegeden kapott gy\u00f3gyszer\u00e9sz diplom\u00e1t (1930. j\u00fan. 30.). Mv.-en alkalmazott a Record gy\u00f3gyszert\u00e1rban (1942-ig) \u00e9s a Szent Gy\u00f6rgy patik\u00e1ban (1942. febr.\u20131948. aug.). <br \/><strong>Irod.:<\/strong> P\u00e9ter H. M.<\/br><\/p>\n","protected":false},"excerpt":{"rendered":"<p>Bp., 1900. dec. 3.., \u2020: gy\u00f3gyszer\u00e9sz. \u2013 Szegeden kapott gy\u00f3gyszer\u00e9sz diplom\u00e1t (1930. j\u00fan. 30.). Mv.-en alkalmazott a Record gy\u00f3gyszert\u00e1rban (1942-ig) \u00e9s a Szent Gy\u00f6rgy patik\u00e1ban (1942. febr.\u20131948. aug.). Irod.: P\u00e9ter H. M.<\/p>\n","protected":false},"featured_media":0,"comment_status":"open","ping_status":"closed","template":"","meta":[],"product_brand":[],"product_cat":[137],"product_tag":[],"class_list":{"0":"post-16405","1":"product","2":"type-product","3":"status-publish","5":"product_cat-maros-megyei-eletrajzi-lexikon","7":"first","8":"instock","9":"shipping-taxable","10":"product-type-simple"},"_links":{"self":[{"href":"https:\/\/uj.adatbank.ro\/lexikon\/wp-json\/wp\/v2\/product\/16405","targetHints":{"allow":["GET"]}}],"collection":[{"href":"https:\/\/uj.adatbank.ro\/lexikon\/wp-json\/wp\/v2\/product"}],"about":[{"href":"https:\/\/uj.adatbank.ro\/lexikon\/wp-json\/wp\/v2\/types\/product"}],"replies":[{"embeddable":true,"href":"https:\/\/uj.adatbank.ro\/lexikon\/wp-json\/wp\/v2\/comments?post=16405"}],"wp:attachment":[{"href":"https:\/\/uj.adatbank.ro\/lexikon\/wp-json\/wp\/v2\/media?parent=16405"}],"wp:term":[{"taxonomy":"product_brand","embeddable":true,"href":"https:\/\/uj.adatbank.ro\/lexikon\/wp-json\/wp\/v2\/product_brand?post=16405"},{"taxonomy":"product_cat","embeddable":true,"href":"https:\/\/uj.adatbank.ro\/lexikon\/wp-json\/wp\/v2\/product_cat?post=16405"},{"taxonomy":"product_tag","embeddable":true,"href":"https:\/\/uj.adatbank.ro\/lexikon\/wp-json\/wp\/v2\/product_tag?post=16405"}],"curies":[{"name":"wp","href":"https:\/\/api.w.org\/{rel}","templated":true}]}}