{"id":16406,"date":"2025-07-15T16:15:47","date_gmt":"2025-07-15T14:15:47","guid":{"rendered":"https:\/\/uj.adatbank.ro\/lexikon\/termek\/nagy-matyas-kaali\/"},"modified":"2025-07-15T16:15:47","modified_gmt":"2025-07-15T14:15:47","slug":"nagy-matyas-kaali","status":"publish","type":"product","link":"https:\/\/uj.adatbank.ro\/lexikon\/termek\/nagy-matyas-kaali\/","title":{"rendered":"NAGY M\u00e1ty\u00e1s, ka\u00e1li"},"content":{"rendered":"<p>Mez\u0151madaras, 1887., \u2020 ?: jegyz\u0151. \u2013 Tanulm\u00e1nyait Mv.-en v\u00e9gezte, majd jegyz\u0151i tanfolyamot hallgatott. A kv.-i egyetemen v\u00e9gzett. Cs\u00edkszentiv\u00e1nyon dolgozott mint jegyz\u0151 (\u20131919). Nagyerny\u00e9ben k\u00f6zs\u00e9gi f\u0151jegyz\u0151. Nyugd\u00edjba helyez\u00e9se ut\u00e1n gazd\u00e1lkodott Nagyerny\u00e9ben. Megalap\u00edtotta a Hangya Sz\u00f6vetkezetet. <br \/><strong>Irod.:<\/strong> Erd\u00e9lyi v\u00e1rmegy\u00e9k; Sz\u00e9kelyf\u00f6ld \u00ed.k.<\/br><\/p>\n","protected":false},"excerpt":{"rendered":"<p>Mez\u0151madaras, 1887., \u2020 ?: jegyz\u0151. \u2013 Tanulm\u00e1nyait Mv.-en v\u00e9gezte, majd jegyz\u0151i tanfolyamot hallgatott. A kv.-i egyetemen v\u00e9gzett. Cs\u00edkszentiv\u00e1nyon dolgozott mint jegyz\u0151 (\u20131919). Nagyerny\u00e9ben k\u00f6zs\u00e9gi f\u0151jegyz\u0151. Nyugd\u00edjba helyez\u00e9se ut\u00e1n gazd\u00e1lkodott Nagyerny\u00e9ben. Megalap\u00edtotta a Hangya Sz\u00f6vetkezetet. Irod.: Erd\u00e9lyi v\u00e1rmegy\u00e9k; Sz\u00e9kelyf\u00f6ld \u00ed.k.<\/p>\n","protected":false},"featured_media":0,"comment_status":"open","ping_status":"closed","template":"","meta":[],"product_brand":[],"product_cat":[137],"product_tag":[],"class_list":{"0":"post-16406","1":"product","2":"type-product","3":"status-publish","5":"product_cat-maros-megyei-eletrajzi-lexikon","7":"first","8":"instock","9":"shipping-taxable","10":"product-type-simple"},"_links":{"self":[{"href":"https:\/\/uj.adatbank.ro\/lexikon\/wp-json\/wp\/v2\/product\/16406","targetHints":{"allow":["GET"]}}],"collection":[{"href":"https:\/\/uj.adatbank.ro\/lexikon\/wp-json\/wp\/v2\/product"}],"about":[{"href":"https:\/\/uj.adatbank.ro\/lexikon\/wp-json\/wp\/v2\/types\/product"}],"replies":[{"embeddable":true,"href":"https:\/\/uj.adatbank.ro\/lexikon\/wp-json\/wp\/v2\/comments?post=16406"}],"wp:attachment":[{"href":"https:\/\/uj.adatbank.ro\/lexikon\/wp-json\/wp\/v2\/media?parent=16406"}],"wp:term":[{"taxonomy":"product_brand","embeddable":true,"href":"https:\/\/uj.adatbank.ro\/lexikon\/wp-json\/wp\/v2\/product_brand?post=16406"},{"taxonomy":"product_cat","embeddable":true,"href":"https:\/\/uj.adatbank.ro\/lexikon\/wp-json\/wp\/v2\/product_cat?post=16406"},{"taxonomy":"product_tag","embeddable":true,"href":"https:\/\/uj.adatbank.ro\/lexikon\/wp-json\/wp\/v2\/product_tag?post=16406"}],"curies":[{"name":"wp","href":"https:\/\/api.w.org\/{rel}","templated":true}]}}