{"id":16407,"date":"2025-07-15T16:15:49","date_gmt":"2025-07-15T14:15:49","guid":{"rendered":"https:\/\/uj.adatbank.ro\/lexikon\/termek\/nagy-mihaly\/"},"modified":"2025-07-15T16:15:49","modified_gmt":"2025-07-15T14:15:49","slug":"nagy-mihaly","status":"publish","type":"product","link":"https:\/\/uj.adatbank.ro\/lexikon\/termek\/nagy-mihaly\/","title":{"rendered":"NAGY Mih\u00e1ly"},"content":{"rendered":"<p>? \u202017. sz.?: lelk\u00e9sz. \u2013 Szentgeric\u00e9n szolg\u00e1lt, az unit\u00e1rius.egyh\u00e1zk\u00f6zs\u00e9g els\u0151 lelk\u00e9sze (1697). <br \/><strong>Irod.:<\/strong> Kelemen<\/br><\/p>\n","protected":false},"excerpt":{"rendered":"<p>? \u202017. sz.?: lelk\u00e9sz. \u2013 Szentgeric\u00e9n szolg\u00e1lt, az unit\u00e1rius.egyh\u00e1zk\u00f6zs\u00e9g els\u0151 lelk\u00e9sze (1697). Irod.: Kelemen<\/p>\n","protected":false},"featured_media":0,"comment_status":"open","ping_status":"closed","template":"","meta":[],"product_brand":[],"product_cat":[137],"product_tag":[],"class_list":{"0":"post-16407","1":"product","2":"type-product","3":"status-publish","5":"product_cat-maros-megyei-eletrajzi-lexikon","7":"first","8":"instock","9":"shipping-taxable","10":"product-type-simple"},"_links":{"self":[{"href":"https:\/\/uj.adatbank.ro\/lexikon\/wp-json\/wp\/v2\/product\/16407","targetHints":{"allow":["GET"]}}],"collection":[{"href":"https:\/\/uj.adatbank.ro\/lexikon\/wp-json\/wp\/v2\/product"}],"about":[{"href":"https:\/\/uj.adatbank.ro\/lexikon\/wp-json\/wp\/v2\/types\/product"}],"replies":[{"embeddable":true,"href":"https:\/\/uj.adatbank.ro\/lexikon\/wp-json\/wp\/v2\/comments?post=16407"}],"wp:attachment":[{"href":"https:\/\/uj.adatbank.ro\/lexikon\/wp-json\/wp\/v2\/media?parent=16407"}],"wp:term":[{"taxonomy":"product_brand","embeddable":true,"href":"https:\/\/uj.adatbank.ro\/lexikon\/wp-json\/wp\/v2\/product_brand?post=16407"},{"taxonomy":"product_cat","embeddable":true,"href":"https:\/\/uj.adatbank.ro\/lexikon\/wp-json\/wp\/v2\/product_cat?post=16407"},{"taxonomy":"product_tag","embeddable":true,"href":"https:\/\/uj.adatbank.ro\/lexikon\/wp-json\/wp\/v2\/product_tag?post=16407"}],"curies":[{"name":"wp","href":"https:\/\/api.w.org\/{rel}","templated":true}]}}