{"id":1641,"date":"2025-06-28T11:48:33","date_gmt":"2025-06-28T09:48:33","guid":{"rendered":"https:\/\/uj.adatbank.ro\/lexikon\/termek\/ady-samuel-szilagyfokereszturi\/"},"modified":"2025-06-28T11:48:33","modified_gmt":"2025-06-28T09:48:33","slug":"ady-samuel-szilagyfokereszturi","status":"publish","type":"product","link":"https:\/\/uj.adatbank.ro\/lexikon\/termek\/ady-samuel-szilagyfokereszturi\/","title":{"rendered":"ADY S\u00e1muel, szil\u00e1gyf\u0151kereszt\u00fari"},"content":{"rendered":"<p>K\u00e1poszt\u00e1sszentmikl\u00f3s, 1869. j\u00fal. 10., \u2020 Ny\u00e1r\u00e1dszentbenedek, 1923. szept. 19.: ref. lelk\u00e9sz. \u2013 A. S\u00e1muel (1836-Mv., 1897) tan\u00e1r fia. Fiai: Samu, L\u00e1szl\u00f3, Elem\u00e9r. \u2013 Elemi \u00e9s k\u00f6z\u00e9piskol\u00e1it Mv.-en, a teol\u00f3gi\u00e1t Nagyenyeden v\u00e9gezte. Mv.-en seg\u00e9dlelk\u00e9sz \u00e9s koll.-i jur\u00e1tus. Gyakornok a mv.-i Ref. Koll.-ban (1895\u201396). Sz\u00e9kelyab\u00e1don \u00e9s \u00c1kosfalv\u00e1n lelk\u00e9szkedett (1896\u2013). Ny\u00e1r\u00e1dszentbenedeken ref. lelk\u00e9sz (1899. nov. 14.\u20131923). Szolg\u00e1lata alatt jav\u00edtott\u00e1k a templomot (1908\u20131922). Az Iskolasz\u00e9k eln\u00f6ke volt (1899. nov. 14. \u2013 1904). Cikkei Sz\u00e9kely N\u00e9p, Erd\u00e9lyi Protest\u00e1ns Lap-ban jelentek meg. \u2013 <strong>F. m.:<\/strong> <strong>K\u00e9ziratban:<\/strong> Az \u00e1kosfalvi ref. egyh\u00e1zk\u00f6zs\u00e9g t\u00f6rt\u00e9nete, A ny\u00e1r\u00e1dszentbenedeki ref. egyh\u00e1zk\u00f6zs\u00e9g t\u00f6rt\u00e9nete, sz\u00e1mos pr\u00e9dik\u00e1ci\u00f3 \u00e9s alkalmi besz\u00e9d. <br \/><strong>Irod.:<\/strong> Guly\u00e1s; Ny\u00e1r\u00e1dszentbenedek; P\u00e1lmay<\/br><\/p>\n","protected":false},"excerpt":{"rendered":"<p>K\u00e1poszt\u00e1sszentmikl\u00f3s, 1869. j\u00fal. 10., \u2020 Ny\u00e1r\u00e1dszentbenedek, 1923. szept. 19.: ref. lelk\u00e9sz. \u2013 A. S\u00e1muel (1836-Mv., 1897) tan\u00e1r fia. Fiai: Samu, L\u00e1szl\u00f3, Elem\u00e9r. \u2013 Elemi \u00e9s k\u00f6z\u00e9piskol\u00e1it Mv.-en, a teol\u00f3gi\u00e1t Nagyenyeden v\u00e9gezte. Mv.-en seg\u00e9dlelk\u00e9sz \u00e9s koll.-i jur\u00e1tus. Gyakornok a mv.-i Ref. Koll.-ban (1895\u201396). Sz\u00e9kelyab\u00e1don \u00e9s \u00c1kosfalv\u00e1n lelk\u00e9szkedett (1896\u2013). Ny\u00e1r\u00e1dszentbenedeken ref. lelk\u00e9sz (1899. nov. 14.\u20131923). Szolg\u00e1lata alatt [&hellip;]<\/p>\n","protected":false},"featured_media":0,"comment_status":"open","ping_status":"closed","template":"","meta":[],"product_brand":[],"product_cat":[137],"product_tag":[],"class_list":{"0":"post-1641","1":"product","2":"type-product","3":"status-publish","5":"product_cat-maros-megyei-eletrajzi-lexikon","7":"first","8":"instock","9":"shipping-taxable","10":"product-type-simple"},"_links":{"self":[{"href":"https:\/\/uj.adatbank.ro\/lexikon\/wp-json\/wp\/v2\/product\/1641","targetHints":{"allow":["GET"]}}],"collection":[{"href":"https:\/\/uj.adatbank.ro\/lexikon\/wp-json\/wp\/v2\/product"}],"about":[{"href":"https:\/\/uj.adatbank.ro\/lexikon\/wp-json\/wp\/v2\/types\/product"}],"replies":[{"embeddable":true,"href":"https:\/\/uj.adatbank.ro\/lexikon\/wp-json\/wp\/v2\/comments?post=1641"}],"wp:attachment":[{"href":"https:\/\/uj.adatbank.ro\/lexikon\/wp-json\/wp\/v2\/media?parent=1641"}],"wp:term":[{"taxonomy":"product_brand","embeddable":true,"href":"https:\/\/uj.adatbank.ro\/lexikon\/wp-json\/wp\/v2\/product_brand?post=1641"},{"taxonomy":"product_cat","embeddable":true,"href":"https:\/\/uj.adatbank.ro\/lexikon\/wp-json\/wp\/v2\/product_cat?post=1641"},{"taxonomy":"product_tag","embeddable":true,"href":"https:\/\/uj.adatbank.ro\/lexikon\/wp-json\/wp\/v2\/product_tag?post=1641"}],"curies":[{"name":"wp","href":"https:\/\/api.w.org\/{rel}","templated":true}]}}