{"id":16412,"date":"2025-07-15T16:15:59","date_gmt":"2025-07-15T14:15:59","guid":{"rendered":"https:\/\/uj.adatbank.ro\/lexikon\/termek\/nagy-mihaly-6\/"},"modified":"2025-07-15T16:15:59","modified_gmt":"2025-07-15T14:15:59","slug":"nagy-mihaly-6","status":"publish","type":"product","link":"https:\/\/uj.adatbank.ro\/lexikon\/termek\/nagy-mihaly-6\/","title":{"rendered":"NAGY Mih\u00e1ly"},"content":{"rendered":"<p>? \u2020 ?: sz\u00edniigazgat\u00f3. \u2013 A dics\u0151szentm\u00e1rtoni sz\u00ednt\u00e1rsulat igazgat\u00f3ja (1870). T\u00e1rsulata Sz\u00e1szr\u00e9genben is j\u00e1tszott (1871). <br \/><strong>Irod.:<\/strong> Sch\u00f6pflin; Sz\u00e9kely H\u00edrlap (1870. aug. 3.)<\/br><\/p>\n","protected":false},"excerpt":{"rendered":"<p>? \u2020 ?: sz\u00edniigazgat\u00f3. \u2013 A dics\u0151szentm\u00e1rtoni sz\u00ednt\u00e1rsulat igazgat\u00f3ja (1870). T\u00e1rsulata Sz\u00e1szr\u00e9genben is j\u00e1tszott (1871). Irod.: Sch\u00f6pflin; Sz\u00e9kely H\u00edrlap (1870. aug. 3.)<\/p>\n","protected":false},"featured_media":0,"comment_status":"open","ping_status":"closed","template":"","meta":[],"product_brand":[],"product_cat":[137],"product_tag":[],"class_list":{"0":"post-16412","1":"product","2":"type-product","3":"status-publish","5":"product_cat-maros-megyei-eletrajzi-lexikon","7":"first","8":"instock","9":"shipping-taxable","10":"product-type-simple"},"_links":{"self":[{"href":"https:\/\/uj.adatbank.ro\/lexikon\/wp-json\/wp\/v2\/product\/16412","targetHints":{"allow":["GET"]}}],"collection":[{"href":"https:\/\/uj.adatbank.ro\/lexikon\/wp-json\/wp\/v2\/product"}],"about":[{"href":"https:\/\/uj.adatbank.ro\/lexikon\/wp-json\/wp\/v2\/types\/product"}],"replies":[{"embeddable":true,"href":"https:\/\/uj.adatbank.ro\/lexikon\/wp-json\/wp\/v2\/comments?post=16412"}],"wp:attachment":[{"href":"https:\/\/uj.adatbank.ro\/lexikon\/wp-json\/wp\/v2\/media?parent=16412"}],"wp:term":[{"taxonomy":"product_brand","embeddable":true,"href":"https:\/\/uj.adatbank.ro\/lexikon\/wp-json\/wp\/v2\/product_brand?post=16412"},{"taxonomy":"product_cat","embeddable":true,"href":"https:\/\/uj.adatbank.ro\/lexikon\/wp-json\/wp\/v2\/product_cat?post=16412"},{"taxonomy":"product_tag","embeddable":true,"href":"https:\/\/uj.adatbank.ro\/lexikon\/wp-json\/wp\/v2\/product_tag?post=16412"}],"curies":[{"name":"wp","href":"https:\/\/api.w.org\/{rel}","templated":true}]}}