{"id":16415,"date":"2025-07-15T16:16:05","date_gmt":"2025-07-15T14:16:05","guid":{"rendered":"https:\/\/uj.adatbank.ro\/lexikon\/termek\/nagy-mihaly-abrudbanyai-fogarasi-nyilas-id\/"},"modified":"2025-07-15T16:16:05","modified_gmt":"2025-07-15T14:16:05","slug":"nagy-mihaly-abrudbanyai-fogarasi-nyilas-id","status":"publish","type":"product","link":"https:\/\/uj.adatbank.ro\/lexikon\/termek\/nagy-mihaly-abrudbanyai-fogarasi-nyilas-id\/","title":{"rendered":"NAGY Mih\u00e1ly, abrudb\u00e1nyai, Fogarasi Nyilas, id."},"content":{"rendered":"<p>1721., \u2020 Nagy\u00f6lyves, 1796. m\u00e1j. 2.: ref. lelk\u00e9sz. \u2013 Feles\u00e9ge: Zal\u00e1nyi Bar\u00f3ti S\u00e1ra (esk\u00fcv\u0151 1759-, \u2020 1811). Fia: Nagy Mih\u00e1ly lelk\u00e9sz, k\u00f6vette a lelkip\u00e1sztori munk\u00e1ban. \u2013 Mv.-en subscrib\u00e1lt (1746). A d\u00e9si zsinaton ordin\u00e1lt\u00e1k (1758. j\u00fan.11.). Nagy\u00f6lyvesen lelk\u00e9sz hal\u00e1l\u00e1ig (1758. m\u00e1j. 5.\u20131796).<strong>F. m.:<\/strong> Haland\u00f3s\u00e1gb\u00f3l kivezet\u0151 \u00c1riadn\u00e9 fonala&#8230;Halotti besz\u00e9d p\u00f3kai S\u00e1rosi Gy\u00f6rgy felett, 1764. m\u00e1rc. 18.(Kv., 1765). <br \/><strong>Irod.:<\/strong> Halotti besz\u00e9dek; \u0150sz<\/br><\/p>\n","protected":false},"excerpt":{"rendered":"<p>1721., \u2020 Nagy\u00f6lyves, 1796. m\u00e1j. 2.: ref. lelk\u00e9sz. \u2013 Feles\u00e9ge: Zal\u00e1nyi Bar\u00f3ti S\u00e1ra (esk\u00fcv\u0151 1759-, \u2020 1811). Fia: Nagy Mih\u00e1ly lelk\u00e9sz, k\u00f6vette a lelkip\u00e1sztori munk\u00e1ban. \u2013 Mv.-en subscrib\u00e1lt (1746). A d\u00e9si zsinaton ordin\u00e1lt\u00e1k (1758. j\u00fan.11.). Nagy\u00f6lyvesen lelk\u00e9sz hal\u00e1l\u00e1ig (1758. m\u00e1j. 5.\u20131796).F. m.: Haland\u00f3s\u00e1gb\u00f3l kivezet\u0151 \u00c1riadn\u00e9 fonala&#8230;Halotti besz\u00e9d p\u00f3kai S\u00e1rosi Gy\u00f6rgy felett, 1764. m\u00e1rc. 18.(Kv., 1765). [&hellip;]<\/p>\n","protected":false},"featured_media":0,"comment_status":"open","ping_status":"closed","template":"","meta":[],"product_brand":[],"product_cat":[137],"product_tag":[],"class_list":{"0":"post-16415","1":"product","2":"type-product","3":"status-publish","5":"product_cat-maros-megyei-eletrajzi-lexikon","7":"first","8":"instock","9":"shipping-taxable","10":"product-type-simple"},"_links":{"self":[{"href":"https:\/\/uj.adatbank.ro\/lexikon\/wp-json\/wp\/v2\/product\/16415","targetHints":{"allow":["GET"]}}],"collection":[{"href":"https:\/\/uj.adatbank.ro\/lexikon\/wp-json\/wp\/v2\/product"}],"about":[{"href":"https:\/\/uj.adatbank.ro\/lexikon\/wp-json\/wp\/v2\/types\/product"}],"replies":[{"embeddable":true,"href":"https:\/\/uj.adatbank.ro\/lexikon\/wp-json\/wp\/v2\/comments?post=16415"}],"wp:attachment":[{"href":"https:\/\/uj.adatbank.ro\/lexikon\/wp-json\/wp\/v2\/media?parent=16415"}],"wp:term":[{"taxonomy":"product_brand","embeddable":true,"href":"https:\/\/uj.adatbank.ro\/lexikon\/wp-json\/wp\/v2\/product_brand?post=16415"},{"taxonomy":"product_cat","embeddable":true,"href":"https:\/\/uj.adatbank.ro\/lexikon\/wp-json\/wp\/v2\/product_cat?post=16415"},{"taxonomy":"product_tag","embeddable":true,"href":"https:\/\/uj.adatbank.ro\/lexikon\/wp-json\/wp\/v2\/product_tag?post=16415"}],"curies":[{"name":"wp","href":"https:\/\/api.w.org\/{rel}","templated":true}]}}