{"id":16417,"date":"2025-07-15T16:16:08","date_gmt":"2025-07-15T14:16:08","guid":{"rendered":"https:\/\/uj.adatbank.ro\/lexikon\/termek\/nagy-mihaly-id\/"},"modified":"2025-07-15T16:16:08","modified_gmt":"2025-07-15T14:16:08","slug":"nagy-mihaly-id","status":"publish","type":"product","link":"https:\/\/uj.adatbank.ro\/lexikon\/termek\/nagy-mihaly-id\/","title":{"rendered":"NAGY Mih\u00e1ly, id."},"content":{"rendered":"<p>1788.? \u2020 Mv., 1878. m\u00e1rc. 8.: b\u00e1dogos. \u2013 Gyermekei: N. Anna B\u00e1nyai J\u00f3zsefn\u00e9, N. K\u00e1rolina Graef J\u00f3zsefn\u00e9; N. Katalin Rozban Adolfn\u00e9; N. Domokos, feles\u00e9ge Zavatzky M\u00e1ria; N. Ign\u00e1c. \u2013 Mester Mv.-en, a szabad kir. v\u00e1ros polg\u00e1ra.. A mv.-i v\u00e1rtemplom renov\u00e1l\u00e1sa sor\u00e1n (1885), a zsindelyes fedel\u00e9t b\u00e1dogtet\u0151re cser\u00e9lte ki, fi\u00e1val egy\u00fctt levett\u00e9k a templom toronygombjait \u00e9s elk\u00e9sz\u00edtett\u00e9k az \u00fajat. A legels\u0151 r\u00e9zgombba egy pl\u00e9h dobozba z\u00e1rva sok \u00e9rdekes iratot tettek be. A nem minden vesz\u00e9ly n\u00e9lk\u00fcli m\u0171veletet megism\u00e9telte egy h\u00f3nap m\u00falva, amikor buzg\u00f3 ref. h\u00edvek felaj\u00e1nlott\u00e1k a gombok bearanyoz\u00e1s\u00e1t. A pl\u00e9hfed\u00e9s befejezt\u00e9vel az \u00f3ra lapj\u00e1nak \u00e9s k\u00f6rsz\u00e1mainak fest\u00e9s\u00e9t is elv\u00e9gezte. <br \/><strong>Irod.:<\/strong> Gy\u00e1szjelent\u0151; Id\u0151t\u00e1r 2; Kr\u00f3n. F\u00fcz. (1938\/9)<\/br><\/p>\n","protected":false},"excerpt":{"rendered":"<p>1788.? \u2020 Mv., 1878. m\u00e1rc. 8.: b\u00e1dogos. \u2013 Gyermekei: N. Anna B\u00e1nyai J\u00f3zsefn\u00e9, N. K\u00e1rolina Graef J\u00f3zsefn\u00e9; N. Katalin Rozban Adolfn\u00e9; N. Domokos, feles\u00e9ge Zavatzky M\u00e1ria; N. Ign\u00e1c. \u2013 Mester Mv.-en, a szabad kir. v\u00e1ros polg\u00e1ra.. A mv.-i v\u00e1rtemplom renov\u00e1l\u00e1sa sor\u00e1n (1885), a zsindelyes fedel\u00e9t b\u00e1dogtet\u0151re cser\u00e9lte ki, fi\u00e1val egy\u00fctt levett\u00e9k a templom toronygombjait \u00e9s [&hellip;]<\/p>\n","protected":false},"featured_media":0,"comment_status":"open","ping_status":"closed","template":"","meta":[],"product_brand":[],"product_cat":[137],"product_tag":[],"class_list":{"0":"post-16417","1":"product","2":"type-product","3":"status-publish","5":"product_cat-maros-megyei-eletrajzi-lexikon","7":"first","8":"instock","9":"shipping-taxable","10":"product-type-simple"},"_links":{"self":[{"href":"https:\/\/uj.adatbank.ro\/lexikon\/wp-json\/wp\/v2\/product\/16417","targetHints":{"allow":["GET"]}}],"collection":[{"href":"https:\/\/uj.adatbank.ro\/lexikon\/wp-json\/wp\/v2\/product"}],"about":[{"href":"https:\/\/uj.adatbank.ro\/lexikon\/wp-json\/wp\/v2\/types\/product"}],"replies":[{"embeddable":true,"href":"https:\/\/uj.adatbank.ro\/lexikon\/wp-json\/wp\/v2\/comments?post=16417"}],"wp:attachment":[{"href":"https:\/\/uj.adatbank.ro\/lexikon\/wp-json\/wp\/v2\/media?parent=16417"}],"wp:term":[{"taxonomy":"product_brand","embeddable":true,"href":"https:\/\/uj.adatbank.ro\/lexikon\/wp-json\/wp\/v2\/product_brand?post=16417"},{"taxonomy":"product_cat","embeddable":true,"href":"https:\/\/uj.adatbank.ro\/lexikon\/wp-json\/wp\/v2\/product_cat?post=16417"},{"taxonomy":"product_tag","embeddable":true,"href":"https:\/\/uj.adatbank.ro\/lexikon\/wp-json\/wp\/v2\/product_tag?post=16417"}],"curies":[{"name":"wp","href":"https:\/\/api.w.org\/{rel}","templated":true}]}}