{"id":16418,"date":"2025-07-15T16:16:09","date_gmt":"2025-07-15T14:16:09","guid":{"rendered":"https:\/\/uj.adatbank.ro\/lexikon\/termek\/nagy-mihaly-ifj\/"},"modified":"2025-07-15T16:16:09","modified_gmt":"2025-07-15T14:16:09","slug":"nagy-mihaly-ifj","status":"publish","type":"product","link":"https:\/\/uj.adatbank.ro\/lexikon\/termek\/nagy-mihaly-ifj\/","title":{"rendered":"NAGY Mih\u00e1ly, ifj."},"content":{"rendered":"<p>Nagy\u00f6lyves, 1865., \u2020 Nagy\u00f6lyves, 1825. aug. 16.: ref. lelk\u00e9sz. \u2013 Feles\u00e9ge Csiki \u00c1gnes (1792). Mv.-en subscrib\u00e1lt (1782). Az erd\u0151szentgy\u00f6rgyi zsinaton ordin\u00e1lt\u00e1k (1790). K\u00e1pl\u00e1n Nagy\u00f6lyvesen (1790\u201395), lelk\u00e9sz uo. hal\u00e1l\u00e1ig (1796\u20131825). <br \/><strong>Irod.:<\/strong> \u0150sz<\/br><\/p>\n","protected":false},"excerpt":{"rendered":"<p>Nagy\u00f6lyves, 1865., \u2020 Nagy\u00f6lyves, 1825. aug. 16.: ref. lelk\u00e9sz. \u2013 Feles\u00e9ge Csiki \u00c1gnes (1792). Mv.-en subscrib\u00e1lt (1782). Az erd\u0151szentgy\u00f6rgyi zsinaton ordin\u00e1lt\u00e1k (1790). K\u00e1pl\u00e1n Nagy\u00f6lyvesen (1790\u201395), lelk\u00e9sz uo. hal\u00e1l\u00e1ig (1796\u20131825). Irod.: \u0150sz<\/p>\n","protected":false},"featured_media":0,"comment_status":"open","ping_status":"closed","template":"","meta":[],"product_brand":[],"product_cat":[137],"product_tag":[],"class_list":{"0":"post-16418","1":"product","2":"type-product","3":"status-publish","5":"product_cat-maros-megyei-eletrajzi-lexikon","7":"first","8":"instock","9":"shipping-taxable","10":"product-type-simple"},"_links":{"self":[{"href":"https:\/\/uj.adatbank.ro\/lexikon\/wp-json\/wp\/v2\/product\/16418","targetHints":{"allow":["GET"]}}],"collection":[{"href":"https:\/\/uj.adatbank.ro\/lexikon\/wp-json\/wp\/v2\/product"}],"about":[{"href":"https:\/\/uj.adatbank.ro\/lexikon\/wp-json\/wp\/v2\/types\/product"}],"replies":[{"embeddable":true,"href":"https:\/\/uj.adatbank.ro\/lexikon\/wp-json\/wp\/v2\/comments?post=16418"}],"wp:attachment":[{"href":"https:\/\/uj.adatbank.ro\/lexikon\/wp-json\/wp\/v2\/media?parent=16418"}],"wp:term":[{"taxonomy":"product_brand","embeddable":true,"href":"https:\/\/uj.adatbank.ro\/lexikon\/wp-json\/wp\/v2\/product_brand?post=16418"},{"taxonomy":"product_cat","embeddable":true,"href":"https:\/\/uj.adatbank.ro\/lexikon\/wp-json\/wp\/v2\/product_cat?post=16418"},{"taxonomy":"product_tag","embeddable":true,"href":"https:\/\/uj.adatbank.ro\/lexikon\/wp-json\/wp\/v2\/product_tag?post=16418"}],"curies":[{"name":"wp","href":"https:\/\/api.w.org\/{rel}","templated":true}]}}