{"id":1642,"date":"2025-06-28T11:48:35","date_gmt":"2025-06-28T09:48:35","guid":{"rendered":"https:\/\/uj.adatbank.ro\/lexikon\/termek\/agai-laszlo\/"},"modified":"2025-06-28T11:48:35","modified_gmt":"2025-06-28T09:48:35","slug":"agai-laszlo","status":"publish","type":"product","link":"https:\/\/uj.adatbank.ro\/lexikon\/termek\/agai-laszlo\/","title":{"rendered":"\u00c1GAI L\u00e1szl\u00f3"},"content":{"rendered":"<p>1884., \u2020\u00a0?: tan\u00e1r. \u2013 Gyakornok a mv.-i Ref. Koll.-ban (1909\u201310). <br \/><strong>Irod.:<\/strong> Mv. t\u00f6rt. 2.<\/br><\/p>\n","protected":false},"excerpt":{"rendered":"<p>1884., \u2020\u00a0?: tan\u00e1r. \u2013 Gyakornok a mv.-i Ref. Koll.-ban (1909\u201310). Irod.: Mv. t\u00f6rt. 2.<\/p>\n","protected":false},"featured_media":0,"comment_status":"open","ping_status":"closed","template":"","meta":[],"product_brand":[],"product_cat":[137],"product_tag":[],"class_list":{"0":"post-1642","1":"product","2":"type-product","3":"status-publish","5":"product_cat-maros-megyei-eletrajzi-lexikon","7":"first","8":"instock","9":"shipping-taxable","10":"product-type-simple"},"_links":{"self":[{"href":"https:\/\/uj.adatbank.ro\/lexikon\/wp-json\/wp\/v2\/product\/1642","targetHints":{"allow":["GET"]}}],"collection":[{"href":"https:\/\/uj.adatbank.ro\/lexikon\/wp-json\/wp\/v2\/product"}],"about":[{"href":"https:\/\/uj.adatbank.ro\/lexikon\/wp-json\/wp\/v2\/types\/product"}],"replies":[{"embeddable":true,"href":"https:\/\/uj.adatbank.ro\/lexikon\/wp-json\/wp\/v2\/comments?post=1642"}],"wp:attachment":[{"href":"https:\/\/uj.adatbank.ro\/lexikon\/wp-json\/wp\/v2\/media?parent=1642"}],"wp:term":[{"taxonomy":"product_brand","embeddable":true,"href":"https:\/\/uj.adatbank.ro\/lexikon\/wp-json\/wp\/v2\/product_brand?post=1642"},{"taxonomy":"product_cat","embeddable":true,"href":"https:\/\/uj.adatbank.ro\/lexikon\/wp-json\/wp\/v2\/product_cat?post=1642"},{"taxonomy":"product_tag","embeddable":true,"href":"https:\/\/uj.adatbank.ro\/lexikon\/wp-json\/wp\/v2\/product_tag?post=1642"}],"curies":[{"name":"wp","href":"https:\/\/api.w.org\/{rel}","templated":true}]}}