{"id":16425,"date":"2025-07-15T16:16:25","date_gmt":"2025-07-15T14:16:25","guid":{"rendered":"https:\/\/uj.adatbank.ro\/lexikon\/termek\/nagy-miklos-4\/"},"modified":"2025-07-15T16:16:25","modified_gmt":"2025-07-15T14:16:25","slug":"nagy-miklos-4","status":"publish","type":"product","link":"https:\/\/uj.adatbank.ro\/lexikon\/termek\/nagy-miklos-4\/","title":{"rendered":"NAGY Mikl\u00f3s"},"content":{"rendered":"<p>1855., \u2020 ?: \u00fcgyv\u00e9d. \u2013 El\u0151bb D\u00e9sen azut\u00e1n Mv.-en (1886\u2013) volt \u00fcgyv\u00e9di irod\u00e1ja. Vez\u00e9rcikkeket \u00edrt a M. \u00c1llamba, nemzetgazdas\u00e1giakat a M. Gazdast\u00e1gi Szemle, Ellenz\u00e9k-ben. <strong>F. m.:<\/strong>A tizennyolc \u00e9ves magyar h\u00e1ztart\u00e1s p\u00e9nz\u00fcgyi v\u00e1ls\u00e1gban (Bp., 1886); A politikai magyar nemzet a l\u00e9t \u00e9s neml\u00e9t k\u00f6z\u00f6tt (Kv., 1887). <br \/><strong>Irod.:<\/strong> Guly\u00e1s; Szinnyei<\/br><\/p>\n","protected":false},"excerpt":{"rendered":"<p>1855., \u2020 ?: \u00fcgyv\u00e9d. \u2013 El\u0151bb D\u00e9sen azut\u00e1n Mv.-en (1886\u2013) volt \u00fcgyv\u00e9di irod\u00e1ja. Vez\u00e9rcikkeket \u00edrt a M. \u00c1llamba, nemzetgazdas\u00e1giakat a M. Gazdast\u00e1gi Szemle, Ellenz\u00e9k-ben. F. m.:A tizennyolc \u00e9ves magyar h\u00e1ztart\u00e1s p\u00e9nz\u00fcgyi v\u00e1ls\u00e1gban (Bp., 1886); A politikai magyar nemzet a l\u00e9t \u00e9s neml\u00e9t k\u00f6z\u00f6tt (Kv., 1887). Irod.: Guly\u00e1s; Szinnyei<\/p>\n","protected":false},"featured_media":0,"comment_status":"open","ping_status":"closed","template":"","meta":[],"product_brand":[],"product_cat":[137],"product_tag":[],"class_list":{"0":"post-16425","1":"product","2":"type-product","3":"status-publish","5":"product_cat-maros-megyei-eletrajzi-lexikon","7":"first","8":"instock","9":"shipping-taxable","10":"product-type-simple"},"_links":{"self":[{"href":"https:\/\/uj.adatbank.ro\/lexikon\/wp-json\/wp\/v2\/product\/16425","targetHints":{"allow":["GET"]}}],"collection":[{"href":"https:\/\/uj.adatbank.ro\/lexikon\/wp-json\/wp\/v2\/product"}],"about":[{"href":"https:\/\/uj.adatbank.ro\/lexikon\/wp-json\/wp\/v2\/types\/product"}],"replies":[{"embeddable":true,"href":"https:\/\/uj.adatbank.ro\/lexikon\/wp-json\/wp\/v2\/comments?post=16425"}],"wp:attachment":[{"href":"https:\/\/uj.adatbank.ro\/lexikon\/wp-json\/wp\/v2\/media?parent=16425"}],"wp:term":[{"taxonomy":"product_brand","embeddable":true,"href":"https:\/\/uj.adatbank.ro\/lexikon\/wp-json\/wp\/v2\/product_brand?post=16425"},{"taxonomy":"product_cat","embeddable":true,"href":"https:\/\/uj.adatbank.ro\/lexikon\/wp-json\/wp\/v2\/product_cat?post=16425"},{"taxonomy":"product_tag","embeddable":true,"href":"https:\/\/uj.adatbank.ro\/lexikon\/wp-json\/wp\/v2\/product_tag?post=16425"}],"curies":[{"name":"wp","href":"https:\/\/api.w.org\/{rel}","templated":true}]}}