{"id":16427,"date":"2025-07-15T16:16:28","date_gmt":"2025-07-15T14:16:28","guid":{"rendered":"https:\/\/uj.adatbank.ro\/lexikon\/termek\/nagy-miklos-kaali\/"},"modified":"2025-07-15T16:16:28","modified_gmt":"2025-07-15T14:16:28","slug":"nagy-miklos-kaali","status":"publish","type":"product","link":"https:\/\/uj.adatbank.ro\/lexikon\/termek\/nagy-miklos-kaali\/","title":{"rendered":"NAGY Mikl\u00f3s, ka\u00e1li"},"content":{"rendered":"<p>? \u2020 1832.: p\u00e9nzt\u00e1rnok. \u2013 Fiai: J\u00f3zsef \u00e9s Lajos. \u2013 Kir. p\u00e9nzt\u00e1ros. Az unit. egyh\u00e1z marosk\u00f6ri gondnoka (1811\u2013). Nagy adom\u00e1nyt tett az unit. egyh\u00e1znak. <br \/><strong>Irod.:<\/strong> K\u0151v\u00e1ry L\u00e1szl\u00f3 1899<\/br><\/p>\n","protected":false},"excerpt":{"rendered":"<p>? \u2020 1832.: p\u00e9nzt\u00e1rnok. \u2013 Fiai: J\u00f3zsef \u00e9s Lajos. \u2013 Kir. p\u00e9nzt\u00e1ros. Az unit. egyh\u00e1z marosk\u00f6ri gondnoka (1811\u2013). Nagy adom\u00e1nyt tett az unit. egyh\u00e1znak. Irod.: K\u0151v\u00e1ry L\u00e1szl\u00f3 1899<\/p>\n","protected":false},"featured_media":0,"comment_status":"open","ping_status":"closed","template":"","meta":[],"product_brand":[],"product_cat":[137],"product_tag":[],"class_list":{"0":"post-16427","1":"product","2":"type-product","3":"status-publish","5":"product_cat-maros-megyei-eletrajzi-lexikon","7":"first","8":"instock","9":"shipping-taxable","10":"product-type-simple"},"_links":{"self":[{"href":"https:\/\/uj.adatbank.ro\/lexikon\/wp-json\/wp\/v2\/product\/16427","targetHints":{"allow":["GET"]}}],"collection":[{"href":"https:\/\/uj.adatbank.ro\/lexikon\/wp-json\/wp\/v2\/product"}],"about":[{"href":"https:\/\/uj.adatbank.ro\/lexikon\/wp-json\/wp\/v2\/types\/product"}],"replies":[{"embeddable":true,"href":"https:\/\/uj.adatbank.ro\/lexikon\/wp-json\/wp\/v2\/comments?post=16427"}],"wp:attachment":[{"href":"https:\/\/uj.adatbank.ro\/lexikon\/wp-json\/wp\/v2\/media?parent=16427"}],"wp:term":[{"taxonomy":"product_brand","embeddable":true,"href":"https:\/\/uj.adatbank.ro\/lexikon\/wp-json\/wp\/v2\/product_brand?post=16427"},{"taxonomy":"product_cat","embeddable":true,"href":"https:\/\/uj.adatbank.ro\/lexikon\/wp-json\/wp\/v2\/product_cat?post=16427"},{"taxonomy":"product_tag","embeddable":true,"href":"https:\/\/uj.adatbank.ro\/lexikon\/wp-json\/wp\/v2\/product_tag?post=16427"}],"curies":[{"name":"wp","href":"https:\/\/api.w.org\/{rel}","templated":true}]}}