{"id":16429,"date":"2025-07-15T16:16:33","date_gmt":"2025-07-15T14:16:33","guid":{"rendered":"https:\/\/uj.adatbank.ro\/lexikon\/termek\/nagy-mozes-2\/"},"modified":"2025-07-15T16:16:33","modified_gmt":"2025-07-15T14:16:33","slug":"nagy-mozes-2","status":"publish","type":"product","link":"https:\/\/uj.adatbank.ro\/lexikon\/termek\/nagy-mozes-2\/","title":{"rendered":"NAGY M\u00f3zes"},"content":{"rendered":"<p>? \u2020 Szentgerice, 1900.: ref. lelk\u00e9sz. \u2013 Feles\u00e9ge: Biki R\u00e1chel. Gyermekeik: Anna Csekme J\u00e1nosn\u00e9; N. Domokos, feles\u00e9ge: Ambrus M\u00e1ria (1856 \u2013 Mv., 1879. j\u00fal. 30.). \u2013 Szentgeric\u00e9n szolg\u00e1lt (1854\u20131900). Az \u0151 idej\u00e9ben \u00e9p\u00fclt a ref. templom tornya, a ref. iskola \u00e9s tan\u00edt\u00f3i lak\u00e1s. <br \/><strong>Irod.:<\/strong> Gy\u00e1szjelent\u0151, Kelemen Lajos 1982; Szentgerice<\/br><\/p>\n","protected":false},"excerpt":{"rendered":"<p>? \u2020 Szentgerice, 1900.: ref. lelk\u00e9sz. \u2013 Feles\u00e9ge: Biki R\u00e1chel. Gyermekeik: Anna Csekme J\u00e1nosn\u00e9; N. Domokos, feles\u00e9ge: Ambrus M\u00e1ria (1856 \u2013 Mv., 1879. j\u00fal. 30.). \u2013 Szentgeric\u00e9n szolg\u00e1lt (1854\u20131900). Az \u0151 idej\u00e9ben \u00e9p\u00fclt a ref. templom tornya, a ref. iskola \u00e9s tan\u00edt\u00f3i lak\u00e1s. Irod.: Gy\u00e1szjelent\u0151, Kelemen Lajos 1982; Szentgerice<\/p>\n","protected":false},"featured_media":0,"comment_status":"open","ping_status":"closed","template":"","meta":[],"product_brand":[],"product_cat":[137],"product_tag":[],"class_list":{"0":"post-16429","1":"product","2":"type-product","3":"status-publish","5":"product_cat-maros-megyei-eletrajzi-lexikon","7":"first","8":"instock","9":"shipping-taxable","10":"product-type-simple"},"_links":{"self":[{"href":"https:\/\/uj.adatbank.ro\/lexikon\/wp-json\/wp\/v2\/product\/16429","targetHints":{"allow":["GET"]}}],"collection":[{"href":"https:\/\/uj.adatbank.ro\/lexikon\/wp-json\/wp\/v2\/product"}],"about":[{"href":"https:\/\/uj.adatbank.ro\/lexikon\/wp-json\/wp\/v2\/types\/product"}],"replies":[{"embeddable":true,"href":"https:\/\/uj.adatbank.ro\/lexikon\/wp-json\/wp\/v2\/comments?post=16429"}],"wp:attachment":[{"href":"https:\/\/uj.adatbank.ro\/lexikon\/wp-json\/wp\/v2\/media?parent=16429"}],"wp:term":[{"taxonomy":"product_brand","embeddable":true,"href":"https:\/\/uj.adatbank.ro\/lexikon\/wp-json\/wp\/v2\/product_brand?post=16429"},{"taxonomy":"product_cat","embeddable":true,"href":"https:\/\/uj.adatbank.ro\/lexikon\/wp-json\/wp\/v2\/product_cat?post=16429"},{"taxonomy":"product_tag","embeddable":true,"href":"https:\/\/uj.adatbank.ro\/lexikon\/wp-json\/wp\/v2\/product_tag?post=16429"}],"curies":[{"name":"wp","href":"https:\/\/api.w.org\/{rel}","templated":true}]}}