{"id":1643,"date":"2025-06-28T11:48:38","date_gmt":"2025-06-28T09:48:38","guid":{"rendered":"https:\/\/uj.adatbank.ro\/lexikon\/termek\/agner-bela\/"},"modified":"2025-06-28T11:48:38","modified_gmt":"2025-06-28T09:48:38","slug":"agner-bela","status":"publish","type":"product","link":"https:\/\/uj.adatbank.ro\/lexikon\/termek\/agner-bela\/","title":{"rendered":"\u00c1GNER B\u00e9la"},"content":{"rendered":"<p>Mv., 1885. j\u00fan. 28., \u2020 Nowe Miesto k\u00f6zel\u00e9ben, 1914. dec. 11.: tan\u00e1r, tart. hadnagy. \u2013 Apja sz\u0171csmester volt. \u2013 K\u00f6z\u00e9piskol\u00e1it a mv.-i R. K.. F\u0151gimn.-ban, a f\u0151iskol\u00e1t a kv.-i egyetem b\u00f6lcs\u00e9szeti kar\u00e1n v\u00e9gezte (1904-08). Egyetemi hallgat\u00f3 kor\u00e1ban tan\u00edtott a kv.-i De Gerando f\u00e9le le\u00e1nyiskol\u00e1ban, ut\u00f3bb K\u00e9zdiv\u00e1s\u00e1rhelyen, Cs\u00edksomly\u00f3n, Cs\u00edkszered\u00e1ban. Az els\u0151 vh.-ban az \u00e9szaki fronton harcolt \u00e9s esett el. Cikkeit k\u00f6z\u00f6lte a: Sz\u00e9kely H\u00edrlap, K\u00f6zm\u0171vel\u0151d\u00e9s, Kath. Szemle, Az Erd\u00e9lyi R. Kat.St\u00e1tus tan\u00e1rai XXVII kongresszus\u00e1nak jegyz\u0151k\u00f6nyve, Csiki Lapok, H\u00e1romsz\u00e9kv\u00e1rmegye, N\u00e9poktat\u00e1s, Sz\u00e9kely Napt\u00e1r. <br \/><strong>Irod.:<\/strong> Guly\u00e1s; Gy\u00e1szjelent\u0151.<\/br><\/p>\n","protected":false},"excerpt":{"rendered":"<p>Mv., 1885. j\u00fan. 28., \u2020 Nowe Miesto k\u00f6zel\u00e9ben, 1914. dec. 11.: tan\u00e1r, tart. hadnagy. \u2013 Apja sz\u0171csmester volt. \u2013 K\u00f6z\u00e9piskol\u00e1it a mv.-i R. K.. F\u0151gimn.-ban, a f\u0151iskol\u00e1t a kv.-i egyetem b\u00f6lcs\u00e9szeti kar\u00e1n v\u00e9gezte (1904-08). Egyetemi hallgat\u00f3 kor\u00e1ban tan\u00edtott a kv.-i De Gerando f\u00e9le le\u00e1nyiskol\u00e1ban, ut\u00f3bb K\u00e9zdiv\u00e1s\u00e1rhelyen, Cs\u00edksomly\u00f3n, Cs\u00edkszered\u00e1ban. Az els\u0151 vh.-ban az \u00e9szaki fronton harcolt [&hellip;]<\/p>\n","protected":false},"featured_media":0,"comment_status":"open","ping_status":"closed","template":"","meta":[],"product_brand":[],"product_cat":[137],"product_tag":[],"class_list":{"0":"post-1643","1":"product","2":"type-product","3":"status-publish","5":"product_cat-maros-megyei-eletrajzi-lexikon","7":"first","8":"instock","9":"shipping-taxable","10":"product-type-simple"},"_links":{"self":[{"href":"https:\/\/uj.adatbank.ro\/lexikon\/wp-json\/wp\/v2\/product\/1643","targetHints":{"allow":["GET"]}}],"collection":[{"href":"https:\/\/uj.adatbank.ro\/lexikon\/wp-json\/wp\/v2\/product"}],"about":[{"href":"https:\/\/uj.adatbank.ro\/lexikon\/wp-json\/wp\/v2\/types\/product"}],"replies":[{"embeddable":true,"href":"https:\/\/uj.adatbank.ro\/lexikon\/wp-json\/wp\/v2\/comments?post=1643"}],"wp:attachment":[{"href":"https:\/\/uj.adatbank.ro\/lexikon\/wp-json\/wp\/v2\/media?parent=1643"}],"wp:term":[{"taxonomy":"product_brand","embeddable":true,"href":"https:\/\/uj.adatbank.ro\/lexikon\/wp-json\/wp\/v2\/product_brand?post=1643"},{"taxonomy":"product_cat","embeddable":true,"href":"https:\/\/uj.adatbank.ro\/lexikon\/wp-json\/wp\/v2\/product_cat?post=1643"},{"taxonomy":"product_tag","embeddable":true,"href":"https:\/\/uj.adatbank.ro\/lexikon\/wp-json\/wp\/v2\/product_tag?post=1643"}],"curies":[{"name":"wp","href":"https:\/\/api.w.org\/{rel}","templated":true}]}}