{"id":16430,"date":"2025-07-15T16:16:35","date_gmt":"2025-07-15T14:16:35","guid":{"rendered":"https:\/\/uj.adatbank.ro\/lexikon\/termek\/nagy-mozes-3\/"},"modified":"2025-07-15T16:16:35","modified_gmt":"2025-07-15T14:16:35","slug":"nagy-mozes-3","status":"publish","type":"product","link":"https:\/\/uj.adatbank.ro\/lexikon\/termek\/nagy-mozes-3\/","title":{"rendered":"NAGY M\u00f3zes"},"content":{"rendered":"<p>1840. k., \u2020 1902. k.: unit. lelk\u00e9sz. \u2013 Lelk\u00e9sz volt B\u00f6z\u00f6d\u00fajfaluban (1863\u201367), Iszl\u00f3ban (1872\u201375), Nagysolymoson (1875\u20131902). Sz\u00e9kely n\u00e9pk\u00f6ltem\u00e9nyek c. n\u00e9pdalokat k\u00fcld\u00f6tt (1862) Kriza J\u00e1nosnak B\u00f6z\u00f6d\u00fajfalub\u00f3l. <br \/><strong>Irod.:<\/strong> Kriza levelez\u00e9s<\/br><\/p>\n","protected":false},"excerpt":{"rendered":"<p>1840. k., \u2020 1902. k.: unit. lelk\u00e9sz. \u2013 Lelk\u00e9sz volt B\u00f6z\u00f6d\u00fajfaluban (1863\u201367), Iszl\u00f3ban (1872\u201375), Nagysolymoson (1875\u20131902). Sz\u00e9kely n\u00e9pk\u00f6ltem\u00e9nyek c. n\u00e9pdalokat k\u00fcld\u00f6tt (1862) Kriza J\u00e1nosnak B\u00f6z\u00f6d\u00fajfalub\u00f3l. Irod.: Kriza levelez\u00e9s<\/p>\n","protected":false},"featured_media":0,"comment_status":"open","ping_status":"closed","template":"","meta":[],"product_brand":[],"product_cat":[137],"product_tag":[],"class_list":{"0":"post-16430","1":"product","2":"type-product","3":"status-publish","5":"product_cat-maros-megyei-eletrajzi-lexikon","7":"first","8":"instock","9":"shipping-taxable","10":"product-type-simple"},"_links":{"self":[{"href":"https:\/\/uj.adatbank.ro\/lexikon\/wp-json\/wp\/v2\/product\/16430","targetHints":{"allow":["GET"]}}],"collection":[{"href":"https:\/\/uj.adatbank.ro\/lexikon\/wp-json\/wp\/v2\/product"}],"about":[{"href":"https:\/\/uj.adatbank.ro\/lexikon\/wp-json\/wp\/v2\/types\/product"}],"replies":[{"embeddable":true,"href":"https:\/\/uj.adatbank.ro\/lexikon\/wp-json\/wp\/v2\/comments?post=16430"}],"wp:attachment":[{"href":"https:\/\/uj.adatbank.ro\/lexikon\/wp-json\/wp\/v2\/media?parent=16430"}],"wp:term":[{"taxonomy":"product_brand","embeddable":true,"href":"https:\/\/uj.adatbank.ro\/lexikon\/wp-json\/wp\/v2\/product_brand?post=16430"},{"taxonomy":"product_cat","embeddable":true,"href":"https:\/\/uj.adatbank.ro\/lexikon\/wp-json\/wp\/v2\/product_cat?post=16430"},{"taxonomy":"product_tag","embeddable":true,"href":"https:\/\/uj.adatbank.ro\/lexikon\/wp-json\/wp\/v2\/product_tag?post=16430"}],"curies":[{"name":"wp","href":"https:\/\/api.w.org\/{rel}","templated":true}]}}