{"id":16433,"date":"2025-07-15T16:16:41","date_gmt":"2025-07-15T14:16:41","guid":{"rendered":"https:\/\/uj.adatbank.ro\/lexikon\/termek\/nagy-odon-3\/"},"modified":"2025-07-15T16:16:41","modified_gmt":"2025-07-15T14:16:41","slug":"nagy-odon-3","status":"publish","type":"product","link":"https:\/\/uj.adatbank.ro\/lexikon\/termek\/nagy-odon-3\/","title":{"rendered":"NAGY \u00d6d\u00f6n"},"content":{"rendered":"<p>Sz\u00e1szr\u00e9gen, 1957. \u2020 ?: fest\u0151, grafikus, szobr\u00e1sz. Tanulm\u00e1nyai: a Mv. a M\u0171v\u00e9szeti Lic.-ban \u00e9s Kv.-on a k\u00e9pz\u0151m\u0171v\u00e9szeti F\u0151iskola F\u0151iskola\u00fcvegker\u00e1mia szak\u00e1n v\u00e9gzett. A cs\u00edkszeredai K\u00e9pz\u0151m\u0171v. L\u00edc. Szobr\u00e1sz \u2013 \u00e9s rajztan\u00e1r. Sz\u00e1mos k\u00f6zt\u00e9ri szobrot alkotott, ismert\u00e9 a grafik\u00e1i tett\u00e9k&#8230;Kv.-on, Cs\u00edkszered\u00e1ban, Olaszorsz\u00e1gon, Magyarorsz\u00e1gon, Kanad\u00e1ban ismertette, bemutatta alkot\u00e1sait. <br \/><strong>Irod.:<\/strong> Szab\u00f3 \u2013 K\u00e1llai<\/br><\/p>\n","protected":false},"excerpt":{"rendered":"<p>Sz\u00e1szr\u00e9gen, 1957. \u2020 ?: fest\u0151, grafikus, szobr\u00e1sz. Tanulm\u00e1nyai: a Mv. a M\u0171v\u00e9szeti Lic.-ban \u00e9s Kv.-on a k\u00e9pz\u0151m\u0171v\u00e9szeti F\u0151iskola F\u0151iskola\u00fcvegker\u00e1mia szak\u00e1n v\u00e9gzett. A cs\u00edkszeredai K\u00e9pz\u0151m\u0171v. L\u00edc. Szobr\u00e1sz \u2013 \u00e9s rajztan\u00e1r. Sz\u00e1mos k\u00f6zt\u00e9ri szobrot alkotott, ismert\u00e9 a grafik\u00e1i tett\u00e9k&#8230;Kv.-on, Cs\u00edkszered\u00e1ban, Olaszorsz\u00e1gon, Magyarorsz\u00e1gon, Kanad\u00e1ban ismertette, bemutatta alkot\u00e1sait. Irod.: Szab\u00f3 \u2013 K\u00e1llai<\/p>\n","protected":false},"featured_media":0,"comment_status":"open","ping_status":"closed","template":"","meta":[],"product_brand":[],"product_cat":[137],"product_tag":[],"class_list":{"0":"post-16433","1":"product","2":"type-product","3":"status-publish","5":"product_cat-maros-megyei-eletrajzi-lexikon","7":"first","8":"instock","9":"shipping-taxable","10":"product-type-simple"},"_links":{"self":[{"href":"https:\/\/uj.adatbank.ro\/lexikon\/wp-json\/wp\/v2\/product\/16433","targetHints":{"allow":["GET"]}}],"collection":[{"href":"https:\/\/uj.adatbank.ro\/lexikon\/wp-json\/wp\/v2\/product"}],"about":[{"href":"https:\/\/uj.adatbank.ro\/lexikon\/wp-json\/wp\/v2\/types\/product"}],"replies":[{"embeddable":true,"href":"https:\/\/uj.adatbank.ro\/lexikon\/wp-json\/wp\/v2\/comments?post=16433"}],"wp:attachment":[{"href":"https:\/\/uj.adatbank.ro\/lexikon\/wp-json\/wp\/v2\/media?parent=16433"}],"wp:term":[{"taxonomy":"product_brand","embeddable":true,"href":"https:\/\/uj.adatbank.ro\/lexikon\/wp-json\/wp\/v2\/product_brand?post=16433"},{"taxonomy":"product_cat","embeddable":true,"href":"https:\/\/uj.adatbank.ro\/lexikon\/wp-json\/wp\/v2\/product_cat?post=16433"},{"taxonomy":"product_tag","embeddable":true,"href":"https:\/\/uj.adatbank.ro\/lexikon\/wp-json\/wp\/v2\/product_tag?post=16433"}],"curies":[{"name":"wp","href":"https:\/\/api.w.org\/{rel}","templated":true}]}}