{"id":16434,"date":"2025-07-15T16:16:43","date_gmt":"2025-07-15T14:16:43","guid":{"rendered":"https:\/\/uj.adatbank.ro\/lexikon\/termek\/nagy-odon-alneve-lovas-gereb-andras\/"},"modified":"2025-07-15T16:16:43","modified_gmt":"2025-07-15T14:16:43","slug":"nagy-odon-alneve-lovas-gereb-andras","status":"publish","type":"product","link":"https:\/\/uj.adatbank.ro\/lexikon\/termek\/nagy-odon-alneve-lovas-gereb-andras\/","title":{"rendered":"NAGY \u00d6d\u00f6n, \u00e1lneve: Lovas Ger\u00e9b Andr\u00e1s"},"content":{"rendered":"<p>Saj\u00f3udvarhely, 1914. m\u00e1j. 31., \u2020 Mez\u0151fele, 1995. szept. 1.: ref. lelk\u00e9sz, n\u00e9prajzkutat\u00f3, egyh\u00e1z \u2013 \u00e9s helyt\u00f6rt\u00e9n\u00e9sz, \u00edr\u00f3. \u2013 Nagy \u00d6d\u00f6n gazdatiszt (\u2020 Mez\u0151panit, 1943. m\u00e1rc.) \u00e9s Fleischmann Olga, B\u00e9csb\u0151l sz\u00e1rmazott nevel\u0151n\u0151 fia. Testv\u00e9re: Olga, \u00edr\u00f3n\u0151 b\u00e1tyja, folkl\u00f3rkutat\u00f3. Feles\u00e9ge: 1. Kiss Ir\u00e9n tan\u00edt\u00f3n\u0151, h\u00e1zass\u00e1g: (1941). Gyermekeik: Istv\u00e1n (1942. j\u00fan.\u2013), \u00c1gnes (1944\u2013), Andr\u00e1s (1946\u2013). 2. R\u00e1czk\u00f6vy R\u00f3za. Le\u00e1nyuk: Erzs\u00e9bet (1966\u2013). \u2013 Mez\u0151panitban az elemi iskol\u00e1t (1920\u201325), k\u00f6z\u00e9piskol\u00e1it Mv.-en a Ref. Koll.-ban v\u00e9gezte (1925\u201332), itt tan\u00e1rai: Nagy \u00d6d\u00f6n term\u00e9szetrajz, Guly\u00e1s K\u00e1roly rajz, kedvenc tan\u00e1ra Molter K\u00e1roly irodalom, Sz\u00edgy\u00e1rt\u00f3 G\u00e1bor t\u00f6rt\u00e9nelem, Vajda G\u00e1bor zenetan\u00e1ra volt. Kv.-on m. irodalom f\u0151 \u2013 \u00e9s latin-szociol\u00f3gia szakon tanult k\u00e9t \u00e9vig (1932\u201334), majd a Ref. Teol\u00f3gi\u00e1n lelk\u00e9szi k\u00e9pes\u00edt\u00e9st szerzett (1934\u201337), tan\u00e1rai voltak Maksay Albert, Nagy Andr\u00e1s, Tavaszy S\u00e1ndor, Imre Lajos, Makkai S\u00e1ndor. Tagja volt az Ifj\u00fa Erd\u00e9ly szerk.-bizotts\u00e1g\u00e1nak (1935\u201337) \u00e9s k\u00fcls\u0151 munkat\u00e1rsa a Hitel \u00e9s Havi Szemle c. lapoknak. Bp.-en Gy\u0151rffy Istv\u00e1n ir\u00e1ny\u00edt\u00e1s\u00e1val n\u00e9prajzi tanulm\u00e1nyokat folytatott (1937\u201338). Kv.-on seg\u00e9dlelk\u00e9sz (f\u00e9l \u00e9vig 1939), Kiss\u00e1rm\u00e1son szorv\u00e1nygondoz\u00f3 seg\u00e9dlelk\u00e9sz (1939\u201340), Mez\u0151b\u00fckk\u00f6n, Nagy\u00f6lyvesen (1940\u2013), Mez\u0151\u00fajlakon, Mez\u0151k\u00f6b\u00f6lk\u00faton (1940. dec. 1.\u201342), Hariban, Istv\u00e1nh\u00e1z\u00e1n, Mez\u0151fel\u00e9ben, Mez\u0151m\u00e9hesen (1942. szept.1.\u201344), Szolokm\u00e1ban. Intern\u00e1l\u00f3t\u00e1borba z\u00e1rt\u00e1k (1944. aug. 24\u2013), n\u00e9h\u00e1ny hetet a gyulafeh\u00e9rv\u00e1ri b\u00f6rt\u00f6nben t\u00f6lt\u00f6tt, mert a hari egyh\u00e1zi f\u00f6ldek megment\u00e9s\u00e9\u00e9rt k\u00fczd\u00f6tt. K\u00f6b\u00f6lk\u00faton folytatta tev\u00e9kenys\u00e9g\u00e9t (1945\u2013), templomot, par\u00f3ki\u00e1t jav\u00edtott, falum\u00fazeumot l\u00e9tes\u00edtett, megalap\u00edtotta a M. N\u00e9pi Sz\u00f6vets\u00e9get. Hariba k\u00f6lt\u00f6z\u00f6tt (1946. szept.\u201350), majd az egyh\u00e1zi f\u00f6ldek v\u00e9delmez\u00e1se miatt b\u00f6rt\u00f6nbe ker\u00fclt k\u00e9t h\u00f3napra (Gyulefeh\u00e9rv\u00e1r, 1950). Istv\u00e1nh\u00e1z\u00e1n (1950\u201357), majd Mez\u0151fel\u00e9ben szolg\u00e1lt (1958\u201367), Szolokm\u00e1n (1967. m\u00e1j. 1.\u201370) \u00e9s Havadon (1970\u201381). Nyugd\u00edjaz\u00e1sa ut\u00e1n (1981) a kiss\u00e1rm\u00e1si gy\u00fclekezetben szolg\u00e1lt m\u00e9g h\u00e1rom \u00e9vet (1981\u201383). Kutat\u00e1si ter\u00fclete az egyh\u00e1zi \u00fcnnepekhez f\u0171z\u0151d\u0151 n\u00e9pszok\u00e1sok, falusi hagyom\u00e1nyok gy\u0171jt\u00e9se. Szaktanulm\u00e1nyait a bp.-i Ethnographia, Erd\u00e9lyi M\u00fazeum, Ifj\u00fa Erd\u00e9ly, Hitel, az aradi Havi Szemle, a TETT, a M\u0171vel\u0151d\u00e9s, a N\u00e9pismereti dolgozatok 1994, Korunk \u00e9vk\u00f6nyv, 1982; N\u00e9prajzi L\u00e1t\u00f3hat\u00e1r (1992\u201393); Kriza J\u00e1nos N\u00e9prajzi T\u00e1rsas\u00e1g \u00c9vk\u00f6nyve (Kv., 1994\u201395) k\u00f6z\u00f6lte. A Kriza J\u00e1nos N\u00e9prajzi T\u00e1rsas\u00e1g tagja (1990\u2013), a sepsiszentgy\u00f6rgyi v\u00e1ndorgy\u0171l\u00e9sen a mez\u0151felei gy\u00e9k\u00e9nyfeldolgoz\u00f3 h\u00e1ziiparr\u00f3l sz\u00f3l\u00f3 dolgozat\u00e1\u00e9rt d\u00edszoklev\u00e9lben r\u00e9szes\u00fclt. Munkat\u00e1rsa a Nagy Olga \u00e1ltal kezdem\u00e9nyezett \u00e9s sok\u00e1ig k\u00e9ziratban maradt Havad monogr\u00e1fi\u00e1nak, r\u00e9szt vett a Nagy Olga ir\u00e1ny\u00edt\u00e1s\u00e1val k\u00e9sz\u00edtett Vall\u00e1si \u00e9rt\u00e9krend c. k\u00e9rd\u0151iv kidolgoz\u00e1s\u00e1ban; a N\u00e9pi vall\u00e1soss\u00e1g vizsg\u00e1lata Erd\u00e9lyben c. tanulm\u00e1nyban \u00f6sszefoglalta t\u00f6bb \u00e9vtizedes munk\u00e1ss\u00e1g\u00e1t, a vall\u00e1si n\u00e9prajz m\u0171vel\u00e9s\u00e9ben. \u2013 <strong>F. m.:<\/strong> Szorv\u00e1ny \u00e9s beolvad\u00e1s (Kv., 1938); T\u00e9li hagyom\u00e1nyaink: \u00datmutat\u00f3 n\u00e9prajzi gy\u0171jt\u0151knek (Kv., 1938); Tavaszi n\u00e9phagyom\u00e1nyaink.\u00datmutat\u00f3 a n\u00e9prajzi gy\u0171jt\u00e9shez (Kv., 1939); Adatok t\u00e9li n\u00e9phagyom\u00e1nyaink ismeret\u00e9hez (szerk., mutat\u00f3kkal ell\u00e1tta Barna G\u00e1bor (Bp., 1993); <strong>t\u00e1rssz.:<\/strong> A mi j\u00e1t\u00e9kaink (Jenei S\u00e1ndorral; Kv., 1936); Adatok t\u00e9li n\u00e9phagyom\u00e1nyaink ismeret\u00e9hez (Makkai Endr\u00e9vel; Kv, 1939); N\u00e9pismereti dolgozatok (Buk., 1980, 1994); Eml\u00e9keim V\u00e1ltoz\u00f3 n\u00e9pi kult\u00fara: T\u00e1rsadalomn\u00e9prajzi vizsg\u00e1lat Havadon (Buk.-Kv., 2000); Pal\u00e1stban: Lelk\u00e9szek sz\u00f3rv\u00e1nyban (Herm\u00e1n J\u00e1nos-Nyitrai M\u00f3zessel; Mv., 2001).N\u00e9pi gazd\u00e1lkod\u00e1s Havadon (2002). <br \/><strong>Irod.:<\/strong> Aki h\u00e1taslovat kapott n\u00e1szaj\u00e1nd\u00e9kba:100 \u00e9ve sz\u00fcletett Nagy \u00d6d\u00f6n lelk\u00e9sz, n\u00e9prajzkutat\u00f3 = Sz\u00e9kely F.; Bodolai Gy\u00f6ngyi: N. \u00d6., a sz\u00f3rv\u00e1nylelk\u00e9sz \u00e9s a n\u00e9prajzkutat\u00f3 (N\u00fa., M\u00fazsa, 1185. sz., 2015. j\u00fal. 4.); F\u00fcl\u00f6p\u2013Ferencz; Kusz\u00e1lik; N. \u00d6. \u2013 sz\u00f3rv\u00e1nylelk\u00e9sz \u00e9s n\u00e9prajzkutat\u00f3 (Keszeg Vilmos szerk.; Kv., 2015); N\u00e9pi val\u00f3s\u00e1g a K\u00e1rp\u00e1tmedenc\u00e9ben (1991); RMIL; Sz\u00e9kely F.<\/br><\/p>\n","protected":false},"excerpt":{"rendered":"<p>Saj\u00f3udvarhely, 1914. m\u00e1j. 31., \u2020 Mez\u0151fele, 1995. szept. 1.: ref. lelk\u00e9sz, n\u00e9prajzkutat\u00f3, egyh\u00e1z \u2013 \u00e9s helyt\u00f6rt\u00e9n\u00e9sz, \u00edr\u00f3. \u2013 Nagy \u00d6d\u00f6n gazdatiszt (\u2020 Mez\u0151panit, 1943. m\u00e1rc.) \u00e9s Fleischmann Olga, B\u00e9csb\u0151l sz\u00e1rmazott nevel\u0151n\u0151 fia. Testv\u00e9re: Olga, \u00edr\u00f3n\u0151 b\u00e1tyja, folkl\u00f3rkutat\u00f3. Feles\u00e9ge: 1. Kiss Ir\u00e9n tan\u00edt\u00f3n\u0151, h\u00e1zass\u00e1g: (1941). Gyermekeik: Istv\u00e1n (1942. j\u00fan.\u2013), \u00c1gnes (1944\u2013), Andr\u00e1s (1946\u2013). 2. R\u00e1czk\u00f6vy R\u00f3za. [&hellip;]<\/p>\n","protected":false},"featured_media":0,"comment_status":"open","ping_status":"closed","template":"","meta":[],"product_brand":[],"product_cat":[137],"product_tag":[],"class_list":{"0":"post-16434","1":"product","2":"type-product","3":"status-publish","5":"product_cat-maros-megyei-eletrajzi-lexikon","7":"first","8":"instock","9":"shipping-taxable","10":"product-type-simple"},"_links":{"self":[{"href":"https:\/\/uj.adatbank.ro\/lexikon\/wp-json\/wp\/v2\/product\/16434","targetHints":{"allow":["GET"]}}],"collection":[{"href":"https:\/\/uj.adatbank.ro\/lexikon\/wp-json\/wp\/v2\/product"}],"about":[{"href":"https:\/\/uj.adatbank.ro\/lexikon\/wp-json\/wp\/v2\/types\/product"}],"replies":[{"embeddable":true,"href":"https:\/\/uj.adatbank.ro\/lexikon\/wp-json\/wp\/v2\/comments?post=16434"}],"wp:attachment":[{"href":"https:\/\/uj.adatbank.ro\/lexikon\/wp-json\/wp\/v2\/media?parent=16434"}],"wp:term":[{"taxonomy":"product_brand","embeddable":true,"href":"https:\/\/uj.adatbank.ro\/lexikon\/wp-json\/wp\/v2\/product_brand?post=16434"},{"taxonomy":"product_cat","embeddable":true,"href":"https:\/\/uj.adatbank.ro\/lexikon\/wp-json\/wp\/v2\/product_cat?post=16434"},{"taxonomy":"product_tag","embeddable":true,"href":"https:\/\/uj.adatbank.ro\/lexikon\/wp-json\/wp\/v2\/product_tag?post=16434"}],"curies":[{"name":"wp","href":"https:\/\/api.w.org\/{rel}","templated":true}]}}