{"id":16435,"date":"2025-07-15T16:16:45","date_gmt":"2025-07-15T14:16:45","guid":{"rendered":"https:\/\/uj.adatbank.ro\/lexikon\/termek\/nagy-olga-%c2%a7-krizsovanszky-laszlone\/"},"modified":"2025-07-15T16:16:45","modified_gmt":"2025-07-15T14:16:45","slug":"nagy-olga-%c2%a7-krizsovanszky-laszlone","status":"publish","type":"product","link":"https:\/\/uj.adatbank.ro\/lexikon\/termek\/nagy-olga-%c2%a7-krizsovanszky-laszlone\/","title":{"rendered":"NAGY Olga, \u00a7 Krizsov\u00e1nszky L\u00e1szl\u00f3n\u00e9"},"content":{"rendered":"<p>Nagyernye, 1921. jan. 2., \u2020 Sepsiszentgy\u00f6rgy, 2006. nov.2.: folkl\u00f3rkutat\u00f3, \u00edr\u00f3. \u2013 Nagy \u00d6d\u00f6n gazdatiszt (\u2020 Mez\u0151panit, 1943. m\u00e1rc.) \u00e9s Fleischmann Olga, B\u00e9csb\u0151l sz\u00e1rmazott nevel\u0151n\u0151 le\u00e1nya. Testv\u00e9re: \u00d6d\u00f6n (1914. m\u00e1j. 31.-.1995. szept. 1.). F\u00e9rje: Krizsov\u00e1nszky L\u00e1szl\u00f3 (1914\u20131987), ref. lelk\u00e9sz. Az elemi iskol\u00e1t Panitban a k\u00f6z\u00e9piskol\u00e1t Mv.-en v\u00e9gezte (1939), a kv.-i Ref. Teol\u00f3gia hallgat\u00f3ja (1939\u201340). Tanulm\u00e1nyait megszak\u00edtva tan\u00edtott a Kolozs megyei Kisikl\u00f3don (1940\u201344). Kv.-on tan\u00edt\u00f3k\u00e9pz\u0151i tanfolyamon diplom\u00e1t szerzett (1944), Sz\u00e9kesen volt helyettes tan\u00e1r (1945\u201351), k\u00f6zben a kv.-i BTE elv\u00e9gezte a m. nyelv \u00e9s irodalom, n\u00e9prajz szakot (1948), a filol\u00f3giai tudom\u00e1nyok doktora. Az Utunk (1952\u201353), majd a Dolgoz\u00f3 N\u0151 c. lap (1953\u201358) munkat\u00e1rsa volt. Ekkor kezd\u00f6d\u00f6tt a sz\u00e9pirodalmi munk\u00e1ss\u00e1ga, \u00edrt mes\u00e9ket, reg\u00e9nyeket. Tudom\u00e1nyos p\u00e1ly\u00e1ja a Rom\u00e1n Akad. kv.-i folkl\u00f3rint\u00e9zet\u00e9ben, mint bels\u0151 munkat\u00e1rs, majd mint f\u0151kutat\u00f3 bontakozott ki (1958\u201373). M\u00e9g az egy.-en Gunda B\u00e9la tan\u00edtv\u00e1nyak\u00e9nt fogott az erd\u00e9lyi folkl\u00f3r gy\u0171jt\u00e9s\u00e9hez. Mintegy 3000 epikus sz\u00f6veget gy\u0171jt\u00f6tt, r\u00f6gz\u00edtett magn\u00f3szalagra, nagyr\u00e9sz\u00fcket nyomtat\u00e1sban is megjelentetett. A magyar mellett rom\u00e1n \u00e9s cig\u00e1ny mesemond\u00f3kat is felkeresett. Tanulm\u00e1nyai, cikkei megjelentek a N\u00e9prajzi L\u00e1t\u00f3hat\u00e1r, M\u0171vel\u0151d\u00e9s has\u00e1bjain. K\u00f6z\u00f6lt m\u00e9g: Utunk, Korunk, NyIrK, Napsug\u00e1r, Dolgoz\u00f3 N\u0151, Revista de Etnografie \u015fi folclor, Tiszat\u00e1j, Val\u00f3s\u00e1g, \u00daj \u00cdr\u00e1s has\u00e1bjain.J\u00f3val nyugd\u00edjaz\u00e1sa ut\u00e1n a BBTE B\u00f6lcs\u00e9szkar\u00e1n szerezte meg doktori c\u00edm\u00e9t A hiteles n\u00e9pmese eszt\u00e9tik\u00e1ja disszert\u00e1ci\u00f3j\u00e1val (1978). A politikai \u00e9s gazdas\u00e1gi v\u00e1ltoz\u00e1sok hat\u00e1s\u00e1nak tanulm\u00e1nyoz\u00e1s\u00e1ra megtervezte \u00e9s megszervezte a Maros megyei Havad t\u00e1rsadalomn\u00e9prajzi kutat\u00e1s\u00e1t (1970-es \u00e9vekben), az eredm\u00e9nyeket csak k\u00e9sve k\u00f6z\u00f6lhette. Gy\u0171jt\u00f6tte \u00e9s tanulm\u00e1nyozta a kiv\u00e9teles sors\u00fa, kiemelked\u0151 asszony \u00e9lett\u00f6rt\u00e9neteket, egy\u00e9ni sorsokat, gondozta \u00e9s szerkesztette k\u00f6teteiket. R\u00e9szt v\u00e1llalt a Kv.-on megalakul\u00f3 Kriza J\u00e1nos N\u00e9prajzi T\u00e1rsas\u00e1g ind\u00edt\u00e1s\u00e1ban (1990. m\u00e1rc. 18.) \u00e9s t\u00e1mogatta tev\u00e9kenys\u00e9g\u00e9t. R\u00e9szt vett tudom\u00e1nyos \u00e9rtekezleteken, konferenci\u00e1kon, szemin\u00e1riumokon a hat\u00e1ron bel\u00fcl \u00e9s Magyaro.-on. Munk\u00e1ss\u00e1g\u00e1nak elismer\u00e9sek\u00e9ppen a M. N\u00e9prajzi T\u00e1rsas\u00e1g (Bp.) k\u00fclf\u00f6ldi tb. tagj\u00e1v\u00e1 v\u00e1lasztotta, tagja volt a Rom\u00e1n \u00cdr\u00f3sz\u00f6vets\u00e9gnek. \u2013 <strong>F. m.:<\/strong> reg\u00e9nyek: L\u00e1nyok a bentlak\u00e1sban (ifj. reg.; Buk., 1960), Szidi (ifj. reg.; Buk., 1960, 1963; 2008; Sidonia, ford. Alina Mirea, Benk\u0151 Otto; Buc., 1965); Vadvizek (reg.; Buk., 1965); Mad\u00e1r k\u00e9k mez\u0151ben (ifj. reg.; Buk., 1968); A szabads\u00e1g hat napja (ifj. reg.; Kv., 1999); \u00f6n\u00e9letrajz: Gy\u00f3n\u00e1s: reg\u00e9ny (Bp., 1991); Egy botcsin\u00e1lta riporter eml\u00e9kei: Memo\u00e1r (Sz\u00e9kelyudvarhely, 2001); tanulm\u00e1nyok, essz\u00e9: H\u0151s\u00f6k, csal\u00f3k\u00e1k, \u00f6rd\u00f6g\u00f6k (Essz\u00e9k a n\u00e9pmes\u00e9r\u0151l; Buk., 1974), Archaikus vil\u00e1gk\u00e9p \u00e9s mesehagyom\u00e1nyoz\u00e1s (Debrecen, 1974), A mesemond\u00f3 Jakab Istv\u00e1n (V\u00f6\u0151 Gabriell\u00e1val; Buk., 1974), A t\u00e1ltos t\u00f6rv\u00e9nye: N\u00e9pmese \u00e9s eszt\u00e9tikum [doktori t\u00e9zis] (Buk., 1978), A t\u00f6rv\u00e9ny szor\u00edt\u00e1s\u00e1ban : Paraszti \u00e9rt\u00e9krend \u00e9s magatart\u00e1sform\u00e1k (Bp., 1989), A vil\u00e1gg\u00e1 fut\u00f3 szavak : Havadi besz\u00e9lget\u00e9sek (Bp., 1990), T\u00e1ltos \u00e9s Pegazus (Bp., 1993), Barangol\u00e1saim var\u00e1zslatos t\u00e1jban: Cig\u00e1ny bar\u00e1taim k\u00f6z\u00f6tt (Sz\u00e9kelyudvarhely, 1994), N\u00e9pi v\u00e1ltaozatok szerelemre \u00e9s h\u00e1zass\u00e9gra: Essz\u00e9 (Sz\u00e9kelyudvarhely, 1994); P\u00e1lyak\u00e9p f\u00e9nnyel \u00e9s \u00e1rny\u00e9kkal : Egy n\u00e9prajzos eml\u00e9kei (Sz\u00e9kelyudvarhely, 1995), Hamupip\u00f6ke igazs\u00e1ga, avagy mit tanulhattok a mes\u00e9b\u0151l (Sz\u00e9kelyudvarhely, 1998); Poraib\u00f3l \u00fajra\u00e9led\u0151 f\u0151nix (essz\u00e9; Bp., 1998); Sz\u00f6nyegbe z\u00e1rt \u00e1lmok.K\u00e9t erd\u00e9lyi sz\u00f6v\u0151asszony m\u0171v\u00e9szi p\u00e1ly\u00e1ja (1998); V\u00e1ltoz\u00f3 n\u00e9pi kult\u00fara: T\u00e1rsadalomn\u00e9prajzi vizsg\u00e1latok Havadon (Buk., 2000); Nyitott k\u00f6nyv a lelkem&#8230;.:egy anya vallom\u00e1sai (2000); Erd\u00e9lyi sors: tegnap, ma, holnap (Sz\u00e9kelyudvarhely, 2001); Erd\u00e9lyis\u00e9g: tegnap \u2013 ma \u2013 holnap (2001); Es\u00e9ly a megmarad\u00e1sra : Az \u201eillyefalvi model\u201d keresztmetszete: Essz\u00e9 (Sz\u00e9kelyudvarhely, 2001); N\u00e9pi gazd\u00e1lkod\u00e1s Havadon (Kv., 2002); \u00d6regek \u00e9s fiatalok k\u00f6nyve: Elm\u00falt sz\u00e1zadunk nemzed\u00e9k \u2013 \u00e9s szeml\u00e9letv\u00e1lt\u00e1sa Erd\u00e9lyben (Sz\u00e9kelyudvarhely, 2006); mesek\u00f6tetek, n\u00e9pmes\u00e9k: El\u0151bb a t\u00e1nc, azut\u00e1n a lakoma: Mez\u0151s\u00e9gi n\u00e9pmes\u00e9k (Buk., 1953), A vid\u00e1ms\u00e1g madara (Buk., 1954); Az \u00fcveghegyi r\u00f3zsa (Buk., 1956); A h\u00e1rom t\u00e1ltos varj\u00fa: Mez\u0151s\u00e9gi n\u00e9pmes\u00e9k (Buk., 1958), A v\u00e9n p\u00e1k\u00e1sz mes\u00e9i (Buk., 1960); A kopasz kir\u00e1ly (Buk., 1963); L\u00fcd\u00e9rc s\u00f3gor: Erd\u00e9lyi magyar n\u00e9pmes\u00e9k (Buk., 1969), A nap h\u00faga meg a pakul\u00e1r: Marosmenti, kalotaszegi \u00e9s mez\u0151s\u00e9gi n\u00e9pmes\u00e9k (Kv., 1973), Mes\u00e9k a Napkir\u00e1ly \u00e9s F\u00f6ldt\u00fcnd\u00e9r fiair\u00f3l (Buk., 1974); A szeg\u00e9ny ember t\u00e1ltos tehene: M\u00e9rai n\u00e9pmes\u00e9k (Kv., 1976); Sz\u00e9ki n\u00e9pmes\u00e9k (Buk., 1976), Parasz dekameron: V\u00e1logat\u00e1s sz\u00e9ki tr\u00e9f\u00e1kb\u00f3l \u00e9s elbesz\u00e9l\u00e9sekb\u0151l (Bp., 1977); Z\u00f6ldmez\u0151sz\u00e1rnya : Marosszenkir\u00e1lyi cig\u00e1ny n\u00e9pmes\u00e9k (Bp., 1978), \u00dajabb paraszt dekameron : a szerelemr\u0151l, a bar\u00e1ts\u00e1gr\u00f3l (Bp., 1983); A vasfog\u00fa farkas. Mes\u00e9k (Buk., 1987); Vill\u00e1si, a t\u00e1ltosfi\u00fa: Asszonyok k\u00f6nyve : n\u00e9pi elbesz\u00e9l\u00e9sek (Bp., 1988); A havasi s\u00e1toros. D\u00e1vid Gyula mes\u00e9i (Bp., 1989); Egy k\u00e9tirat od\u00fcsszei\u00e1ja.V\u00e1ltoz\u00f3 n\u00e9pi kult\u00fara (Korunk, 1990.apr.); Cig\u00e1ny k\u00e9rd\u00e9sr\u0151l-\u00e1rnyaltan. Egy folklorista gondolataib\u00f3l (Korunk, 1990.j\u00fal), Gyan\u00fa alatt (1956). Egy botcsin\u00e1lta riporter eml\u00e9keib\u0151l (Korunk, 1991. m\u00e1j. ), Merre tart a falu); \u00a0Cifra J\u00e1nos mes\u00e9i. (gy\u0171jt., bev., jegyz.; Bp., 1991); Csodaszersz\u00e1mok. Mes\u00e9k (Buk., 1991); Az aranyhaj\u00fa \u00e9s az el\u00e1tkozott madarak (mes\u00e9k; Sepsiszentgy\u00f6rgy, 1995); Vill\u00e1si, a t\u00e1ltosfi\u00fa. Mez\u0151b\u00e1ndi, szucs\u00e1gi \u00e9s m\u00e9rai cig\u00e1ny n\u00e9pmes\u00e9k. Ciganisztikai tanulm\u00e1nyok (Bp., 1996); Egyszer volt, hol nem volt (Sepsiszentgy\u00f6rgy, 1998); S\u00f3vid\u00e9ki mentalit\u00e1svizsg\u00e1latok (2000); A Nap k\u00fczdelme a F\u00f6ld n\u00e9p\u00e9\u00e9rt: mesereg\u00e9ny (Sz\u00e9kelyudvarhely, 2001); A g\u00f6mb\u00f6cfi\u00fa: Erd\u00e9lyi cig\u00e1ny mes\u00e9k (t\u00e1rssz., 2002); Megfulladt a kecske, bajba\u2019 a menyecske : Tr\u00e9f\u00e1s n\u00e9pi elbesz\u00e9l\u00e9sek (Sz\u00e9kelyudvarhely, 2006); <strong>szerk.:<\/strong> A mesemond\u00f3 Jakab Istv\u00e1n. A mes\u00e9ket gy\u0171jt\u00f6tte \u00e9s jegyzetekkel k\u00eds\u00e9ri V\u00f6\u0151 Gabriella-, Gy\u0151ri Kl\u00e1r\u00e1val; Buk., 1974, 1975); Sz\u00e9ki n\u00e9pmes\u00e9k. (Salamon Anik\u00f3val.Gy\u0171jt\u00f6tte, sajt\u00f3 al\u00e1 rendezte \u00e9s bev.; Buk., 1976), Kisz\u00e1radt az \u00e9n \u00f6r\u00f6mem z\u00f6ld f\u00e1ja: Eml\u00e9kez\u00e9s (sajt\u00f3 al\u00e1 rendezte \u00e9s el\u0151sz\u00f3val ell\u00e1tta; Buk., 1975, 1976), Paraszt dekameron : V\u00e1logat\u00e1ssz\u00e9ki tr\u00e9f\u00e1kb\u00f3l \u00e9s elbesz\u00e9l\u00e9sekb\u0151l (Bp., 1977), \u00dajabb paraszt dekameron: A szerelemr\u0151l \u00e9s a h\u00e1zass\u00e1gr\u00f3l (Bp., 1983), Kocsis R\u00f3zsi. Megsz\u00e9p\u00fclt szeg\u00e9nys\u00e9g: Vallom\u00e1s a gyermekkorr\u00f3l (Buk., 1988); Asszonyok k\u00f6nyve: N\u00e9pi elbesz\u00e9l\u00e9sek (Bp., 1988), Egy k\u00e9zirat od\u00fcsszei\u00e1ja (V\u00e1ltoz\u00f3 n\u00e9pi kult\u00fara c. k\u00e9zirat), (Korunk, 1990. \u00e1pr. ). Gyan\u00fa alatt (1956). Egy botcsin\u00e1lta riporter eml\u00e9keib\u0151l (Korunk, 1991.m\u00e1j); Merre tart a falu \u00ad? Utak, es\u00e9lyek (Korunk, 1991. okt. ); Ki\u00e1br\u00e1ndultam a feminizmusb\u00f3l (Korunk, 1992. j\u00fal.), A parasztp\u00e1rti polg\u00e1rosul\u00e1s erd\u00e9lyi saj\u00e1toss\u00e1gai.K\u00f3sa L\u00e1szl\u00f3 k\u00f6nyv\u00e9nek marg\u00f3j\u00e1ra (Korunk, 1993. szept.). A n\u00e9prajzi kutat\u00e1s tudom\u00e1nyos \u00f6nvizsg\u00e1lat\u00e1nak ig\u00e9nye (Korunk, 1993. aug.). N\u00e9pi v\u00e1ltozatok szerelemre \u00e9s h\u00e1zass\u00e1gra (Sz\u00e9kelyudvarhely, 1994); Sz\u0151nyegbe z\u00e1rt \u00e1lmok. K\u00e9t erd\u00e9lyi sz\u00f6v\u0151asszony [Kasza Anna \u00e9s Kozma Erzs\u00e9bet] m\u0171v\u00e9szi p\u00e1ly\u00e1ja (Cs\u00edkszereda, 1997); Kocsis R\u00f3zsi: Rem\u00e9nyek \u00e9s k\u00e9ts\u00e9gek k\u00f6z\u00f6tt. Egy asszony \u00e9let\u00fatja. el\u0151sz\u00f3 (Sz\u00e9kelyudvarhely, 1997); Egy bar\u00e1ts\u00e1g t\u00f6rt\u00e9nete: F\u00e9ja G\u00e9za hozz\u00e1 \u00edrt levelei (Sz\u00e9kelyudvarhely, 1998); Haza a magasban: A Duna televizi\u00f3 versmond\u00f3 m\u0171sora (2000. aug. 20); V\u00e1ltoz\u00f3 n\u00e9pi kult\u00fara: T\u00e1rsadalomn\u00e9prajzi vizsg\u00e1lat Havadon (Buk.-Kv., 2000). <br \/><strong>Irod.:<\/strong> Bal\u00e1zs Lajos: A n\u00e9pmesei gyermekeszm\u00e9ny \u00e9s a cs\u00edkszentdomokosi gyermekszeretet p\u00e1rhuzamai: N. O. n\u00e9prajzkutat\u00f3 [80.] sz\u00fclet\u00e9snapj\u00e1ra (Sz\u00e9kelyf\u00f6ld, 2. sz. , 2001. febr.); B\u00f6lcs\u0151ringat\u00f3; Clujeni ai sec. 20; Engem mindig a falu \u00e9rdekelt: T\u00e1nczos Vilmos besz\u00e9lget\u00e9se N. O.-val (Sz\u00e9kelyf\u00f6ld, 2. sz. , 2001. febr.); EMKK 2000; G\u00e1ll Ern\u0151: Begy\u0171jt\u00f6tt szavak (A vil\u00e1gg\u00e1 fut\u00f3 szavak (Korunk, 1991.6.sz.); A H\u00e9t \u00c9vk. (1978); Igaz Sz\u00f3 \u00c9vk. (1984); K\u00e1ntor\u2013L\u00e1ng; Keszeg Vilmos. N. O. bibliogr\u00e1fia (N\u00e9prajzi L\u00e1t\u00f3hat\u00e1r, X. 1\u20134); KM\u00cd; Kusz\u00e1lik; MIIB; MNKK; MNL; N. O.: \u00d6nkorrekci\u00f3m t\u00f6rt\u00e9nete (Erd\u00e9lyi Toll, 3. sz., 2010); N. O.: P\u00e1ly\u00e1m g\u00f6r\u00f6ngy\u00f6s \u00fatja (Erd\u00e9lyi Toll, 1. sz., 2009); Nagy \u00d6d\u00f6n; Pozsony Ferenc. A var\u00e1zsmes\u00e9t\u0151l a m\u00edtosztalan falukutat\u00e1sig: N. O., 1921\u20132006 (Korunk, 2007. 4. sz.); R\u00e9thy\u2013V\u00e1czy; RMIL; RMKK; R\u00daL; \u00daMIL<\/br><\/p>\n","protected":false},"excerpt":{"rendered":"<p>Nagyernye, 1921. jan. 2., \u2020 Sepsiszentgy\u00f6rgy, 2006. nov.2.: folkl\u00f3rkutat\u00f3, \u00edr\u00f3. \u2013 Nagy \u00d6d\u00f6n gazdatiszt (\u2020 Mez\u0151panit, 1943. m\u00e1rc.) \u00e9s Fleischmann Olga, B\u00e9csb\u0151l sz\u00e1rmazott nevel\u0151n\u0151 le\u00e1nya. Testv\u00e9re: \u00d6d\u00f6n (1914. m\u00e1j. 31.-.1995. szept. 1.). F\u00e9rje: Krizsov\u00e1nszky L\u00e1szl\u00f3 (1914\u20131987), ref. lelk\u00e9sz. Az elemi iskol\u00e1t Panitban a k\u00f6z\u00e9piskol\u00e1t Mv.-en v\u00e9gezte (1939), a kv.-i Ref. Teol\u00f3gia hallgat\u00f3ja (1939\u201340). Tanulm\u00e1nyait megszak\u00edtva [&hellip;]<\/p>\n","protected":false},"featured_media":0,"comment_status":"open","ping_status":"closed","template":"","meta":[],"product_brand":[],"product_cat":[137],"product_tag":[],"class_list":{"0":"post-16435","1":"product","2":"type-product","3":"status-publish","5":"product_cat-maros-megyei-eletrajzi-lexikon","7":"first","8":"instock","9":"shipping-taxable","10":"product-type-simple"},"_links":{"self":[{"href":"https:\/\/uj.adatbank.ro\/lexikon\/wp-json\/wp\/v2\/product\/16435","targetHints":{"allow":["GET"]}}],"collection":[{"href":"https:\/\/uj.adatbank.ro\/lexikon\/wp-json\/wp\/v2\/product"}],"about":[{"href":"https:\/\/uj.adatbank.ro\/lexikon\/wp-json\/wp\/v2\/types\/product"}],"replies":[{"embeddable":true,"href":"https:\/\/uj.adatbank.ro\/lexikon\/wp-json\/wp\/v2\/comments?post=16435"}],"wp:attachment":[{"href":"https:\/\/uj.adatbank.ro\/lexikon\/wp-json\/wp\/v2\/media?parent=16435"}],"wp:term":[{"taxonomy":"product_brand","embeddable":true,"href":"https:\/\/uj.adatbank.ro\/lexikon\/wp-json\/wp\/v2\/product_brand?post=16435"},{"taxonomy":"product_cat","embeddable":true,"href":"https:\/\/uj.adatbank.ro\/lexikon\/wp-json\/wp\/v2\/product_cat?post=16435"},{"taxonomy":"product_tag","embeddable":true,"href":"https:\/\/uj.adatbank.ro\/lexikon\/wp-json\/wp\/v2\/product_tag?post=16435"}],"curies":[{"name":"wp","href":"https:\/\/api.w.org\/{rel}","templated":true}]}}