{"id":1644,"date":"2025-06-28T11:48:40","date_gmt":"2025-06-28T09:48:40","guid":{"rendered":"https:\/\/uj.adatbank.ro\/lexikon\/termek\/agoston-albert\/"},"modified":"2025-06-28T11:48:40","modified_gmt":"2025-06-28T09:48:40","slug":"agoston-albert","status":"publish","type":"product","link":"https:\/\/uj.adatbank.ro\/lexikon\/termek\/agoston-albert\/","title":{"rendered":"\u00c1GOSTON Albert"},"content":{"rendered":"<p>Sz\u00e9kelyk\u00e1l, 1921. m\u00e1rc. 28., \u2020 Mv., 2005. febr. 22.: k\u00f6zgazd\u00e1sz, jog\u00e1sz. \u2013 \u00c1. Albert, f\u00f6ldm\u0171ves \u00e9s Adorj\u00e1ni Judit fia. Feles\u00e9ge: Luda Olga Erzs\u00e9bet tan\u00edt\u00f3n\u0151. \u2013 Mv.-en a Ref. Koll.-ban \u00e9retts\u00e9gizett (1941); a kv.-i BTE Jog- &#8211; \u00e9s \u00c1llamtudom\u00e1nyi Kar\u00e1n szerzett oklevelet (1945), majd doktor\u00e1lt. Mv.-en t\u00f6rv\u00e9nysz\u00e9ki gyakornok (1945\u201346), de elt\u00e1vol\u00edtott\u00e1k. Ezut\u00e1n a Ref. Koll. (Ranghe\u021b, Bolyai Farkas L\u00edc.) f\u0151titk\u00e1ra, mat. tan\u00e1ra (1946\u201366). A KTSZ Maros megyei szervezet\u00e9nek f\u0151k\u00f6zgazd\u00e1sza (1966\u201382), oszt\u00e1lyvezet\u0151je (1970\u2013). A MNSZ tagja (1944\u201352); a mv.-i Tolnai Lajos N\u00e9pi Koll. szervez\u0151je; a Gecse- utcai Ref. Kistemplom egyh\u00e1zk\u00f6z\u00f6ss\u00e9ge (1986\u2013), majd a Marosi Egyh\u00e1zmegye f\u0151gondnoka (1989\u2013), az Erd\u00e9lyi Egyh\u00e1zker\u00fclet K\u00f6zigazgat\u00e1si Bizotts\u00e1g\u00e1nak (1990\u2013), az igazgat\u00f3tan\u00e1cs\u00e1nak tagja (1994\u2013), a Zsinat \u00c1lland\u00f3 Tan\u00e1cs\u00e1nak \u00e9s K\u00e1nonjogi Bizotts\u00e1g\u00e1nak tagja (1995\u2013), az RMKDP orsz\u00e1gos aleln\u00f6ke (1993\u201395). Cikkei a N\u00fa., RMSz, Egyet\u00e9rt\u00e9s has\u00e1bjain jelentek meg. <br \/><strong>Irod.:<\/strong> KKACs; Kusz\u00e1lik; Mv. t\u00f6rt. 2.; RMKK; S\u00f3falvi L\u00e1szl\u00f3: In memoriam dr. \u00c1. A. (N\u00fa., 2009. febr. 24)<\/br><\/p>\n","protected":false},"excerpt":{"rendered":"<p>Sz\u00e9kelyk\u00e1l, 1921. m\u00e1rc. 28., \u2020 Mv., 2005. febr. 22.: k\u00f6zgazd\u00e1sz, jog\u00e1sz. \u2013 \u00c1. Albert, f\u00f6ldm\u0171ves \u00e9s Adorj\u00e1ni Judit fia. Feles\u00e9ge: Luda Olga Erzs\u00e9bet tan\u00edt\u00f3n\u0151. \u2013 Mv.-en a Ref. Koll.-ban \u00e9retts\u00e9gizett (1941); a kv.-i BTE Jog- &#8211; \u00e9s \u00c1llamtudom\u00e1nyi Kar\u00e1n szerzett oklevelet (1945), majd doktor\u00e1lt. Mv.-en t\u00f6rv\u00e9nysz\u00e9ki gyakornok (1945\u201346), de elt\u00e1vol\u00edtott\u00e1k. Ezut\u00e1n a Ref. Koll. (Ranghe\u021b, [&hellip;]<\/p>\n","protected":false},"featured_media":0,"comment_status":"open","ping_status":"closed","template":"","meta":[],"product_brand":[],"product_cat":[137],"product_tag":[],"class_list":{"0":"post-1644","1":"product","2":"type-product","3":"status-publish","5":"product_cat-maros-megyei-eletrajzi-lexikon","7":"first","8":"instock","9":"shipping-taxable","10":"product-type-simple"},"_links":{"self":[{"href":"https:\/\/uj.adatbank.ro\/lexikon\/wp-json\/wp\/v2\/product\/1644","targetHints":{"allow":["GET"]}}],"collection":[{"href":"https:\/\/uj.adatbank.ro\/lexikon\/wp-json\/wp\/v2\/product"}],"about":[{"href":"https:\/\/uj.adatbank.ro\/lexikon\/wp-json\/wp\/v2\/types\/product"}],"replies":[{"embeddable":true,"href":"https:\/\/uj.adatbank.ro\/lexikon\/wp-json\/wp\/v2\/comments?post=1644"}],"wp:attachment":[{"href":"https:\/\/uj.adatbank.ro\/lexikon\/wp-json\/wp\/v2\/media?parent=1644"}],"wp:term":[{"taxonomy":"product_brand","embeddable":true,"href":"https:\/\/uj.adatbank.ro\/lexikon\/wp-json\/wp\/v2\/product_brand?post=1644"},{"taxonomy":"product_cat","embeddable":true,"href":"https:\/\/uj.adatbank.ro\/lexikon\/wp-json\/wp\/v2\/product_cat?post=1644"},{"taxonomy":"product_tag","embeddable":true,"href":"https:\/\/uj.adatbank.ro\/lexikon\/wp-json\/wp\/v2\/product_tag?post=1644"}],"curies":[{"name":"wp","href":"https:\/\/api.w.org\/{rel}","templated":true}]}}