{"id":16442,"date":"2025-07-15T16:17:00","date_gmt":"2025-07-15T14:17:00","guid":{"rendered":"https:\/\/uj.adatbank.ro\/lexikon\/termek\/nagy-pal-5\/"},"modified":"2025-07-15T16:17:00","modified_gmt":"2025-07-15T14:17:00","slug":"nagy-pal-5","status":"publish","type":"product","link":"https:\/\/uj.adatbank.ro\/lexikon\/termek\/nagy-pal-5\/","title":{"rendered":"NAGY P\u00e1l"},"content":{"rendered":"<p>Mez\u0151k\u00f6lp\u00e9ny, 1924. jan. 30., \u2020 Mv., 2015. szept. 4. irodalomt\u00f6rt\u00e9n\u00e9sz, szerkeszt\u0151. \u2013 Nagy Zolt\u00e1n tan\u00edt\u00f3 \u00e9s Borb\u00e1la fia. Fi\u00fak: Andr\u00e1s (1951\u2013). \u00d6zvegy. \u2013 A kv.-i Bolyai Egyetemen v\u00e9gzett a magyar-t\u00f6rt\u00e9nelem szakon (1948\u201349). Az Ifj\u00fa Erd\u00e9ly k\u00f6z\u00f6lte els\u0151 \u00edr\u00e1s\u00e1t (1942). Kv.-on tan\u00e1r a 2.sz. Fi\u00fal\u00edc.-ban (1949\u201355). Mv.-en az Igaz Sz\u00f3 szerkeszt\u0151je (1955\u201370), A H\u00e9t (1970\u201373), az \u00daj \u00c9letc. Buk.-ben megjelen\u0151 lap szerkeszt\u0151s\u00e9gi felel\u0151s titk\u00e1ra (1974\u201384).Tanulm\u00e1nyait, cikkeit, jegyzeteit k\u00f6z\u00f6lte a Vil\u00e1goss\u00e1g, Igazs\u00e1g, V\u00f6r\u00f6s Z\u00e1szl\u00f3, Hargita, Brass\u00f3i lapok, Ifj\u00famunk\u00e1s, Utunk, M\u00favel\u0151d\u00e9s, El\u0151re. Jegyzeteket, el\u0151 vagy ut\u00f3sz\u00f3t \u00edrt B\u00f6z\u00f6di Gy\u00f6rgy, K\u00f3s K\u00e1roly m\u0171veihez. R\u00e9szese a Mentor kiad\u00f3 Wass Albert \u00e9s Tam\u00e1si \u00c1ron \u00e9letm\u0171 sorozata szerkeszt\u00e9s\u00e9nek.Tam\u00e1si \u00c1ron \u2013d\u00edj \u00e9s Aranytoll d\u00edj kit\u00fcntetettje. A Magyar \u00edr\u00f3sz\u00f6vets\u00e9g \u00e9s a Rom\u00e1niai \u00cdr\u00f3k Sz\u00f6vets\u00e9g\u00e9nek tagja, a mv.-i S\u00fct\u0151 Andr\u00e1s Bar\u00e1ti Egyes\u00fclet eln\u00f6ke volt. \u2013 <strong>F. m.:<\/strong> Magyar irodalom tank\u00f6nyv a X. oszt. sz\u00e1m\u00e1ra (t\u00e1rssz., 1990); Er\u0151s v\u00e1runk. Koll\u00e9giumi eml\u00e9kk\u00f6nyv (szerk. N.P., 1993); Marosv\u00e1s\u00e1rhelyi sorok.Publicisztika. (Bp., 1994); Falu a Korh\u00e1ny alatt: Mez\u0151k\u00f6lp\u00e9ny (Mv., 1996); Visszan\u00e9z\u0151: Arcok, p\u00e1ly\u00e1k, pillanatok (Mv., 1997); Bolyaiak tere : tollvon\u00e1sok egy v\u00e1ros arck\u00e9p\u00e9hez (Mv., 1998); Szigetek a Holttengerben: Mez\u0151s\u00e9gi antol\u00f3gia (Mv., 1998); Forgatagos id\u0151ben (Mv., 2004); Tinta a Kisg\u00f6nc\u00f6lben (Bp., 2004); Itthoni k\u00f6nyvespolc (Cs\u00edkszereda, 2006); Napl\u00f3 n\u00e9lk\u00fcl (Mv., 2007); Gond \u00e9s rem\u00e9ny (Mv., 2009); <strong>szerk.:<\/strong> EMKE:1885\u20131995 (Kv., 1995); Sipos Ferenc.itthon \u2013 Farkaslak\u00e1n. Szerk. \u00e9s az el\u0151sz\u00f3t \u00edrta Nagy P\u00e1l.; Ilustr. Porzsolt Borb\u00e1la.(Gyergy\u00f3szentmikl\u00f3s, 2004). <br \/><strong>Irod.:<\/strong> EMKK 2000; Kort\u00e1rs magyar \u00edr\u00f3k, 1945\u20131997.2.k\u00f6t. (Bp., 1998); RMIL 4.; RMKK 2010<\/br><\/p>\n","protected":false},"excerpt":{"rendered":"<p>Mez\u0151k\u00f6lp\u00e9ny, 1924. jan. 30., \u2020 Mv., 2015. szept. 4. irodalomt\u00f6rt\u00e9n\u00e9sz, szerkeszt\u0151. \u2013 Nagy Zolt\u00e1n tan\u00edt\u00f3 \u00e9s Borb\u00e1la fia. Fi\u00fak: Andr\u00e1s (1951\u2013). \u00d6zvegy. \u2013 A kv.-i Bolyai Egyetemen v\u00e9gzett a magyar-t\u00f6rt\u00e9nelem szakon (1948\u201349). Az Ifj\u00fa Erd\u00e9ly k\u00f6z\u00f6lte els\u0151 \u00edr\u00e1s\u00e1t (1942). Kv.-on tan\u00e1r a 2.sz. Fi\u00fal\u00edc.-ban (1949\u201355). Mv.-en az Igaz Sz\u00f3 szerkeszt\u0151je (1955\u201370), A H\u00e9t (1970\u201373), az [&hellip;]<\/p>\n","protected":false},"featured_media":0,"comment_status":"open","ping_status":"closed","template":"","meta":[],"product_brand":[],"product_cat":[137],"product_tag":[],"class_list":{"0":"post-16442","1":"product","2":"type-product","3":"status-publish","5":"product_cat-maros-megyei-eletrajzi-lexikon","7":"first","8":"instock","9":"shipping-taxable","10":"product-type-simple"},"_links":{"self":[{"href":"https:\/\/uj.adatbank.ro\/lexikon\/wp-json\/wp\/v2\/product\/16442","targetHints":{"allow":["GET"]}}],"collection":[{"href":"https:\/\/uj.adatbank.ro\/lexikon\/wp-json\/wp\/v2\/product"}],"about":[{"href":"https:\/\/uj.adatbank.ro\/lexikon\/wp-json\/wp\/v2\/types\/product"}],"replies":[{"embeddable":true,"href":"https:\/\/uj.adatbank.ro\/lexikon\/wp-json\/wp\/v2\/comments?post=16442"}],"wp:attachment":[{"href":"https:\/\/uj.adatbank.ro\/lexikon\/wp-json\/wp\/v2\/media?parent=16442"}],"wp:term":[{"taxonomy":"product_brand","embeddable":true,"href":"https:\/\/uj.adatbank.ro\/lexikon\/wp-json\/wp\/v2\/product_brand?post=16442"},{"taxonomy":"product_cat","embeddable":true,"href":"https:\/\/uj.adatbank.ro\/lexikon\/wp-json\/wp\/v2\/product_cat?post=16442"},{"taxonomy":"product_tag","embeddable":true,"href":"https:\/\/uj.adatbank.ro\/lexikon\/wp-json\/wp\/v2\/product_tag?post=16442"}],"curies":[{"name":"wp","href":"https:\/\/api.w.org\/{rel}","templated":true}]}}