{"id":16446,"date":"2025-07-15T16:17:08","date_gmt":"2025-07-15T14:17:08","guid":{"rendered":"https:\/\/uj.adatbank.ro\/lexikon\/termek\/nagy-pal-kebelei\/"},"modified":"2025-07-15T16:17:08","modified_gmt":"2025-07-15T14:17:08","slug":"nagy-pal-kebelei","status":"publish","type":"product","link":"https:\/\/uj.adatbank.ro\/lexikon\/termek\/nagy-pal-kebelei\/","title":{"rendered":"NAGY P\u00e1l, kebelei"},"content":{"rendered":"<p>1846, \u2020 ?: birtokos. \u2013 N. S\u00e1muel mv.-i tisztvisel\u0151 fia. \u2013 A heidelbergi egy. Jogtud. Kar\u00e1n j\u00e1rt (1870\u2013). Kisk\u00fck\u00fcll\u0151megy\u00e9ben, takar\u00e9kp\u00e9nzt\u00e1ri igazgat\u00f3 Dics\u0151szentm\u00e1rtonban. A radn\u00f3ti ref. egyh\u00e1zk\u00f6zs\u00e9g\u00e9nek r\u00e9szben ez\u00fcst keny\u00e9roszt\u00f3 t\u00e1ny\u00e9rt aj\u00e1nd\u00e9kozott (1845). <br \/><strong>Irod.:<\/strong> K\u00fck\u00fcll\u0151i Ref. Egyh\u00e1zm. 4.; P\u00e1lmay<\/br><\/p>\n","protected":false},"excerpt":{"rendered":"<p>1846, \u2020 ?: birtokos. \u2013 N. S\u00e1muel mv.-i tisztvisel\u0151 fia. \u2013 A heidelbergi egy. Jogtud. Kar\u00e1n j\u00e1rt (1870\u2013). Kisk\u00fck\u00fcll\u0151megy\u00e9ben, takar\u00e9kp\u00e9nzt\u00e1ri igazgat\u00f3 Dics\u0151szentm\u00e1rtonban. A radn\u00f3ti ref. egyh\u00e1zk\u00f6zs\u00e9g\u00e9nek r\u00e9szben ez\u00fcst keny\u00e9roszt\u00f3 t\u00e1ny\u00e9rt aj\u00e1nd\u00e9kozott (1845). Irod.: K\u00fck\u00fcll\u0151i Ref. Egyh\u00e1zm. 4.; P\u00e1lmay<\/p>\n","protected":false},"featured_media":0,"comment_status":"open","ping_status":"closed","template":"","meta":[],"product_brand":[],"product_cat":[137],"product_tag":[],"class_list":{"0":"post-16446","1":"product","2":"type-product","3":"status-publish","5":"product_cat-maros-megyei-eletrajzi-lexikon","7":"first","8":"instock","9":"shipping-taxable","10":"product-type-simple"},"_links":{"self":[{"href":"https:\/\/uj.adatbank.ro\/lexikon\/wp-json\/wp\/v2\/product\/16446","targetHints":{"allow":["GET"]}}],"collection":[{"href":"https:\/\/uj.adatbank.ro\/lexikon\/wp-json\/wp\/v2\/product"}],"about":[{"href":"https:\/\/uj.adatbank.ro\/lexikon\/wp-json\/wp\/v2\/types\/product"}],"replies":[{"embeddable":true,"href":"https:\/\/uj.adatbank.ro\/lexikon\/wp-json\/wp\/v2\/comments?post=16446"}],"wp:attachment":[{"href":"https:\/\/uj.adatbank.ro\/lexikon\/wp-json\/wp\/v2\/media?parent=16446"}],"wp:term":[{"taxonomy":"product_brand","embeddable":true,"href":"https:\/\/uj.adatbank.ro\/lexikon\/wp-json\/wp\/v2\/product_brand?post=16446"},{"taxonomy":"product_cat","embeddable":true,"href":"https:\/\/uj.adatbank.ro\/lexikon\/wp-json\/wp\/v2\/product_cat?post=16446"},{"taxonomy":"product_tag","embeddable":true,"href":"https:\/\/uj.adatbank.ro\/lexikon\/wp-json\/wp\/v2\/product_tag?post=16446"}],"curies":[{"name":"wp","href":"https:\/\/api.w.org\/{rel}","templated":true}]}}