{"id":16448,"date":"2025-07-15T16:17:11","date_gmt":"2025-07-15T14:17:11","guid":{"rendered":"https:\/\/uj.adatbank.ro\/lexikon\/termek\/nagy-paula-polixenia-poli-kallai-nagy-polixenia-kallaine-nagy-polixenia\/"},"modified":"2025-07-15T16:17:11","modified_gmt":"2025-07-15T14:17:11","slug":"nagy-paula-polixenia-poli-kallai-nagy-polixenia-kallaine-nagy-polixenia","status":"publish","type":"product","link":"https:\/\/uj.adatbank.ro\/lexikon\/termek\/nagy-paula-polixenia-poli-kallai-nagy-polixenia-kallaine-nagy-polixenia\/","title":{"rendered":"NAGY Paula; Polixenia, P\u00f3li; K\u00e1llai-Nagy Polix\u00e9nia, K\u00e1llain\u00e9 Nagy Polix\u00e9nia"},"content":{"rendered":"<p>Mv., 1857. m\u00e1j. 1., \u2020 K\u00f6rm\u00f6cb\u00e1nya, 1891. nov. 14.: sz\u00edn\u00e9szn\u0151, sz\u00ednigazgat\u00f3. \u00c9desapja Poleretzki Nagy Mih\u00e1ly, f\u00e9rje K\u00e1llai Nagy Albert tenorista volt. A csal\u00e1di t\u00e1rsulatban j\u00e1tszott (1869\u20131880). Mosonyi K\u00e1rollyal Aradon (1880\u201381), Sztupa Andorral Mv.-en t\u00e1rsulva j\u00e1tszottak (1881\u201382), egyik sz\u00edn\u00e9sz\u00fck, J\u00e1ni J\u00e1nos vette \u00e1t a t\u00e1rsulat vezet\u00e9s\u00e9t (1882\u20131887). Igazgat\u00f3i enged\u00e9ly\u00e9rt folyamodott, melyet megkapott (1887 dec.). Hal\u00e1l\u00e1ig \u00e1llt egy kis egy\u00fcttes \u00e9l\u00e9n. Igazgat\u00f3k\u00e9nt: Cserm\u0151 (1887\u201388), Borosjen\u0151, Pankota, Nagylak, P\u00e9cska, Batonya, Mez\u0151kov\u00e1csh\u00e1za, T\u00f3tkoml\u00f3s (1888); Bel\u00e9nyes (1888\u201389); Vask\u00f3h, Margitta, Ny\u00edrb\u00e1tor, Feh\u00e9rgyarmat, \u00c9rmih\u00e1lyfalva, Sz\u00e9kelyh\u00edd (1889); Nagyb\u00e1nya (1889\u201390); Nagyk\u00e1roly, Zilah, Beregsz\u00e1sz, Munk\u00e1cs, Ny\u00edrb\u00e1tor (1890); \u00dajfeh\u00e9rt\u00f3 (1890\u201391); Nagymih\u00e1ly, Homonna, Varanna, Tornally, \u00d3zd, Cs\u00edz, Putnok, Feled, V\u00e1c, Lipt\u00f3szentmikl\u00f3s (1891). <br \/><strong>Irod.:<\/strong> MSZL<\/br><\/p>\n","protected":false},"excerpt":{"rendered":"<p>Mv., 1857. m\u00e1j. 1., \u2020 K\u00f6rm\u00f6cb\u00e1nya, 1891. nov. 14.: sz\u00edn\u00e9szn\u0151, sz\u00ednigazgat\u00f3. \u00c9desapja Poleretzki Nagy Mih\u00e1ly, f\u00e9rje K\u00e1llai Nagy Albert tenorista volt. A csal\u00e1di t\u00e1rsulatban j\u00e1tszott (1869\u20131880). Mosonyi K\u00e1rollyal Aradon (1880\u201381), Sztupa Andorral Mv.-en t\u00e1rsulva j\u00e1tszottak (1881\u201382), egyik sz\u00edn\u00e9sz\u00fck, J\u00e1ni J\u00e1nos vette \u00e1t a t\u00e1rsulat vezet\u00e9s\u00e9t (1882\u20131887). Igazgat\u00f3i enged\u00e9ly\u00e9rt folyamodott, melyet megkapott (1887 dec.). Hal\u00e1l\u00e1ig \u00e1llt [&hellip;]<\/p>\n","protected":false},"featured_media":0,"comment_status":"open","ping_status":"closed","template":"","meta":[],"product_brand":[],"product_cat":[137],"product_tag":[],"class_list":{"0":"post-16448","1":"product","2":"type-product","3":"status-publish","5":"product_cat-maros-megyei-eletrajzi-lexikon","7":"first","8":"instock","9":"shipping-taxable","10":"product-type-simple"},"_links":{"self":[{"href":"https:\/\/uj.adatbank.ro\/lexikon\/wp-json\/wp\/v2\/product\/16448","targetHints":{"allow":["GET"]}}],"collection":[{"href":"https:\/\/uj.adatbank.ro\/lexikon\/wp-json\/wp\/v2\/product"}],"about":[{"href":"https:\/\/uj.adatbank.ro\/lexikon\/wp-json\/wp\/v2\/types\/product"}],"replies":[{"embeddable":true,"href":"https:\/\/uj.adatbank.ro\/lexikon\/wp-json\/wp\/v2\/comments?post=16448"}],"wp:attachment":[{"href":"https:\/\/uj.adatbank.ro\/lexikon\/wp-json\/wp\/v2\/media?parent=16448"}],"wp:term":[{"taxonomy":"product_brand","embeddable":true,"href":"https:\/\/uj.adatbank.ro\/lexikon\/wp-json\/wp\/v2\/product_brand?post=16448"},{"taxonomy":"product_cat","embeddable":true,"href":"https:\/\/uj.adatbank.ro\/lexikon\/wp-json\/wp\/v2\/product_cat?post=16448"},{"taxonomy":"product_tag","embeddable":true,"href":"https:\/\/uj.adatbank.ro\/lexikon\/wp-json\/wp\/v2\/product_tag?post=16448"}],"curies":[{"name":"wp","href":"https:\/\/api.w.org\/{rel}","templated":true}]}}