{"id":1645,"date":"2025-06-28T11:48:42","date_gmt":"2025-06-28T09:48:42","guid":{"rendered":"https:\/\/uj.adatbank.ro\/lexikon\/termek\/agoston-alexandru-agoston-sandor\/"},"modified":"2025-06-28T11:48:42","modified_gmt":"2025-06-28T09:48:42","slug":"agoston-alexandru-agoston-sandor","status":"publish","type":"product","link":"https:\/\/uj.adatbank.ro\/lexikon\/termek\/agoston-alexandru-agoston-sandor\/","title":{"rendered":"\u00c1GOSTON Alexandru, \u00c1goston S\u00e1ndor"},"content":{"rendered":"<p>? \u2020\u00a0?: sz\u00e1zados. \u2013 A MAT mv.-i securitate \u201eF\u201d iroda f\u0151n\u00f6ke, sz\u00e1zados (1958), \u0151rnagy (1967). <br \/><strong>Irod.:<\/strong> Bartos 2012<\/br><\/p>\n","protected":false},"excerpt":{"rendered":"<p>? \u2020\u00a0?: sz\u00e1zados. \u2013 A MAT mv.-i securitate \u201eF\u201d iroda f\u0151n\u00f6ke, sz\u00e1zados (1958), \u0151rnagy (1967). Irod.: Bartos 2012<\/p>\n","protected":false},"featured_media":0,"comment_status":"open","ping_status":"closed","template":"","meta":[],"product_brand":[],"product_cat":[137],"product_tag":[],"class_list":{"0":"post-1645","1":"product","2":"type-product","3":"status-publish","5":"product_cat-maros-megyei-eletrajzi-lexikon","7":"first","8":"instock","9":"shipping-taxable","10":"product-type-simple"},"_links":{"self":[{"href":"https:\/\/uj.adatbank.ro\/lexikon\/wp-json\/wp\/v2\/product\/1645","targetHints":{"allow":["GET"]}}],"collection":[{"href":"https:\/\/uj.adatbank.ro\/lexikon\/wp-json\/wp\/v2\/product"}],"about":[{"href":"https:\/\/uj.adatbank.ro\/lexikon\/wp-json\/wp\/v2\/types\/product"}],"replies":[{"embeddable":true,"href":"https:\/\/uj.adatbank.ro\/lexikon\/wp-json\/wp\/v2\/comments?post=1645"}],"wp:attachment":[{"href":"https:\/\/uj.adatbank.ro\/lexikon\/wp-json\/wp\/v2\/media?parent=1645"}],"wp:term":[{"taxonomy":"product_brand","embeddable":true,"href":"https:\/\/uj.adatbank.ro\/lexikon\/wp-json\/wp\/v2\/product_brand?post=1645"},{"taxonomy":"product_cat","embeddable":true,"href":"https:\/\/uj.adatbank.ro\/lexikon\/wp-json\/wp\/v2\/product_cat?post=1645"},{"taxonomy":"product_tag","embeddable":true,"href":"https:\/\/uj.adatbank.ro\/lexikon\/wp-json\/wp\/v2\/product_tag?post=1645"}],"curies":[{"name":"wp","href":"https:\/\/api.w.org\/{rel}","templated":true}]}}