{"id":16451,"date":"2025-07-15T16:17:18","date_gmt":"2025-07-15T14:17:18","guid":{"rendered":"https:\/\/uj.adatbank.ro\/lexikon\/termek\/nagy-peter-galfalvi\/"},"modified":"2025-07-15T16:17:18","modified_gmt":"2025-07-15T14:17:18","slug":"nagy-peter-galfalvi","status":"publish","type":"product","link":"https:\/\/uj.adatbank.ro\/lexikon\/termek\/nagy-peter-galfalvi\/","title":{"rendered":"NAGY P\u00e9ter, g\u00e1lfalvi"},"content":{"rendered":"<p>? \u2020 ?: l\u00f3f\u0151 sz\u00e9kely. \u2013 Bocskai Istv\u00e1n erd\u00e9lyi fejedelemt\u00f3l nyerte a l\u00f3f\u0151s\u00e9get (1606). <br \/><strong>Irod.:<\/strong> SzOkl, 4<\/br><\/p>\n","protected":false},"excerpt":{"rendered":"<p>? \u2020 ?: l\u00f3f\u0151 sz\u00e9kely. \u2013 Bocskai Istv\u00e1n erd\u00e9lyi fejedelemt\u00f3l nyerte a l\u00f3f\u0151s\u00e9get (1606). Irod.: SzOkl, 4<\/p>\n","protected":false},"featured_media":0,"comment_status":"open","ping_status":"closed","template":"","meta":[],"product_brand":[],"product_cat":[137],"product_tag":[],"class_list":{"0":"post-16451","1":"product","2":"type-product","3":"status-publish","5":"product_cat-maros-megyei-eletrajzi-lexikon","7":"first","8":"instock","9":"shipping-taxable","10":"product-type-simple"},"_links":{"self":[{"href":"https:\/\/uj.adatbank.ro\/lexikon\/wp-json\/wp\/v2\/product\/16451","targetHints":{"allow":["GET"]}}],"collection":[{"href":"https:\/\/uj.adatbank.ro\/lexikon\/wp-json\/wp\/v2\/product"}],"about":[{"href":"https:\/\/uj.adatbank.ro\/lexikon\/wp-json\/wp\/v2\/types\/product"}],"replies":[{"embeddable":true,"href":"https:\/\/uj.adatbank.ro\/lexikon\/wp-json\/wp\/v2\/comments?post=16451"}],"wp:attachment":[{"href":"https:\/\/uj.adatbank.ro\/lexikon\/wp-json\/wp\/v2\/media?parent=16451"}],"wp:term":[{"taxonomy":"product_brand","embeddable":true,"href":"https:\/\/uj.adatbank.ro\/lexikon\/wp-json\/wp\/v2\/product_brand?post=16451"},{"taxonomy":"product_cat","embeddable":true,"href":"https:\/\/uj.adatbank.ro\/lexikon\/wp-json\/wp\/v2\/product_cat?post=16451"},{"taxonomy":"product_tag","embeddable":true,"href":"https:\/\/uj.adatbank.ro\/lexikon\/wp-json\/wp\/v2\/product_tag?post=16451"}],"curies":[{"name":"wp","href":"https:\/\/api.w.org\/{rel}","templated":true}]}}