{"id":16454,"date":"2025-07-15T16:17:26","date_gmt":"2025-07-15T14:17:26","guid":{"rendered":"https:\/\/uj.adatbank.ro\/lexikon\/termek\/nagy-samu-2\/"},"modified":"2025-07-15T16:17:26","modified_gmt":"2025-07-15T14:17:26","slug":"nagy-samu-2","status":"publish","type":"product","link":"https:\/\/uj.adatbank.ro\/lexikon\/termek\/nagy-samu-2\/","title":{"rendered":"NAGY Samu"},"content":{"rendered":"<p>M\u00e1ja, 1887., \u2020 ?: szab\u00f3mester. \u2013 Iskol\u00e1i elv\u00e9gz\u00e9se ut\u00e1n a szab\u00f3s\u00e1got tanulta \u00e9s mint seg\u00e9d a legjobb mesterek mellett fejlesztette szaktud\u00e1s\u00e1t, \u00f6n\u00e1ll\u00f3 lett Mv.-en (1919\u2013). M\u00e9rt\u00e9k ut\u00e1ni rendel\u00e9sre dolgozott, az Iparostest\u00fclet tagaja volt. Az es\u0151 vh.-ban 3 \u00e9vet szolg\u00e1lt, megsebes\u00fclt, 3 bronz vit. \u00e9rem \u00e9s a K\u00e1roly Csapatkereszt kit\u00fcntet\u00e9sel szerelt le. <br \/><strong>Irod.:<\/strong> Sz\u00e9kelyf\u00f6ld \u00ed.k.<\/br><\/p>\n","protected":false},"excerpt":{"rendered":"<p>M\u00e1ja, 1887., \u2020 ?: szab\u00f3mester. \u2013 Iskol\u00e1i elv\u00e9gz\u00e9se ut\u00e1n a szab\u00f3s\u00e1got tanulta \u00e9s mint seg\u00e9d a legjobb mesterek mellett fejlesztette szaktud\u00e1s\u00e1t, \u00f6n\u00e1ll\u00f3 lett Mv.-en (1919\u2013). M\u00e9rt\u00e9k ut\u00e1ni rendel\u00e9sre dolgozott, az Iparostest\u00fclet tagaja volt. Az es\u0151 vh.-ban 3 \u00e9vet szolg\u00e1lt, megsebes\u00fclt, 3 bronz vit. \u00e9rem \u00e9s a K\u00e1roly Csapatkereszt kit\u00fcntet\u00e9sel szerelt le. Irod.: Sz\u00e9kelyf\u00f6ld \u00ed.k.<\/p>\n","protected":false},"featured_media":0,"comment_status":"open","ping_status":"closed","template":"","meta":[],"product_brand":[],"product_cat":[137],"product_tag":[],"class_list":{"0":"post-16454","1":"product","2":"type-product","3":"status-publish","5":"product_cat-maros-megyei-eletrajzi-lexikon","7":"first","8":"instock","9":"shipping-taxable","10":"product-type-simple"},"_links":{"self":[{"href":"https:\/\/uj.adatbank.ro\/lexikon\/wp-json\/wp\/v2\/product\/16454","targetHints":{"allow":["GET"]}}],"collection":[{"href":"https:\/\/uj.adatbank.ro\/lexikon\/wp-json\/wp\/v2\/product"}],"about":[{"href":"https:\/\/uj.adatbank.ro\/lexikon\/wp-json\/wp\/v2\/types\/product"}],"replies":[{"embeddable":true,"href":"https:\/\/uj.adatbank.ro\/lexikon\/wp-json\/wp\/v2\/comments?post=16454"}],"wp:attachment":[{"href":"https:\/\/uj.adatbank.ro\/lexikon\/wp-json\/wp\/v2\/media?parent=16454"}],"wp:term":[{"taxonomy":"product_brand","embeddable":true,"href":"https:\/\/uj.adatbank.ro\/lexikon\/wp-json\/wp\/v2\/product_brand?post=16454"},{"taxonomy":"product_cat","embeddable":true,"href":"https:\/\/uj.adatbank.ro\/lexikon\/wp-json\/wp\/v2\/product_cat?post=16454"},{"taxonomy":"product_tag","embeddable":true,"href":"https:\/\/uj.adatbank.ro\/lexikon\/wp-json\/wp\/v2\/product_tag?post=16454"}],"curies":[{"name":"wp","href":"https:\/\/api.w.org\/{rel}","templated":true}]}}