{"id":16457,"date":"2025-07-15T16:17:31","date_gmt":"2025-07-15T14:17:31","guid":{"rendered":"https:\/\/uj.adatbank.ro\/lexikon\/termek\/nagy-samu-kebelei-2\/"},"modified":"2025-07-15T16:17:31","modified_gmt":"2025-07-15T14:17:31","slug":"nagy-samu-kebelei-2","status":"publish","type":"product","link":"https:\/\/uj.adatbank.ro\/lexikon\/termek\/nagy-samu-kebelei-2\/","title":{"rendered":"Nagy Samu, kebelei"},"content":{"rendered":"<p>? \u2020 ?: ?. \u2013 Feles\u00e9ge: harcz\u00f3i G\u00e1lfalvi Lila (1818 \u2013 Mv., 1888. j\u00fan. 13.). Feles\u00e9ge testv\u00e9rei: G\u00e1lfalvi R\u00f3zsi s\u00e1rosberkeszi Katona Istv\u00e1nn\u00e9 \u00e9s G\u00e1lfalvi Mari. <br \/><strong>Irod.:<\/strong> Gy\u00e1szjelent\u0151<\/br><\/p>\n","protected":false},"excerpt":{"rendered":"<p>? \u2020 ?: ?. \u2013 Feles\u00e9ge: harcz\u00f3i G\u00e1lfalvi Lila (1818 \u2013 Mv., 1888. j\u00fan. 13.). Feles\u00e9ge testv\u00e9rei: G\u00e1lfalvi R\u00f3zsi s\u00e1rosberkeszi Katona Istv\u00e1nn\u00e9 \u00e9s G\u00e1lfalvi Mari. Irod.: Gy\u00e1szjelent\u0151<\/p>\n","protected":false},"featured_media":0,"comment_status":"open","ping_status":"closed","template":"","meta":[],"product_brand":[],"product_cat":[137],"product_tag":[],"class_list":{"0":"post-16457","1":"product","2":"type-product","3":"status-publish","5":"product_cat-maros-megyei-eletrajzi-lexikon","7":"first","8":"instock","9":"shipping-taxable","10":"product-type-simple"},"_links":{"self":[{"href":"https:\/\/uj.adatbank.ro\/lexikon\/wp-json\/wp\/v2\/product\/16457","targetHints":{"allow":["GET"]}}],"collection":[{"href":"https:\/\/uj.adatbank.ro\/lexikon\/wp-json\/wp\/v2\/product"}],"about":[{"href":"https:\/\/uj.adatbank.ro\/lexikon\/wp-json\/wp\/v2\/types\/product"}],"replies":[{"embeddable":true,"href":"https:\/\/uj.adatbank.ro\/lexikon\/wp-json\/wp\/v2\/comments?post=16457"}],"wp:attachment":[{"href":"https:\/\/uj.adatbank.ro\/lexikon\/wp-json\/wp\/v2\/media?parent=16457"}],"wp:term":[{"taxonomy":"product_brand","embeddable":true,"href":"https:\/\/uj.adatbank.ro\/lexikon\/wp-json\/wp\/v2\/product_brand?post=16457"},{"taxonomy":"product_cat","embeddable":true,"href":"https:\/\/uj.adatbank.ro\/lexikon\/wp-json\/wp\/v2\/product_cat?post=16457"},{"taxonomy":"product_tag","embeddable":true,"href":"https:\/\/uj.adatbank.ro\/lexikon\/wp-json\/wp\/v2\/product_tag?post=16457"}],"curies":[{"name":"wp","href":"https:\/\/api.w.org\/{rel}","templated":true}]}}