{"id":16459,"date":"2025-07-15T16:17:35","date_gmt":"2025-07-15T14:17:35","guid":{"rendered":"https:\/\/uj.adatbank.ro\/lexikon\/termek\/nagy-samuel\/"},"modified":"2025-07-15T16:17:35","modified_gmt":"2025-07-15T14:17:35","slug":"nagy-samuel","status":"publish","type":"product","link":"https:\/\/uj.adatbank.ro\/lexikon\/termek\/nagy-samuel\/","title":{"rendered":"NAGY S\u00e1muel"},"content":{"rendered":"<p>Bikfalva, 1693 \u2020 1763: ?. \u2013 Testv\u00e9re.T\u00f6lgyes N\u00e9. \u2013 Gyermekeik:M\u00f3zes (1743-.) \u00e9s J\u00e1nos.<br \/><strong>Irod.:<\/strong>Kelemen Lajos 2006<\/br><\/p>\n","protected":false},"excerpt":{"rendered":"<p>Bikfalva, 1693 \u2020 1763: ?. \u2013 Testv\u00e9re.T\u00f6lgyes N\u00e9. \u2013 Gyermekeik:M\u00f3zes (1743-.) \u00e9s J\u00e1nos.Irod.:Kelemen Lajos 2006<\/p>\n","protected":false},"featured_media":0,"comment_status":"open","ping_status":"closed","template":"","meta":[],"product_brand":[],"product_cat":[137],"product_tag":[],"class_list":{"0":"post-16459","1":"product","2":"type-product","3":"status-publish","5":"product_cat-maros-megyei-eletrajzi-lexikon","7":"first","8":"instock","9":"shipping-taxable","10":"product-type-simple"},"_links":{"self":[{"href":"https:\/\/uj.adatbank.ro\/lexikon\/wp-json\/wp\/v2\/product\/16459","targetHints":{"allow":["GET"]}}],"collection":[{"href":"https:\/\/uj.adatbank.ro\/lexikon\/wp-json\/wp\/v2\/product"}],"about":[{"href":"https:\/\/uj.adatbank.ro\/lexikon\/wp-json\/wp\/v2\/types\/product"}],"replies":[{"embeddable":true,"href":"https:\/\/uj.adatbank.ro\/lexikon\/wp-json\/wp\/v2\/comments?post=16459"}],"wp:attachment":[{"href":"https:\/\/uj.adatbank.ro\/lexikon\/wp-json\/wp\/v2\/media?parent=16459"}],"wp:term":[{"taxonomy":"product_brand","embeddable":true,"href":"https:\/\/uj.adatbank.ro\/lexikon\/wp-json\/wp\/v2\/product_brand?post=16459"},{"taxonomy":"product_cat","embeddable":true,"href":"https:\/\/uj.adatbank.ro\/lexikon\/wp-json\/wp\/v2\/product_cat?post=16459"},{"taxonomy":"product_tag","embeddable":true,"href":"https:\/\/uj.adatbank.ro\/lexikon\/wp-json\/wp\/v2\/product_tag?post=16459"}],"curies":[{"name":"wp","href":"https:\/\/api.w.org\/{rel}","templated":true}]}}