{"id":1646,"date":"2025-06-28T11:48:43","date_gmt":"2025-06-28T09:48:43","guid":{"rendered":"https:\/\/uj.adatbank.ro\/lexikon\/termek\/agoston-elek-kisjokai\/"},"modified":"2025-06-28T11:48:43","modified_gmt":"2025-06-28T09:48:43","slug":"agoston-elek-kisjokai","status":"publish","type":"product","link":"https:\/\/uj.adatbank.ro\/lexikon\/termek\/agoston-elek-kisjokai\/","title":{"rendered":"\u00c1GOSTON Elek, kisj\u00f3kai"},"content":{"rendered":"<p>? \u2020\u00a0? : tenger\u00e9sztiszt, v\u00e1llalkoz\u00f3. \u2013 A bp.-i nyugd\u00edjas tenger\u00e9sztiszt konzervgy\u00e1rat l\u00e9tes\u00edtett a mv-i Csillagk\u00f6zben (1941), a k\u00f6vetkez\u0151 \u00e9vben m\u00e1r a n\u00e9met \u00e9s m. hadsereg sz\u00e1m\u00e1ra sz\u00e1ll\u00edtott. <br \/><strong>Irod.:<\/strong> Id\u0151t\u00e1r 3<\/br><\/p>\n","protected":false},"excerpt":{"rendered":"<p>? \u2020\u00a0? : tenger\u00e9sztiszt, v\u00e1llalkoz\u00f3. \u2013 A bp.-i nyugd\u00edjas tenger\u00e9sztiszt konzervgy\u00e1rat l\u00e9tes\u00edtett a mv-i Csillagk\u00f6zben (1941), a k\u00f6vetkez\u0151 \u00e9vben m\u00e1r a n\u00e9met \u00e9s m. hadsereg sz\u00e1m\u00e1ra sz\u00e1ll\u00edtott. Irod.: Id\u0151t\u00e1r 3<\/p>\n","protected":false},"featured_media":0,"comment_status":"open","ping_status":"closed","template":"","meta":[],"product_brand":[],"product_cat":[137],"product_tag":[],"class_list":{"0":"post-1646","1":"product","2":"type-product","3":"status-publish","5":"product_cat-maros-megyei-eletrajzi-lexikon","7":"first","8":"instock","9":"shipping-taxable","10":"product-type-simple"},"_links":{"self":[{"href":"https:\/\/uj.adatbank.ro\/lexikon\/wp-json\/wp\/v2\/product\/1646","targetHints":{"allow":["GET"]}}],"collection":[{"href":"https:\/\/uj.adatbank.ro\/lexikon\/wp-json\/wp\/v2\/product"}],"about":[{"href":"https:\/\/uj.adatbank.ro\/lexikon\/wp-json\/wp\/v2\/types\/product"}],"replies":[{"embeddable":true,"href":"https:\/\/uj.adatbank.ro\/lexikon\/wp-json\/wp\/v2\/comments?post=1646"}],"wp:attachment":[{"href":"https:\/\/uj.adatbank.ro\/lexikon\/wp-json\/wp\/v2\/media?parent=1646"}],"wp:term":[{"taxonomy":"product_brand","embeddable":true,"href":"https:\/\/uj.adatbank.ro\/lexikon\/wp-json\/wp\/v2\/product_brand?post=1646"},{"taxonomy":"product_cat","embeddable":true,"href":"https:\/\/uj.adatbank.ro\/lexikon\/wp-json\/wp\/v2\/product_cat?post=1646"},{"taxonomy":"product_tag","embeddable":true,"href":"https:\/\/uj.adatbank.ro\/lexikon\/wp-json\/wp\/v2\/product_tag?post=1646"}],"curies":[{"name":"wp","href":"https:\/\/api.w.org\/{rel}","templated":true}]}}