{"id":16462,"date":"2025-07-15T16:17:40","date_gmt":"2025-07-15T14:17:40","guid":{"rendered":"https:\/\/uj.adatbank.ro\/lexikon\/termek\/nagy-samuel-4\/"},"modified":"2025-07-15T16:17:40","modified_gmt":"2025-07-15T14:17:40","slug":"nagy-samuel-4","status":"publish","type":"product","link":"https:\/\/uj.adatbank.ro\/lexikon\/termek\/nagy-samuel-4\/","title":{"rendered":"NAGY S\u00e1muel"},"content":{"rendered":"<p>? \u2020 Mv.?: tisztvisel\u0151. \u2013 Letart\u00f3ztat\u00e1sakor k\u00f6nyvel\u0151 volt a Kal\u00e1ka nev\u0171 mv.-i Konzervgy\u00e1rban (1958. febr.25.). K\u00e1d\u00e1r J\u00e1nos mv.-i l\u00e1togat\u00e1sakor (1958. febr. 25.) egy t\u00e1rsas\u00e1gban tett kijelent\u00e9se miatt (\u00ab Adjatok egy karab\u00e9lyt, hogy l\u0151jem le ezt a h\u00f3h\u00e9rt \u00bb) m\u00e9g aznap 3 t\u00e1rs\u00e1val letart\u00f3ztatt\u00e1k \u00e9s \u00e9letfogytiglani fegyh\u00e1zra \u00edt\u00e9lt\u00e9k (1958. j\u00fan 5). Szabadul\u00e1sa (1964) ut\u00e1n Mv.-en \u00e9lt. <br \/><strong>Irod.:<\/strong> 1956 Erd\u00e9lyben<\/br><\/p>\n","protected":false},"excerpt":{"rendered":"<p>? \u2020 Mv.?: tisztvisel\u0151. \u2013 Letart\u00f3ztat\u00e1sakor k\u00f6nyvel\u0151 volt a Kal\u00e1ka nev\u0171 mv.-i Konzervgy\u00e1rban (1958. febr.25.). K\u00e1d\u00e1r J\u00e1nos mv.-i l\u00e1togat\u00e1sakor (1958. febr. 25.) egy t\u00e1rsas\u00e1gban tett kijelent\u00e9se miatt (\u00ab Adjatok egy karab\u00e9lyt, hogy l\u0151jem le ezt a h\u00f3h\u00e9rt \u00bb) m\u00e9g aznap 3 t\u00e1rs\u00e1val letart\u00f3ztatt\u00e1k \u00e9s \u00e9letfogytiglani fegyh\u00e1zra \u00edt\u00e9lt\u00e9k (1958. j\u00fan 5). Szabadul\u00e1sa (1964) ut\u00e1n Mv.-en \u00e9lt. [&hellip;]<\/p>\n","protected":false},"featured_media":0,"comment_status":"open","ping_status":"closed","template":"","meta":[],"product_brand":[],"product_cat":[137],"product_tag":[],"class_list":{"0":"post-16462","1":"product","2":"type-product","3":"status-publish","5":"product_cat-maros-megyei-eletrajzi-lexikon","7":"first","8":"instock","9":"shipping-taxable","10":"product-type-simple"},"_links":{"self":[{"href":"https:\/\/uj.adatbank.ro\/lexikon\/wp-json\/wp\/v2\/product\/16462","targetHints":{"allow":["GET"]}}],"collection":[{"href":"https:\/\/uj.adatbank.ro\/lexikon\/wp-json\/wp\/v2\/product"}],"about":[{"href":"https:\/\/uj.adatbank.ro\/lexikon\/wp-json\/wp\/v2\/types\/product"}],"replies":[{"embeddable":true,"href":"https:\/\/uj.adatbank.ro\/lexikon\/wp-json\/wp\/v2\/comments?post=16462"}],"wp:attachment":[{"href":"https:\/\/uj.adatbank.ro\/lexikon\/wp-json\/wp\/v2\/media?parent=16462"}],"wp:term":[{"taxonomy":"product_brand","embeddable":true,"href":"https:\/\/uj.adatbank.ro\/lexikon\/wp-json\/wp\/v2\/product_brand?post=16462"},{"taxonomy":"product_cat","embeddable":true,"href":"https:\/\/uj.adatbank.ro\/lexikon\/wp-json\/wp\/v2\/product_cat?post=16462"},{"taxonomy":"product_tag","embeddable":true,"href":"https:\/\/uj.adatbank.ro\/lexikon\/wp-json\/wp\/v2\/product_tag?post=16462"}],"curies":[{"name":"wp","href":"https:\/\/api.w.org\/{rel}","templated":true}]}}