{"id":16465,"date":"2025-07-15T16:17:48","date_gmt":"2025-07-15T14:17:48","guid":{"rendered":"https:\/\/uj.adatbank.ro\/lexikon\/termek\/nagy-samuel-nagy-jozsef-nagy-samuel-jozsef\/"},"modified":"2025-07-15T16:17:48","modified_gmt":"2025-07-15T14:17:48","slug":"nagy-samuel-nagy-jozsef-nagy-samuel-jozsef","status":"publish","type":"product","link":"https:\/\/uj.adatbank.ro\/lexikon\/termek\/nagy-samuel-nagy-jozsef-nagy-samuel-jozsef\/","title":{"rendered":"NAGY S\u00e1muel, Nagy J\u00f3zsef, Nagy S\u00e1muel J\u00f3zsef"},"content":{"rendered":"<p>Mez\u0151k\u00f6lp\u00e9ny, ? \u2020 ?: ref. lelk\u00e9sz. \u2013 Feles\u00e9ge Antal Katalin, Antal J\u00e1nos p\u00fcsp\u00f6k le\u00e1nya. \u2013 Tanult Mv., majd teol\u00f3gi\u00e1t Marburgban (1776) \u00e9s Bernben (1779\u201381). Lelk\u00e9sz Magyarr\u00e9genben (1781\u201391), S\u00f3falv\u00e1n (1810-:?). Seg\u00e9dpap Ny\u00e1r\u00e1dkar\u00e1csonyfalv\u00e1n (1834\u20131835), Kisbudakon (1852\u201365) (\u00e9s tal\u00e1n Radn\u00f3ton). <br \/><strong>Irod.:<\/strong> Imreh Barna; \u00d6tv\u00f6s J\u00f3zsef: Volt-e v\u00e1rtemplomi lelkip\u00e1sztor A. J. p\u00fcsp\u00f6k ? (\u00daj Kezdet, 11. sz., 2006. nov.); \u0150sz; Szab\u00f3-Sz\u00f6gi<\/br><\/p>\n","protected":false},"excerpt":{"rendered":"<p>Mez\u0151k\u00f6lp\u00e9ny, ? \u2020 ?: ref. lelk\u00e9sz. \u2013 Feles\u00e9ge Antal Katalin, Antal J\u00e1nos p\u00fcsp\u00f6k le\u00e1nya. \u2013 Tanult Mv., majd teol\u00f3gi\u00e1t Marburgban (1776) \u00e9s Bernben (1779\u201381). Lelk\u00e9sz Magyarr\u00e9genben (1781\u201391), S\u00f3falv\u00e1n (1810-:?). Seg\u00e9dpap Ny\u00e1r\u00e1dkar\u00e1csonyfalv\u00e1n (1834\u20131835), Kisbudakon (1852\u201365) (\u00e9s tal\u00e1n Radn\u00f3ton). Irod.: Imreh Barna; \u00d6tv\u00f6s J\u00f3zsef: Volt-e v\u00e1rtemplomi lelkip\u00e1sztor A. J. p\u00fcsp\u00f6k ? (\u00daj Kezdet, 11. sz., 2006. nov.); [&hellip;]<\/p>\n","protected":false},"featured_media":0,"comment_status":"open","ping_status":"closed","template":"","meta":[],"product_brand":[],"product_cat":[137],"product_tag":[],"class_list":{"0":"post-16465","1":"product","2":"type-product","3":"status-publish","5":"product_cat-maros-megyei-eletrajzi-lexikon","7":"first","8":"instock","9":"shipping-taxable","10":"product-type-simple"},"_links":{"self":[{"href":"https:\/\/uj.adatbank.ro\/lexikon\/wp-json\/wp\/v2\/product\/16465","targetHints":{"allow":["GET"]}}],"collection":[{"href":"https:\/\/uj.adatbank.ro\/lexikon\/wp-json\/wp\/v2\/product"}],"about":[{"href":"https:\/\/uj.adatbank.ro\/lexikon\/wp-json\/wp\/v2\/types\/product"}],"replies":[{"embeddable":true,"href":"https:\/\/uj.adatbank.ro\/lexikon\/wp-json\/wp\/v2\/comments?post=16465"}],"wp:attachment":[{"href":"https:\/\/uj.adatbank.ro\/lexikon\/wp-json\/wp\/v2\/media?parent=16465"}],"wp:term":[{"taxonomy":"product_brand","embeddable":true,"href":"https:\/\/uj.adatbank.ro\/lexikon\/wp-json\/wp\/v2\/product_brand?post=16465"},{"taxonomy":"product_cat","embeddable":true,"href":"https:\/\/uj.adatbank.ro\/lexikon\/wp-json\/wp\/v2\/product_cat?post=16465"},{"taxonomy":"product_tag","embeddable":true,"href":"https:\/\/uj.adatbank.ro\/lexikon\/wp-json\/wp\/v2\/product_tag?post=16465"}],"curies":[{"name":"wp","href":"https:\/\/api.w.org\/{rel}","templated":true}]}}