{"id":16466,"date":"2025-07-15T16:17:49","date_gmt":"2025-07-15T14:17:49","guid":{"rendered":"https:\/\/uj.adatbank.ro\/lexikon\/termek\/nagy-samuel-nagy-samu\/"},"modified":"2025-07-15T16:17:49","modified_gmt":"2025-07-15T14:17:49","slug":"nagy-samuel-nagy-samu","status":"publish","type":"product","link":"https:\/\/uj.adatbank.ro\/lexikon\/termek\/nagy-samuel-nagy-samu\/","title":{"rendered":"NAGY S\u00e1muel, Nagy Samu"},"content":{"rendered":"<p>? \u2020 ?: nyomd\u00e1sz, nyomdatulajdonos, szerkeszt\u0151. \u2013 Mv.-en alap\u00edtotta nyomd\u00e1j\u00e1t (1908\u201340). Szerkeszt\u00e9s\u00e9ben \u00e9s kiad\u00e1s\u00e1ban jelent meg Az Ellenz\u00e9k (1913\u201340), a lapot sportrovata miatt az ifj\u00fas\u00e1g nagyon kedvelte. A mv.-i Sz\u00ednh\u00e1zi \u00dajs\u00e1got nyomtatta (1917. 23. sz.\u2013). <br \/><strong>Irod.:<\/strong> F\u00fcl\u00f6p\u2013Ferencz; Id\u0151t\u00e1r 3; \u00d6kr\u00f6s; Pan\u0103; Popt\u0103ma\u015f\u2013M\u00f3zes<\/br><\/p>\n","protected":false},"excerpt":{"rendered":"<p>? \u2020 ?: nyomd\u00e1sz, nyomdatulajdonos, szerkeszt\u0151. \u2013 Mv.-en alap\u00edtotta nyomd\u00e1j\u00e1t (1908\u201340). Szerkeszt\u00e9s\u00e9ben \u00e9s kiad\u00e1s\u00e1ban jelent meg Az Ellenz\u00e9k (1913\u201340), a lapot sportrovata miatt az ifj\u00fas\u00e1g nagyon kedvelte. A mv.-i Sz\u00ednh\u00e1zi \u00dajs\u00e1got nyomtatta (1917. 23. sz.\u2013). Irod.: F\u00fcl\u00f6p\u2013Ferencz; Id\u0151t\u00e1r 3; \u00d6kr\u00f6s; Pan\u0103; Popt\u0103ma\u015f\u2013M\u00f3zes<\/p>\n","protected":false},"featured_media":0,"comment_status":"open","ping_status":"closed","template":"","meta":[],"product_brand":[],"product_cat":[137],"product_tag":[],"class_list":{"0":"post-16466","1":"product","2":"type-product","3":"status-publish","5":"product_cat-maros-megyei-eletrajzi-lexikon","7":"first","8":"instock","9":"shipping-taxable","10":"product-type-simple"},"_links":{"self":[{"href":"https:\/\/uj.adatbank.ro\/lexikon\/wp-json\/wp\/v2\/product\/16466","targetHints":{"allow":["GET"]}}],"collection":[{"href":"https:\/\/uj.adatbank.ro\/lexikon\/wp-json\/wp\/v2\/product"}],"about":[{"href":"https:\/\/uj.adatbank.ro\/lexikon\/wp-json\/wp\/v2\/types\/product"}],"replies":[{"embeddable":true,"href":"https:\/\/uj.adatbank.ro\/lexikon\/wp-json\/wp\/v2\/comments?post=16466"}],"wp:attachment":[{"href":"https:\/\/uj.adatbank.ro\/lexikon\/wp-json\/wp\/v2\/media?parent=16466"}],"wp:term":[{"taxonomy":"product_brand","embeddable":true,"href":"https:\/\/uj.adatbank.ro\/lexikon\/wp-json\/wp\/v2\/product_brand?post=16466"},{"taxonomy":"product_cat","embeddable":true,"href":"https:\/\/uj.adatbank.ro\/lexikon\/wp-json\/wp\/v2\/product_cat?post=16466"},{"taxonomy":"product_tag","embeddable":true,"href":"https:\/\/uj.adatbank.ro\/lexikon\/wp-json\/wp\/v2\/product_tag?post=16466"}],"curies":[{"name":"wp","href":"https:\/\/api.w.org\/{rel}","templated":true}]}}